{"id":3159,"date":"2021-11-08T10:46:28","date_gmt":"2021-11-08T09:46:28","guid":{"rendered":"https:\/\/antcube.shop\/produkt\/rosenblutenblatter-100g-getrocknet\/"},"modified":"2026-04-02T09:54:04","modified_gmt":"2026-04-02T07:54:04","slug":"rosenblutenblatter-100g-getrocknet","status":"publish","type":"product","link":"https:\/\/antcube.shop\/sl\/izdelek\/rosenblutenblatter-100g-getrocknet\/","title":{"rendered":"Okrasni listi\u010di vrtnic 100 g - posu\u0161eni"},"content":{"rendered":"<p><strong>Vsebina:<\/strong><br \/>\n100 g posu\u0161enih cvetnih listov vrtnic<\/p>\n<p><strong>Opis:<\/strong><br \/>\nOkrasni listi vrtnic kot goji\u0161\u010de za vrste mravelj, ki se razmno\u017eujejo z glivami. Gre za povsem naraven izdelek.<\/p>\n<p><strong>Uporaba:<\/strong><br \/>\nRo\u017eni cvetni listi = za vrste mravelj, ki gojijo glive.<br \/>\nSuhi cvetni listi so le goji\u0161\u010de za glivice mravelj (priporo\u010dljivo je, da hkrati ponudite sve\u017ee liste kot vla\u017eilno sredstvo).<br \/>\nOkrasne listi\u010de, ki jih \u017eelite hraniti, preprosto polo\u017eite v komoro za suho hrano.<\/p>\n<p><strong>Shranjevanje:<\/strong><br \/>\nV suhem okolju<\/p>\n<p><strong>Vsebuje:<\/strong><br \/>\n100% posu\u0161eni cvetni listi vrtnic<\/p>","protected":false},"excerpt":{"rendered":"<p>Vsebina: Opis: 100 g posu\u0161enih cvetnih listov vrtnic: Su\u0161eni cvetni listi vrtnic kot goji\u0161\u010de za vrste mravelj, ki se razmno\u017eujejo z glivami. Gre za povsem naraven proizvod. Uporaba: Ro\u017eni cvetni listi = za vrste mravelj, ki se razmno\u017eujejo z glivami. Suhi cvetni listi\u010di slu\u017eijo le kot goji\u0161\u010de za glive za mravlje listavce (hkrati ponujajo sve\u017ee liste kot vla\u017eilno sredstvo).","protected":false},"featured_media":5485,"comment_status":"open","ping_status":"closed","template":"","meta":{"_acf_changed":false,"content-type":"","_monsterinsights_skip_tracking":false,"_monsterinsights_sitenote_active":false,"_monsterinsights_sitenote_note":"","_monsterinsights_sitenote_category":0},"product_brand":[],"product_cat":[115,116],"product_tag":[],"class_list":{"0":"post-3159","1":"product","2":"type-product","3":"status-publish","4":"has-post-thumbnail","6":"product_cat-food-and-feeding","7":"product_cat-food","9":"first","10":"instock","11":"taxable","12":"shipping-taxable","13":"purchasable","14":"product-type-simple"},"acf":[],"aioseo_notices":[],"jetpack_sharing_enabled":true,"_links":{"self":[{"href":"https:\/\/antcube.shop\/sl\/wp-json\/wp\/v2\/product\/3159","targetHints":{"allow":["GET"]}}],"collection":[{"href":"https:\/\/antcube.shop\/sl\/wp-json\/wp\/v2\/product"}],"about":[{"href":"https:\/\/antcube.shop\/sl\/wp-json\/wp\/v2\/types\/product"}],"replies":[{"embeddable":true,"href":"https:\/\/antcube.shop\/sl\/wp-json\/wp\/v2\/comments?post=3159"}],"wp:featuredmedia":[{"embeddable":true,"href":"https:\/\/antcube.shop\/sl\/wp-json\/wp\/v2\/media\/5485"}],"wp:attachment":[{"href":"https:\/\/antcube.shop\/sl\/wp-json\/wp\/v2\/media?parent=3159"}],"wp:term":[{"taxonomy":"product_brand","embeddable":true,"href":"https:\/\/antcube.shop\/sl\/wp-json\/wp\/v2\/product_brand?post=3159"},{"taxonomy":"product_cat","embeddable":true,"href":"https:\/\/antcube.shop\/sl\/wp-json\/wp\/v2\/product_cat?post=3159"},{"taxonomy":"product_tag","embeddable":true,"href":"https:\/\/antcube.shop\/sl\/wp-json\/wp\/v2\/product_tag?post=3159"}],"curies":[{"name":"wp","href":"https:\/\/api.w.org\/{rel}","templated":true}]}}