{"id":3158,"date":"2021-11-08T10:46:20","date_gmt":"2021-11-08T09:46:20","guid":{"rendered":"https:\/\/antcube.shop\/produkt\/zuckerlosung-in-2ml-futterrohrchen-10-st\/"},"modified":"2026-04-10T17:09:09","modified_gmt":"2026-04-10T15:09:09","slug":"zuckerlosung-in-2ml-futterrohrchen-10-st","status":"publish","type":"product","link":"https:\/\/antcube.shop\/sl\/izdelek\/zuckerlosung-in-2ml-futterrohrchen-10-st\/","title":{"rendered":"Sladkorna raztopina v 2ml epruveti za hranjenje - 10 kosov."},"content":{"rendered":"<p><strong>Vsebina:<\/strong> 10x 2ml<\/p>\n<p><strong>Opis:<\/strong> Sladkorna raztopina je dopolnilna krma k drugi krmi.<\/p>\n<p><strong>Uporaba:<\/strong><br \/>\nRaztopina sladkorja = za vrste mravelj, ki jedo sladkor.<br \/>\nJe dopolnilna krma (enkratna krma)<br \/>\n\u017divalim ga lahko ponudite v dostavljenem stanju. Uporablja se lahko, dokler se sladkor ne posu\u0161i. Pred ponovno uporabo temeljito o\u010distite posodo za hranjenje\/teko\u010dinko.<br \/>\nOdprto embala\u017eo lahko uporabljate tesno zaprto do navedenega datuma uporabnosti.<\/p>\n<p><strong>Vsebuje:<\/strong><br \/>\nInverzni sladkor 55%<br \/>\nSaharoza 45%<\/p>\n<p><strong>Shranjevanje:<\/strong> da bi zagotovili kakovost krme, jo je treba hraniti v temnem in suhem prostoru.<\/p>\n<p><strong>Obvestilo:<\/strong><br \/>\nInformacije o uporabi hranilnih cevi so na voljo tukaj: Povezava: .<br \/>\nSestavo, analiti\u010dne sestavine, datum uporabnosti in \u0161tevilko serije najdete v navodilih za uporabo.<\/p>\n<p>Informacijska telefonska \u0161tevilka +49 30 439703870<\/p>\n<p>Pristojni veterinarski in \u017eivilski nadzorni organ:<br \/>\nVeterinarski urad Steglitz<br \/>\nK\u00f6nigin-Luise-Str. 92<br \/>\n14195 Berlin<\/p>","protected":false},"excerpt":{"rendered":"<p>Dodatna hrana<\/p>","protected":false},"featured_media":3147,"comment_status":"open","ping_status":"closed","template":"","meta":{"_acf_changed":false,"content-type":"","_monsterinsights_skip_tracking":false,"_monsterinsights_sitenote_active":false,"_monsterinsights_sitenote_note":"","_monsterinsights_sitenote_category":0},"product_brand":[],"product_cat":[115,116],"product_tag":[],"class_list":{"0":"post-3158","1":"product","2":"type-product","3":"status-publish","4":"has-post-thumbnail","6":"product_cat-food-and-feeding","7":"product_cat-food","9":"first","10":"instock","11":"taxable","12":"shipping-taxable","13":"purchasable","14":"product-type-simple"},"acf":[],"aioseo_notices":[],"jetpack_sharing_enabled":true,"_links":{"self":[{"href":"https:\/\/antcube.shop\/sl\/wp-json\/wp\/v2\/product\/3158","targetHints":{"allow":["GET"]}}],"collection":[{"href":"https:\/\/antcube.shop\/sl\/wp-json\/wp\/v2\/product"}],"about":[{"href":"https:\/\/antcube.shop\/sl\/wp-json\/wp\/v2\/types\/product"}],"replies":[{"embeddable":true,"href":"https:\/\/antcube.shop\/sl\/wp-json\/wp\/v2\/comments?post=3158"}],"wp:featuredmedia":[{"embeddable":true,"href":"https:\/\/antcube.shop\/sl\/wp-json\/wp\/v2\/media\/3147"}],"wp:attachment":[{"href":"https:\/\/antcube.shop\/sl\/wp-json\/wp\/v2\/media?parent=3158"}],"wp:term":[{"taxonomy":"product_brand","embeddable":true,"href":"https:\/\/antcube.shop\/sl\/wp-json\/wp\/v2\/product_brand?post=3158"},{"taxonomy":"product_cat","embeddable":true,"href":"https:\/\/antcube.shop\/sl\/wp-json\/wp\/v2\/product_cat?post=3158"},{"taxonomy":"product_tag","embeddable":true,"href":"https:\/\/antcube.shop\/sl\/wp-json\/wp\/v2\/product_tag?post=3158"}],"curies":[{"name":"wp","href":"https:\/\/api.w.org\/{rel}","templated":true}]}}