{"id":3153,"date":"2021-11-08T10:45:48","date_gmt":"2021-11-08T09:45:48","guid":{"rendered":"https:\/\/antcube.shop\/produkt\/antcube-digfix-platte-20x20-xl\/"},"modified":"2026-03-06T14:52:51","modified_gmt":"2026-03-06T13:52:51","slug":"antcube-digfix-platte-20x20-xl","status":"publish","type":"product","link":"https:\/\/antcube.shop\/sl\/izdelek\/antcube-digfix-platte-20x20-xl\/","title":{"rendered":"ANTCUBE - Digfix plo\u0161\u010da 20\u00d720 - XL"},"content":{"rendered":"<p><strong>Dimenzije:<\/strong> 184x130x50 mm (toleranca182-185 mm)<\/p>\n<p><strong>Material:<\/strong> Digfix<\/p>\n<p><strong>Opis:<\/strong> Plo\u0161\u010da Digfix je izdelana iz materiala, ki ga je mogo\u010de kopati, in se odli\u010dno prilega na\u0161im mravlji\u0161\u010dem ANTCUBE. Uporablja se lahko tako na suhem kot na mokrem. Primerna je tudi za \u0161tevilne vrste mravelj, zlasti za tiste, ki gnezdijo v pesku in (odmrlem) lesu. Uporablja se lahko namesto me\u0161anic peska in gline ali vlo\u017ekov za gnezda iz plute ali mavca. Velika prednost pred plutovinastimi gnezdi je, da Digfix ne plesni, tudi \u010de je moker. To pomeni, da lahko vrste mravelj, ki imajo visoke zahteve po vlagi, brez te\u017eav oskrbimo z zadostno koli\u010dino vode. Digfix ima tudi to prednost, da vrste mravelj pri kopanju ne uma\u017eejo steklenih stekel svojega gnezda z zemljo, kar omogo\u010da popoln pogled v gnezdo.<\/p>\n<p><strong>Opomba:<\/strong> Naravni barvni odtenek je lahko od zelenkasto\/sivo rjave do zemeljsko rjave barve. Odtenek ne vpliva na kakovost.<br \/>\nZaradi izdelave se lahko mere razlikujejo +\/- 1 mm<\/p>","protected":false},"excerpt":{"rendered":"<p>Velikost: <span style=\"color: #ff0000;\"><strong>XL<\/strong><\/span><\/p>","protected":false},"featured_media":3950,"comment_status":"open","ping_status":"closed","template":"","meta":{"_acf_changed":false,"content-type":"","_monsterinsights_skip_tracking":false,"_monsterinsights_sitenote_active":false,"_monsterinsights_sitenote_note":"","_monsterinsights_sitenote_category":0},"product_brand":[],"product_cat":[87,88],"product_tag":[],"class_list":{"0":"post-3153","1":"product","2":"type-product","3":"status-publish","4":"has-post-thumbnail","6":"product_cat-nest-insets","7":"product_cat-digfix","9":"first","10":"instock","11":"taxable","12":"shipping-taxable","13":"purchasable","14":"product-type-simple"},"acf":[],"aioseo_notices":[],"jetpack_sharing_enabled":true,"_links":{"self":[{"href":"https:\/\/antcube.shop\/sl\/wp-json\/wp\/v2\/product\/3153","targetHints":{"allow":["GET"]}}],"collection":[{"href":"https:\/\/antcube.shop\/sl\/wp-json\/wp\/v2\/product"}],"about":[{"href":"https:\/\/antcube.shop\/sl\/wp-json\/wp\/v2\/types\/product"}],"replies":[{"embeddable":true,"href":"https:\/\/antcube.shop\/sl\/wp-json\/wp\/v2\/comments?post=3153"}],"wp:featuredmedia":[{"embeddable":true,"href":"https:\/\/antcube.shop\/sl\/wp-json\/wp\/v2\/media\/3950"}],"wp:attachment":[{"href":"https:\/\/antcube.shop\/sl\/wp-json\/wp\/v2\/media?parent=3153"}],"wp:term":[{"taxonomy":"product_brand","embeddable":true,"href":"https:\/\/antcube.shop\/sl\/wp-json\/wp\/v2\/product_brand?post=3153"},{"taxonomy":"product_cat","embeddable":true,"href":"https:\/\/antcube.shop\/sl\/wp-json\/wp\/v2\/product_cat?post=3153"},{"taxonomy":"product_tag","embeddable":true,"href":"https:\/\/antcube.shop\/sl\/wp-json\/wp\/v2\/product_tag?post=3153"}],"curies":[{"name":"wp","href":"https:\/\/api.w.org\/{rel}","templated":true}]}}