{"id":2871,"date":"2021-10-13T18:46:51","date_gmt":"2021-10-13T16:46:51","guid":{"rendered":"https:\/\/antcube.shop\/produkt\/beckenverbinder-b-27-und-s-10-16-mm-m25-set\/"},"modified":"2026-04-24T09:50:18","modified_gmt":"2026-04-24T07:50:18","slug":"beckenverbinder-b-27-und-s-10-16-mm-m25-set","status":"publish","type":"product","link":"https:\/\/antcube.shop\/sl\/izdelek\/beckenverbinder-b-27-und-s-10-16-mm-m25-set\/","title":{"rendered":"Priklju\u010dek za umivalnik B-27 in S-10-16 mm M25 - komplet"},"content":{"rendered":"<p><strong>Dimenzije:<\/strong> za izvrtino 27 in cev 10-16 mm<\/p>\n<p><strong>Vsebina:<\/strong><br \/>\n1x vija\u010dni adapter<br \/>\n1x zaklepna matica<\/p>\n<p><strong>Opis:<\/strong> Ta priklju\u010dek za bazen se vstavi skozi luknjo in privije s prilo\u017eeno zaklepno matico. To zagotavlja, da je priklju\u010dek varen pred prelomom in se varno dr\u017ei tudi pri premikanju umivalnikov. Na drugem koncu se vstavi ustrezna cev.<\/p>","protected":false},"excerpt":{"rendered":"<p>Dimenzije: za izvrtino 27 in cev 10-16 mm\r\n\r\nVsebina:\r\n1x vija\u010dni nastavek\r\n1x zaklepna matica\r\n\r\nOpis: Ta priklju\u010dek za umivalnik se vstavi skozi luknjo in privije s prilo\u017eeno zaklepno matico. To zagotavlja, da je priklju\u010dek odporen proti prekinitvi in se varno dr\u017ei tudi pri premikanju umivalnikov. Na drugem koncu se vstavi ustrezna cev.<\/p>","protected":false},"featured_media":2991,"comment_status":"open","ping_status":"closed","template":"","meta":{"_acf_changed":false,"content-type":"","_monsterinsights_skip_tracking":false,"_monsterinsights_sitenote_active":false,"_monsterinsights_sitenote_note":"","_monsterinsights_sitenote_category":0},"product_brand":[],"product_cat":[121],"product_tag":[],"class_list":{"0":"post-2871","1":"product","2":"type-product","3":"status-publish","4":"has-post-thumbnail","6":"product_cat-connectors","8":"first","9":"instock","10":"taxable","11":"shipping-taxable","12":"purchasable","13":"product-type-simple"},"acf":[],"aioseo_notices":[],"jetpack_sharing_enabled":true,"_links":{"self":[{"href":"https:\/\/antcube.shop\/sl\/wp-json\/wp\/v2\/product\/2871","targetHints":{"allow":["GET"]}}],"collection":[{"href":"https:\/\/antcube.shop\/sl\/wp-json\/wp\/v2\/product"}],"about":[{"href":"https:\/\/antcube.shop\/sl\/wp-json\/wp\/v2\/types\/product"}],"replies":[{"embeddable":true,"href":"https:\/\/antcube.shop\/sl\/wp-json\/wp\/v2\/comments?post=2871"}],"wp:featuredmedia":[{"embeddable":true,"href":"https:\/\/antcube.shop\/sl\/wp-json\/wp\/v2\/media\/2991"}],"wp:attachment":[{"href":"https:\/\/antcube.shop\/sl\/wp-json\/wp\/v2\/media?parent=2871"}],"wp:term":[{"taxonomy":"product_brand","embeddable":true,"href":"https:\/\/antcube.shop\/sl\/wp-json\/wp\/v2\/product_brand?post=2871"},{"taxonomy":"product_cat","embeddable":true,"href":"https:\/\/antcube.shop\/sl\/wp-json\/wp\/v2\/product_cat?post=2871"},{"taxonomy":"product_tag","embeddable":true,"href":"https:\/\/antcube.shop\/sl\/wp-json\/wp\/v2\/product_tag?post=2871"}],"curies":[{"name":"wp","href":"https:\/\/api.w.org\/{rel}","templated":true}]}}