{"id":2870,"date":"2021-10-13T18:46:41","date_gmt":"2021-10-13T16:46:41","guid":{"rendered":"https:\/\/antcube.shop\/produkt\/formicarienunterlage-20x20cm\/"},"modified":"2026-04-10T18:11:20","modified_gmt":"2026-04-10T16:11:20","slug":"formicarienunterlage-20x20cm","status":"publish","type":"product","link":"https:\/\/antcube.shop\/sl\/izdelek\/formicarienunterlage-20x20cm\/","title":{"rendered":"Blazinica za formikarij - 20x20cm"},"content":{"rendered":"<p><strong>Dimenzije:<\/strong> 200 x 200 x 4 mm<\/p>\n<p><strong>Material:<\/strong> PE pena<\/p>\n<p><strong>Barva:<\/strong> siva<\/p>\n<p><strong>Vsebina:<\/strong> 1 kos.<\/p>\n<p><strong>Opis:<\/strong><br \/>\nPodloga za formikarij je izdelana iz mehke pene.<br \/>\nPred praskami \u0161\u010diti formikarij in pohi\u0161tvo, na katerem stoji formikarij.<br \/>\nPoleg tega slu\u017ei kot toplotna izolacija za izravnavo najmanj\u0161ih neravnin in \u0161\u010diti pred vibracijami.<\/p>","protected":false},"excerpt":{"rendered":"<p>Dimenzije: Material: 400 x 200 x 4 mm: PE pena Barva: siva Vsebina: Vsebina: 1 kos. Opis: Podloga za formikarij je izdelana iz mehke pene. Pred praskami \u0161\u010diti formikarij in pohi\u0161tvo, na katerem formikarij stoji. Poleg tega blazinica slu\u017ei kot toplotna izolacija za izravnavo","protected":false},"featured_media":313,"comment_status":"open","ping_status":"closed","template":"","meta":{"_acf_changed":false,"content-type":"","_monsterinsights_skip_tracking":false,"_monsterinsights_sitenote_active":false,"_monsterinsights_sitenote_note":"","_monsterinsights_sitenote_category":0},"product_brand":[],"product_cat":[119,239],"product_tag":[],"class_list":{"0":"post-2870","1":"product","2":"type-product","3":"status-publish","4":"has-post-thumbnail","6":"product_cat-formicarium-components","7":"product_cat-useful-additions","9":"first","10":"instock","11":"taxable","12":"shipping-taxable","13":"purchasable","14":"product-type-simple"},"acf":[],"aioseo_notices":[],"jetpack_sharing_enabled":true,"_links":{"self":[{"href":"https:\/\/antcube.shop\/sl\/wp-json\/wp\/v2\/product\/2870","targetHints":{"allow":["GET"]}}],"collection":[{"href":"https:\/\/antcube.shop\/sl\/wp-json\/wp\/v2\/product"}],"about":[{"href":"https:\/\/antcube.shop\/sl\/wp-json\/wp\/v2\/types\/product"}],"replies":[{"embeddable":true,"href":"https:\/\/antcube.shop\/sl\/wp-json\/wp\/v2\/comments?post=2870"}],"wp:featuredmedia":[{"embeddable":true,"href":"https:\/\/antcube.shop\/sl\/wp-json\/wp\/v2\/media\/313"}],"wp:attachment":[{"href":"https:\/\/antcube.shop\/sl\/wp-json\/wp\/v2\/media?parent=2870"}],"wp:term":[{"taxonomy":"product_brand","embeddable":true,"href":"https:\/\/antcube.shop\/sl\/wp-json\/wp\/v2\/product_brand?post=2870"},{"taxonomy":"product_cat","embeddable":true,"href":"https:\/\/antcube.shop\/sl\/wp-json\/wp\/v2\/product_cat?post=2870"},{"taxonomy":"product_tag","embeddable":true,"href":"https:\/\/antcube.shop\/sl\/wp-json\/wp\/v2\/product_tag?post=2870"}],"curies":[{"name":"wp","href":"https:\/\/api.w.org\/{rel}","templated":true}]}}