{"id":2869,"date":"2021-10-13T18:46:31","date_gmt":"2021-10-13T16:46:31","guid":{"rendered":"https:\/\/antcube.shop\/produkt\/antcube-gipsnest-20x20-liegend\/"},"modified":"2026-04-14T09:34:55","modified_gmt":"2026-04-14T07:34:55","slug":"antcube-gipsnest-20x20-liegend","status":"publish","type":"product","link":"https:\/\/antcube.shop\/sl\/izdelek\/antcube-gipsnest-20x20-liegend\/","title":{"rendered":"ANTCUBE - mav\u010dno gnezdo 20\u00d720 - le\u017ee\u010de"},"content":{"rendered":"<p><strong>Dimenzije:<\/strong><br \/>\n<strong>Gnezdo iz mavca: <\/strong>190 x 190 x 20 mm<br \/>\n<strong>Stekleni pokrov:<\/strong> 179 x 179 x 4 mm<\/p>\n<p><strong>Material:<\/strong> Omet<\/p>\n<p><strong>Vsebina:<\/strong><br \/>\n1x mav\u010dno gnezdo 20\u00d720 z dvema priklju\u010dnima vti\u010dnicama M 10\/08<br \/>\n1x stekleni pokrov s 50 mm luknjo<br \/>\n1x akril - obro\u010d 50 mm za 27 mm luknjo<br \/>\n1x podstavek za formikarij 20\u00d720<br \/>\n2x mre\u017easti pokrov\u010dek - 10 mm - nerjave\u010de jeklo<br \/>\n1x mre\u017eni vlo\u017eek - 27 mm - nerjave\u010de jeklo<\/p>\n<p><strong>Opis:<\/strong> Na\u0161e mav\u010dno gnezdo z vnaprej pripravljenimi prehodi in komorami je primerno za \u0161tevilne vrste mravelj, zlasti za vrste, ki gradijo gnezda na zelo pe\u0161\u010denih ali kamnitih tleh. Ima dve priklju\u010dni vti\u010dnici za dostop do gnezda. Omet ima lastnost vpijanja vode, zato se v njem zadr\u017euje dolo\u010dena koli\u010dina vlage. Kljub temu gnezda iz mavca ne smemo uporabljati trajno vla\u017enega, saj lahko sicer pride do plesni (zaradi ostankov hrane ali izlo\u010dkov mravelj). Zato je treba, \u010de je le mogo\u010de, v njem gojiti vrste iz precej suhih obmo\u010dij. To so na primer vrste iz sredozemskih ali pu\u0161\u010davskih obmo\u010dij.<\/p>\n<p><strong>Opomba:<\/strong> Zaradi konstrukcije niso primerne za zelo majhne vrste (npr.: vrste Pheidole, vrste Temnothorax), vrzeli so lahko od 0,3 do 0,5 mm.<\/p>\n<p>Opomba o priklju\u010dnih vti\u010dnicah<br \/>\nPri pritrjevanju ali odpenjanju cevi upo\u0161tevajte naslednje:<br \/>\n\u010ce se cevke zelo te\u017eko namestijo na pu\u0161e priklju\u010dka, jih je treba rahlo podrgniti s kapljico na\u0161ega olja ali pra\u0161ka za za\u0161\u010dito pred zlomom. Nato je treba cev potisniti na pu\u0161e z vrtenjem ali vija\u010denjem, ne da bi pu\u0161o obremenjevali z gibi navzgor in navzdol. Enako velja za odstranjevanje cevi s priklju\u010dne pu\u0161e. Ne odtrgajte je kar tako!<\/p>\n<p>&nbsp;<\/p>\n<p>&nbsp;<\/p>","protected":false},"excerpt":{"rendered":"<p>Dimenzije: Stekleni pokrov: 190 x 190 x 20 mm: 179 x 179 x 4 mm Material: Vsebina: 1x mav\u010dno gnezdo 20\u00d720 z dvema priklju\u010dnima vti\u010dnicama M 10\/08 1x stekleni pokrov z odprtino 50 mm 1x akril - obro\u010d 50 mm za odprtino 27 mm 1x podstavek za formikarij 20\u00d720 2x mre\u017easta kapa - 10 mm - nerjave\u010de jeklo 1x [...]","protected":false},"featured_media":3194,"comment_status":"open","ping_status":"closed","template":"","meta":{"_acf_changed":false,"content-type":"","_monsterinsights_skip_tracking":false,"_monsterinsights_sitenote_active":false,"_monsterinsights_sitenote_note":"","_monsterinsights_sitenote_category":0},"product_brand":[],"product_cat":[80,86],"product_tag":[],"class_list":{"0":"post-2869","1":"product","2":"type-product","3":"status-publish","4":"has-post-thumbnail","6":"product_cat-antfarms","7":"product_cat-formicariums","9":"first","10":"instock","11":"taxable","12":"shipping-taxable","13":"purchasable","14":"product-type-simple"},"acf":[],"aioseo_notices":[],"jetpack_sharing_enabled":true,"_links":{"self":[{"href":"https:\/\/antcube.shop\/sl\/wp-json\/wp\/v2\/product\/2869","targetHints":{"allow":["GET"]}}],"collection":[{"href":"https:\/\/antcube.shop\/sl\/wp-json\/wp\/v2\/product"}],"about":[{"href":"https:\/\/antcube.shop\/sl\/wp-json\/wp\/v2\/types\/product"}],"replies":[{"embeddable":true,"href":"https:\/\/antcube.shop\/sl\/wp-json\/wp\/v2\/comments?post=2869"}],"wp:featuredmedia":[{"embeddable":true,"href":"https:\/\/antcube.shop\/sl\/wp-json\/wp\/v2\/media\/3194"}],"wp:attachment":[{"href":"https:\/\/antcube.shop\/sl\/wp-json\/wp\/v2\/media?parent=2869"}],"wp:term":[{"taxonomy":"product_brand","embeddable":true,"href":"https:\/\/antcube.shop\/sl\/wp-json\/wp\/v2\/product_brand?post=2869"},{"taxonomy":"product_cat","embeddable":true,"href":"https:\/\/antcube.shop\/sl\/wp-json\/wp\/v2\/product_cat?post=2869"},{"taxonomy":"product_tag","embeddable":true,"href":"https:\/\/antcube.shop\/sl\/wp-json\/wp\/v2\/product_tag?post=2869"}],"curies":[{"name":"wp","href":"https:\/\/api.w.org\/{rel}","templated":true}]}}