{"id":2868,"date":"2021-10-13T18:43:30","date_gmt":"2021-10-13T16:43:30","guid":{"rendered":"https:\/\/antcube.shop\/produkt\/antcube-gipsnest-20x20-stehend\/"},"modified":"2026-04-05T22:20:14","modified_gmt":"2026-04-05T20:20:14","slug":"antcube-gipsnest-20x20-stehend","status":"publish","type":"product","link":"https:\/\/antcube.shop\/sl\/izdelek\/antcube-gipsnest-20x20-stehend\/","title":{"rendered":"ANTCUBE - Gipsasta gnezda 20\u00d720 - stoje\u010da"},"content":{"rendered":"<p><strong>Dimenzije:<\/strong> 182 x 159 x 19,5 mm<\/p>\n<p><strong>Material:<\/strong> Gips\/ mavec<\/p>\n<p>Primerno samo za velikost na\u0161ih mravlji\u0161\u010d <strong>L<\/strong><\/p>\n<p><strong>Opis:<\/strong> Na\u0161e mav\u010dno gnezdo z vnaprej pripravljenimi prehodi in komorami je primerno za \u0161tevilne vrste mravelj, zlasti za vrste, ki gradijo gnezda na zelo pe\u0161\u010denih ali kamnitih tleh. Ima luknjo za dostop do gnezda. Omet ima lastnost vpijanja vode, zato se v njem zadr\u017euje dolo\u010dena koli\u010dina vlage. Kljub temu gnezda iz mavca ne smemo uporabljati trajno vla\u017enega, saj lahko sicer pride do plesni (zaradi ostankov hrane ali izlo\u010dkov mravelj). Zato je treba, \u010de je le mogo\u010de, v njem gojiti vrste iz precej suhih obmo\u010dij. To so na primer vrste iz sredozemskih ali pu\u0161\u010davskih obmo\u010dij.<\/p>\n<p>&nbsp;<\/p>","protected":false},"excerpt":{"rendered":"<p>Primerno samo za velikost na\u0161ih mravlji\u0161\u010d <strong>L<\/strong><\/p>","protected":false},"featured_media":351,"comment_status":"open","ping_status":"closed","template":"","meta":{"_acf_changed":false,"content-type":"","_monsterinsights_skip_tracking":false,"_monsterinsights_sitenote_active":false,"_monsterinsights_sitenote_note":"","_monsterinsights_sitenote_category":0},"product_brand":[],"product_cat":[87,90],"product_tag":[],"class_list":{"0":"post-2868","1":"product","2":"type-product","3":"status-publish","4":"has-post-thumbnail","6":"product_cat-nest-insets","7":"product_cat-gypsum","9":"first","10":"instock","11":"taxable","12":"shipping-taxable","13":"purchasable","14":"product-type-simple"},"acf":[],"aioseo_notices":[],"jetpack_sharing_enabled":true,"_links":{"self":[{"href":"https:\/\/antcube.shop\/sl\/wp-json\/wp\/v2\/product\/2868","targetHints":{"allow":["GET"]}}],"collection":[{"href":"https:\/\/antcube.shop\/sl\/wp-json\/wp\/v2\/product"}],"about":[{"href":"https:\/\/antcube.shop\/sl\/wp-json\/wp\/v2\/types\/product"}],"replies":[{"embeddable":true,"href":"https:\/\/antcube.shop\/sl\/wp-json\/wp\/v2\/comments?post=2868"}],"wp:featuredmedia":[{"embeddable":true,"href":"https:\/\/antcube.shop\/sl\/wp-json\/wp\/v2\/media\/351"}],"wp:attachment":[{"href":"https:\/\/antcube.shop\/sl\/wp-json\/wp\/v2\/media?parent=2868"}],"wp:term":[{"taxonomy":"product_brand","embeddable":true,"href":"https:\/\/antcube.shop\/sl\/wp-json\/wp\/v2\/product_brand?post=2868"},{"taxonomy":"product_cat","embeddable":true,"href":"https:\/\/antcube.shop\/sl\/wp-json\/wp\/v2\/product_cat?post=2868"},{"taxonomy":"product_tag","embeddable":true,"href":"https:\/\/antcube.shop\/sl\/wp-json\/wp\/v2\/product_tag?post=2868"}],"curies":[{"name":"wp","href":"https:\/\/api.w.org\/{rel}","templated":true}]}}