{"id":2859,"date":"2021-10-13T18:41:44","date_gmt":"2021-10-13T16:41:44","guid":{"rendered":"https:\/\/antcube.shop\/produkt\/tranke-klar-20ml-schwamm\/"},"modified":"2026-04-30T21:58:22","modified_gmt":"2026-04-30T19:58:22","slug":"tranke-klar-20ml-schwamm","status":"publish","type":"product","link":"https:\/\/antcube.shop\/sl\/izdelek\/tranke-klar-20ml-schwamm\/","title":{"rendered":"Pitnik prozoren 20ml - goba"},"content":{"rendered":"<p><strong>Dimenzije:<\/strong> 40x50x68 mm, 20 ml<\/p>\n<p><strong>Vsebina:<\/strong><br \/>\n1x podstavek s 4x 3 mm odprtinami in integrirano gobo.<br \/>\n1x rezervoar za vodo 62x22mm (20ml)<br \/>\n1x goba 30 mm<\/p>\n<p><strong>Material:<\/strong> PS, PMMA, pena (zelo fino porozna in vpojna)<\/p>\n<p><strong>Opis:<\/strong> Tako si lahko mravlje v formikariju zagotovijo dovolj vlage. Idealno tudi za po\u010ditni\u0161ko sezono. 20-mililitrski rezervoar za vodo se lahko vstavi v nogo (Pozor: Ne vstavljajte rezervoarja do konca, ampak le do ravni gobice, da ne prekinete dovoda vode). Goba z ve\u010djim premerom od prilo\u017eenega rezervoarja omogo\u010da pronicanje vlage v podno\u017eje. \u0160tiri drobne 18-milimetrske odprtine v podstavku, ki so name\u0161\u010dene v vse \u0161tiri svetovne strani, omogo\u010dajo hranjenje kolonij z velikim \u0161tevilom \u017eivali. Z odstranjevanjem pene si \u017eivali zagotovijo zadostno zalogo teko\u010dine.<\/p>\n<p><strong>Barve:<\/strong> kristalno \u010dista, siva<\/p>\n<p>&nbsp;<\/p>","protected":false},"excerpt":{"rendered":"<p><strong>Dimenzije:<\/strong> 40x50x68 mm, 20 ml<\/p>","protected":false},"featured_media":3004,"comment_status":"open","ping_status":"closed","template":"","meta":{"_acf_changed":false,"content-type":"","_monsterinsights_skip_tracking":false,"_monsterinsights_sitenote_active":false,"_monsterinsights_sitenote_note":"","_monsterinsights_sitenote_category":0},"product_brand":[],"product_cat":[115,117],"product_tag":[],"class_list":{"0":"post-2859","1":"product","2":"type-product","3":"status-publish","4":"has-post-thumbnail","6":"product_cat-food-and-feeding","7":"product_cat-drinkers-for-ants","9":"first","10":"instock","11":"taxable","12":"shipping-taxable","13":"purchasable","14":"product-type-simple"},"acf":[],"aioseo_notices":[],"jetpack_sharing_enabled":true,"_links":{"self":[{"href":"https:\/\/antcube.shop\/sl\/wp-json\/wp\/v2\/product\/2859","targetHints":{"allow":["GET"]}}],"collection":[{"href":"https:\/\/antcube.shop\/sl\/wp-json\/wp\/v2\/product"}],"about":[{"href":"https:\/\/antcube.shop\/sl\/wp-json\/wp\/v2\/types\/product"}],"replies":[{"embeddable":true,"href":"https:\/\/antcube.shop\/sl\/wp-json\/wp\/v2\/comments?post=2859"}],"wp:featuredmedia":[{"embeddable":true,"href":"https:\/\/antcube.shop\/sl\/wp-json\/wp\/v2\/media\/3004"}],"wp:attachment":[{"href":"https:\/\/antcube.shop\/sl\/wp-json\/wp\/v2\/media?parent=2859"}],"wp:term":[{"taxonomy":"product_brand","embeddable":true,"href":"https:\/\/antcube.shop\/sl\/wp-json\/wp\/v2\/product_brand?post=2859"},{"taxonomy":"product_cat","embeddable":true,"href":"https:\/\/antcube.shop\/sl\/wp-json\/wp\/v2\/product_cat?post=2859"},{"taxonomy":"product_tag","embeddable":true,"href":"https:\/\/antcube.shop\/sl\/wp-json\/wp\/v2\/product_tag?post=2859"}],"curies":[{"name":"wp","href":"https:\/\/api.w.org\/{rel}","templated":true}]}}