{"id":2853,"date":"2021-10-13T18:40:45","date_gmt":"2021-10-13T16:40:45","guid":{"rendered":"https:\/\/antcube.shop\/produkt\/gittereinsatz-50mm-edelstahl\/"},"modified":"2026-04-04T11:44:15","modified_gmt":"2026-04-04T09:44:15","slug":"gittereinsatz-50mm-edelstahl","status":"publish","type":"product","link":"https:\/\/antcube.shop\/sl\/izdelek\/gittereinsatz-50mm-edelstahl\/","title":{"rendered":"Mre\u017eni vlo\u017eek - 50 mm - iz nerjave\u010dega jekla"},"content":{"rendered":"<p><strong>Koli\u010dina:<\/strong> 1 kos<\/p>\n<p><strong>Dimenzije:<\/strong> 50 mm (notranji premer), 56 \u00d7 4 mm (zunanje mere)<\/p>\n<p><strong>Barva:<\/strong> prozorno<\/p>\n<p><strong>Material:<\/strong> nerjave\u010de jeklo, akrilno steklo<\/p>\n<p><strong>Opis:<\/strong><br \/>\nTa mre\u017eni vlo\u017eek z zelo fino mre\u017eico iz nerjavnega jekla (0,2 mm) se lahko vstavi v 50 mm luknje in zagotavlja dobro prezra\u010devanje formikarija, ne da bi se mravlje lahko izmuznile.<br \/>\nV primeru bo\u010dne pritrditve priporo\u010damo dodatno pritrditev z lepili, ki so na voljo na trgu, da se prepre\u010di izpadanje zaradi morebitnih udarcev.<\/p>\n<p><strong>Opomba:<\/strong> Primerno tudi za zelo mo\u010dne vrste grizljajev, kot so mravlje listavci!<\/p>\n<p>&nbsp;<\/p>","protected":false},"excerpt":{"rendered":"<p>Koli\u010dina: Dimenzije: 1 kos: Barva: prozorna Material: nerjave\u010de jeklo, akrilno steklo Opis: Ta mre\u017eni vlo\u017eek z zelo fino mre\u017eico iz nerjavnega jekla (0,2 mm) se lahko vstavi v luknje 50 mm in zagotavlja dobro prezra\u010devanje formikarija, ne da bi se mravlje lahko izmuznile. V primeru bo\u010dnega pritrjevanja smo","protected":false},"featured_media":338,"comment_status":"open","ping_status":"closed","template":"","meta":{"_acf_changed":false,"content-type":"","_monsterinsights_skip_tracking":false,"_monsterinsights_sitenote_active":false,"_monsterinsights_sitenote_note":"","_monsterinsights_sitenote_category":0},"product_brand":[],"product_cat":[238],"product_tag":[],"class_list":{"0":"post-2853","1":"product","2":"type-product","3":"status-publish","4":"has-post-thumbnail","6":"product_cat-grid-caps-plugs-and-inserts","8":"first","9":"outofstock","10":"taxable","11":"shipping-taxable","12":"purchasable","13":"product-type-simple"},"acf":[],"aioseo_notices":[],"jetpack_sharing_enabled":true,"_links":{"self":[{"href":"https:\/\/antcube.shop\/sl\/wp-json\/wp\/v2\/product\/2853","targetHints":{"allow":["GET"]}}],"collection":[{"href":"https:\/\/antcube.shop\/sl\/wp-json\/wp\/v2\/product"}],"about":[{"href":"https:\/\/antcube.shop\/sl\/wp-json\/wp\/v2\/types\/product"}],"replies":[{"embeddable":true,"href":"https:\/\/antcube.shop\/sl\/wp-json\/wp\/v2\/comments?post=2853"}],"wp:featuredmedia":[{"embeddable":true,"href":"https:\/\/antcube.shop\/sl\/wp-json\/wp\/v2\/media\/338"}],"wp:attachment":[{"href":"https:\/\/antcube.shop\/sl\/wp-json\/wp\/v2\/media?parent=2853"}],"wp:term":[{"taxonomy":"product_brand","embeddable":true,"href":"https:\/\/antcube.shop\/sl\/wp-json\/wp\/v2\/product_brand?post=2853"},{"taxonomy":"product_cat","embeddable":true,"href":"https:\/\/antcube.shop\/sl\/wp-json\/wp\/v2\/product_cat?post=2853"},{"taxonomy":"product_tag","embeddable":true,"href":"https:\/\/antcube.shop\/sl\/wp-json\/wp\/v2\/product_tag?post=2853"}],"curies":[{"name":"wp","href":"https:\/\/api.w.org\/{rel}","templated":true}]}}