{"id":2850,"date":"2021-10-13T18:40:15","date_gmt":"2021-10-13T16:40:15","guid":{"rendered":"https:\/\/antcube.shop\/produkt\/gitterkappe-16mm-edelstahl\/"},"modified":"2026-04-03T11:58:46","modified_gmt":"2026-04-03T09:58:46","slug":"gitterkappe-16mm-edelstahl","status":"publish","type":"product","link":"https:\/\/antcube.shop\/sl\/izdelek\/gitterkappe-16mm-edelstahl\/","title":{"rendered":"Mre\u017eni pokrov\u010dek - 16 mm - Iz nerjave\u010dega jekla"},"content":{"rendered":"<p><strong>Koli\u010dina:<\/strong> 1 kos<\/p>\n<p><strong>Dimenzije:<\/strong> 16 mm (notranji premer), 20 \u00d7 4 mm (zunanje mere)<\/p>\n<p><strong>Barva:<\/strong> prozorno<\/p>\n<p><strong>Material:<\/strong> nerjave\u010de jeklo, akril<\/p>\n<p><strong>Opis:<\/strong><br \/>\nTa mre\u017eni pokrov\u010dek z zelo drobno mre\u017eico iz nerjavnega jekla (0,2 mm) se lahko namesti na vti\u010dnico, cev ali konec cevi in zagotavlja dobro prezra\u010devanje formikarija, ne da bi se mravlje lahko izmuznile. Mre\u017ea iz nerjavnega jekla in okvir iz akrilnega stekla sta prozorna.<\/p>\n<p><strong>Opomba:<\/strong> Primerno tudi za zelo mo\u010dne vrste grizljajev, kot so mravlje listavci!<\/p>\n<p>&nbsp;<\/p>","protected":false},"excerpt":{"rendered":"<p>Koli\u010dina: Dimenzije: 1 kos: Barva: prozorna Material: nerjavno jeklo, akril Opis: 1 kos: Ta mre\u017easti pokrov\u010dek z zelo fino mre\u017eico iz nerjave\u010dega jekla (0,2 mm) se lahko namesti na vti\u010dnico, cev ali konec cevi in zagotavlja dobro prezra\u010devanje formikarija, ne da bi se mravlje lahko prebile ven. Obe spletni strani","protected":false},"featured_media":336,"comment_status":"open","ping_status":"closed","template":"","meta":{"_acf_changed":false,"content-type":"","_monsterinsights_skip_tracking":false,"_monsterinsights_sitenote_active":false,"_monsterinsights_sitenote_note":"","_monsterinsights_sitenote_category":0},"product_brand":[],"product_cat":[238],"product_tag":[],"class_list":{"0":"post-2850","1":"product","2":"type-product","3":"status-publish","4":"has-post-thumbnail","6":"product_cat-grid-caps-plugs-and-inserts","8":"first","9":"instock","10":"taxable","11":"shipping-taxable","12":"purchasable","13":"product-type-simple"},"acf":[],"aioseo_notices":[],"jetpack_sharing_enabled":true,"_links":{"self":[{"href":"https:\/\/antcube.shop\/sl\/wp-json\/wp\/v2\/product\/2850","targetHints":{"allow":["GET"]}}],"collection":[{"href":"https:\/\/antcube.shop\/sl\/wp-json\/wp\/v2\/product"}],"about":[{"href":"https:\/\/antcube.shop\/sl\/wp-json\/wp\/v2\/types\/product"}],"replies":[{"embeddable":true,"href":"https:\/\/antcube.shop\/sl\/wp-json\/wp\/v2\/comments?post=2850"}],"wp:featuredmedia":[{"embeddable":true,"href":"https:\/\/antcube.shop\/sl\/wp-json\/wp\/v2\/media\/336"}],"wp:attachment":[{"href":"https:\/\/antcube.shop\/sl\/wp-json\/wp\/v2\/media?parent=2850"}],"wp:term":[{"taxonomy":"product_brand","embeddable":true,"href":"https:\/\/antcube.shop\/sl\/wp-json\/wp\/v2\/product_brand?post=2850"},{"taxonomy":"product_cat","embeddable":true,"href":"https:\/\/antcube.shop\/sl\/wp-json\/wp\/v2\/product_cat?post=2850"},{"taxonomy":"product_tag","embeddable":true,"href":"https:\/\/antcube.shop\/sl\/wp-json\/wp\/v2\/product_tag?post=2850"}],"curies":[{"name":"wp","href":"https:\/\/api.w.org\/{rel}","templated":true}]}}