{"id":2845,"date":"2021-10-13T18:38:08","date_gmt":"2021-10-13T16:38:08","guid":{"rendered":"https:\/\/antcube.shop\/produkt\/formicariengranulat-200ml-schwarz\/"},"modified":"2026-03-31T09:51:50","modified_gmt":"2026-03-31T07:51:50","slug":"formicariengranulat-200ml-schwarz","status":"publish","type":"product","link":"https:\/\/antcube.shop\/sl\/izdelek\/formicariengranulat-200ml-schwarz\/","title":{"rendered":"Formicarium granule 200ml - \u010drne"},"content":{"rendered":"<p><strong>Vsebina:<\/strong> 200 ml (ustreza ~120 g)<\/p>\n<p><strong>Velikost zrn:<\/strong> 1 - 8 mm<\/p>\n<p><strong>Barva:<\/strong> \u010drna<\/p>\n<p><strong>Osnovni material:<\/strong> posebna me\u0161anica visokokakovostnih glin in kamnin<\/p>\n<p><strong>Opis:<\/strong> Material zadr\u017euje vlago in zagotavlja dobro prezra\u010devanje tal v formikariju, kar prepre\u010duje zamakanje in gnitje. Granuliran sloj je treba uporabiti pribli\u017eno 1-2 cm kot najni\u017eji sloj tal na kmetiji.<\/p>\n<p><strong>Lastnosti:<\/strong><br \/>\n- anorganski, mineralni izdelek<br \/>\n- biolo\u0161ko in kemi\u010dno nevtralen<br \/>\n- strukturno stabilen<br \/>\n- shranjuje vlago.<\/p>\n<p>&nbsp;<\/p>","protected":false},"excerpt":{"rendered":"<p>Za gozdna ali de\u017eevna tla<\/p>","protected":false},"featured_media":381,"comment_status":"open","ping_status":"closed","template":"","meta":{"_acf_changed":false,"content-type":"","_monsterinsights_skip_tracking":false,"_monsterinsights_sitenote_active":false,"_monsterinsights_sitenote_note":"","_monsterinsights_sitenote_category":0},"product_brand":[],"product_cat":[241],"product_tag":[],"class_list":{"0":"post-2845","1":"product","2":"type-product","3":"status-publish","4":"has-post-thumbnail","6":"product_cat-granules","8":"first","9":"instock","10":"taxable","11":"shipping-taxable","12":"purchasable","13":"product-type-simple"},"acf":[],"aioseo_notices":[],"jetpack_sharing_enabled":true,"_links":{"self":[{"href":"https:\/\/antcube.shop\/sl\/wp-json\/wp\/v2\/product\/2845","targetHints":{"allow":["GET"]}}],"collection":[{"href":"https:\/\/antcube.shop\/sl\/wp-json\/wp\/v2\/product"}],"about":[{"href":"https:\/\/antcube.shop\/sl\/wp-json\/wp\/v2\/types\/product"}],"replies":[{"embeddable":true,"href":"https:\/\/antcube.shop\/sl\/wp-json\/wp\/v2\/comments?post=2845"}],"wp:featuredmedia":[{"embeddable":true,"href":"https:\/\/antcube.shop\/sl\/wp-json\/wp\/v2\/media\/381"}],"wp:attachment":[{"href":"https:\/\/antcube.shop\/sl\/wp-json\/wp\/v2\/media?parent=2845"}],"wp:term":[{"taxonomy":"product_brand","embeddable":true,"href":"https:\/\/antcube.shop\/sl\/wp-json\/wp\/v2\/product_brand?post=2845"},{"taxonomy":"product_cat","embeddable":true,"href":"https:\/\/antcube.shop\/sl\/wp-json\/wp\/v2\/product_cat?post=2845"},{"taxonomy":"product_tag","embeddable":true,"href":"https:\/\/antcube.shop\/sl\/wp-json\/wp\/v2\/product_tag?post=2845"}],"curies":[{"name":"wp","href":"https:\/\/api.w.org\/{rel}","templated":true}]}}