{"id":2842,"date":"2021-10-13T18:37:40","date_gmt":"2021-10-13T16:37:40","guid":{"rendered":"https:\/\/antcube.shop\/produkt\/ameisenarena-rahmen-20x20\/"},"modified":"2026-04-14T12:07:29","modified_gmt":"2026-04-14T10:07:29","slug":"ameisenarena-rahmen-20x20","status":"publish","type":"product","link":"https:\/\/antcube.shop\/sl\/izdelek\/ameisenarena-rahmen-20x20\/","title":{"rendered":"Okvir arene za mravlje 20\u00d720"},"content":{"rendered":"<p><strong>Dimenzije (Dx\u0160xV):<\/strong> 20x20x0,4 cm<\/p>\n<p><strong>Material:<\/strong> float steklo<\/p>\n<p><strong>Barva:<\/strong> kristalno \u010dista \/ prozorna<\/p>\n<p><strong>Vsebina:<\/strong><br \/>\n1x okvir za mravlji\u0161\u010de<\/p>\n<p><strong>Opis:<\/strong><br \/>\nOkvir iz stekla za mravlji\u0161\u010de kot za\u0161\u010dita pred vdorom.<\/p>\n<p><strong>Uporaba:<\/strong><br \/>\nOkvir za mravlji\u0161\u010de je okvir iz stekla, ki se namesti na mravlji\u0161\u010de in je na spodnji strani opremljen z za\u0161\u010dito proti vdoru (olje, prah ali lak), kar prepre\u010duje vdor mravelj.<\/p>\n<p><strong>Obvestilo:<\/strong><br \/>\nKer je izdelek narejen iz stekla in je zato ob\u010dutljiv, je treba z njim ravnati zelo previdno. Steklo je rezano v skladu s standardom DIN 1249 z dovoljenim odstopanjem +\/- 1 mm. Za izjemno majhne vrste mravelj je nujna dodatna za\u0161\u010dita pred razbitjem.<\/p>\n<p>&nbsp;<\/p>","protected":false},"excerpt":{"rendered":"<p>Dimenzije (Dx\u0160xV): 20x20x0,4 cm Material: float steklo Barva: kristalno \u010dista \/ prozorna Vsebina: Vsebuje: 1x okvir za mravlji\u0161\u010de Opis: Okvir iz stekla za areno za mravlje kot za\u0161\u010dita pred izpadom. Uporaba: Okvir za mravlji\u0161\u010de je okvir iz stekla, ki se namesti na mravlji\u0161\u010de in je opremljen z za\u0161\u010dito pred vlomom.","protected":false},"featured_media":332,"comment_status":"open","ping_status":"closed","template":"","meta":{"_acf_changed":false,"content-type":"","_monsterinsights_skip_tracking":false,"_monsterinsights_sitenote_active":false,"_monsterinsights_sitenote_note":"","_monsterinsights_sitenote_category":0},"product_brand":[],"product_cat":[91,93],"product_tag":[],"class_list":{"0":"post-2842","1":"product","2":"type-product","3":"status-publish","4":"has-post-thumbnail","6":"product_cat-formicarium-modules","7":"product_cat-arena-frame","9":"first","10":"instock","11":"taxable","12":"shipping-taxable","13":"purchasable","14":"product-type-simple"},"acf":[],"aioseo_notices":[],"jetpack_sharing_enabled":true,"_links":{"self":[{"href":"https:\/\/antcube.shop\/sl\/wp-json\/wp\/v2\/product\/2842","targetHints":{"allow":["GET"]}}],"collection":[{"href":"https:\/\/antcube.shop\/sl\/wp-json\/wp\/v2\/product"}],"about":[{"href":"https:\/\/antcube.shop\/sl\/wp-json\/wp\/v2\/types\/product"}],"replies":[{"embeddable":true,"href":"https:\/\/antcube.shop\/sl\/wp-json\/wp\/v2\/comments?post=2842"}],"wp:featuredmedia":[{"embeddable":true,"href":"https:\/\/antcube.shop\/sl\/wp-json\/wp\/v2\/media\/332"}],"wp:attachment":[{"href":"https:\/\/antcube.shop\/sl\/wp-json\/wp\/v2\/media?parent=2842"}],"wp:term":[{"taxonomy":"product_brand","embeddable":true,"href":"https:\/\/antcube.shop\/sl\/wp-json\/wp\/v2\/product_brand?post=2842"},{"taxonomy":"product_cat","embeddable":true,"href":"https:\/\/antcube.shop\/sl\/wp-json\/wp\/v2\/product_cat?post=2842"},{"taxonomy":"product_tag","embeddable":true,"href":"https:\/\/antcube.shop\/sl\/wp-json\/wp\/v2\/product_tag?post=2842"}],"curies":[{"name":"wp","href":"https:\/\/api.w.org\/{rel}","templated":true}]}}