{"id":2841,"date":"2021-10-13T18:37:30","date_gmt":"2021-10-13T16:37:30","guid":{"rendered":"https:\/\/antcube.shop\/produkt\/food-mix-set-standard\/"},"modified":"2026-04-02T18:12:09","modified_gmt":"2026-04-02T16:12:09","slug":"food-mix-set-standard","status":"publish","type":"product","link":"https:\/\/antcube.shop\/sl\/izdelek\/food-mix-set-standard\/","title":{"rendered":"Komplet me\u0161anic hrane - standardni"},"content":{"rendered":"<p><strong>Vsebina:<\/strong> 2 ml na cevko za dovod hrane<br \/>\n2x beljakovinska hrana (PP)<br \/>\n2x beljakovinska hrana FD \u017eu\u017eelke (PI)<br \/>\n2x ogljikohidratna hrana (K)<br \/>\n2x sadna hrana (F)<br \/>\n2x raztopina sladkornega medu (ZH)<br \/>\n1x goba<\/p>\n<p><span data-text-color=\"alert\"><strong>Pozornost:<\/strong> <\/span>Pra\u0161ek zme\u0161ajte s kapljico vode, saj ga \u017eivali suhega ne sprejmejo!<\/p>\n<p><strong>Opis:<\/strong><br \/>\nTo je set me\u0161anice hrane za razli\u010dne vrste mravelj, ki se hranijo z ogljikovimi hidrati in beljakovinami. Vsebuje vse, kar mravlje potrebujejo za uravnote\u017eeno prehrano. Ker so posamezni obroki hrane napolnjeni v lo\u010denih epruvetah, jih je enostavno dozirati. Beljakovinsko, ogljikohidratno in sadno hrano je priporo\u010dljivo minimalno navla\u017eiti z malo vode. To bo tudi prepre\u010dilo, da bi pra\u0161ek iztekal, ko ga uporabljate v \"sredinskem\" formikariju v luknji.<\/p>\n<p><strong>Uporaba\/na\u010din uporabe:<\/strong><br \/>\nbeljakovinska hrana = za \u017eu\u017ekojede vrste mravelj (Eulipotyphla).<br \/>\nJe dopolnilna krma (krmna me\u0161anica)<br \/>\nZme\u0161ati ga je treba s kapljico vode, nato pa ga lahko mokrega hranite le en dan. Pred ponovno uporabo temeljito o\u010distite posodico za hranjenje.<br \/>\nOdprto embala\u017eo je treba uporabiti dobro zaprto (\u010de je shranjena v suhem) do navedenega datuma (datum uporabnosti).<\/p>\n<p>beljakovinska krma FD = za \u017eu\u017ekojede vrste mravelj (Eulipotyphla)<br \/>\nJe dopolnilna krma (krmna me\u0161anica).<br \/>\nZme\u0161ati ga je treba s kapljico vode, nato pa ga lahko mokrega hranite le en dan. Pred ponovno uporabo temeljito o\u010distite posodico za hranjenje.<br \/>\nOdprto embala\u017eo je treba uporabiti dobro zaprto (\u010de je shranjena v suhem) do navedenega datuma (datum uporabnosti).<\/p>\n<p>Hrana z ogljikovimi hidrati = za vrste mravelj, ki jedo sladkor\/med<br \/>\nJe dopolnilna krma (krmna me\u0161anica)<br \/>\nZme\u0161ate ga lahko s kapljico vode, v mokrem pa ima rok trajanja 3 dni. Pred ponovno uporabo temeljito o\u010distite posodo za hranjenje.<br \/>\nOdprto embala\u017eo je treba uporabiti dobro zaprto (\u010de je shranjena v suhem prostoru) do navedenega datuma (datum uporabnosti).<\/p>\n<p>Sadna hrana = za vrste mravelj, ki se prehranjujejo s sadjem (frugivore)<br \/>\nJe dopolnilna krma (enkratna krma)<br \/>\nZme\u0161ate ga lahko s kapljico vode, njegov rok trajanja pa je 3 dni, \u010de je moker. Pred ponovno uporabo temeljito o\u010distite posodo za hranjenje.<br \/>\nOdprto embala\u017eo je treba uporabiti dobro zaprto (\u010de je shranjena v suhem prostoru) do navedenega datuma (datum uporabnosti).<\/p>\n<p>Sladkorno medena raztopina = za vrste mravelj, ki jedo sladkor\/med.<br \/>\nJe dopolnilna krma (krmna me\u0161anica)<br \/>\n\u017divali ga lahko dobijo v dostavljenem stanju. Ker vlaga zmanj\u0161a koncentracijo sladkorja in se za\u010dne proces fermentacije, je treba hrano zamenjati vsake tri dni. Pred ponovno uporabo temeljito o\u010distite posodo za hranjenje\/teko\u010dino.<br \/>\nOdprto embala\u017eo je treba uporabljati tesno zaprto do navedenega datuma (datum uporabnosti).<\/p>\n<p><strong>Obvestilo:<\/strong><br \/>\nInformacije o tem, kako uporabljati cevke za hranjenje, so na voljo tukaj: Povezava:<br \/>\nPopolna hrana za \u017eu\u017ekojede mravlje.<br \/>\nSestavo, analiti\u010dne sestavine, datum uporabnosti in \u0161tevilko serije najdete v navodilih za uporabo.<\/p>\n<p>Informacijska telefonska \u0161tevilka +49 30 439703870<\/p>\n<p>Pristojni veterinarski in \u017eivilski nadzorni organ:<br \/>\nVeterinarski urad Steglitz<br \/>\nK\u00f6nigin-Luise-Str. 92<br \/>\n14195 Berlin<\/p>","protected":false},"excerpt":{"rendered":"<p>Popolna krma<\/p>","protected":false},"featured_media":309,"comment_status":"open","ping_status":"closed","template":"","meta":{"_acf_changed":false,"content-type":"","_monsterinsights_skip_tracking":false,"_monsterinsights_sitenote_active":false,"_monsterinsights_sitenote_note":"","_monsterinsights_sitenote_category":0},"product_brand":[],"product_cat":[115,116],"product_tag":[],"class_list":{"0":"post-2841","1":"product","2":"type-product","3":"status-publish","4":"has-post-thumbnail","6":"product_cat-food-and-feeding","7":"product_cat-food","9":"first","10":"instock","11":"taxable","12":"shipping-taxable","13":"purchasable","14":"product-type-simple"},"acf":[],"aioseo_notices":[],"jetpack_sharing_enabled":true,"_links":{"self":[{"href":"https:\/\/antcube.shop\/sl\/wp-json\/wp\/v2\/product\/2841","targetHints":{"allow":["GET"]}}],"collection":[{"href":"https:\/\/antcube.shop\/sl\/wp-json\/wp\/v2\/product"}],"about":[{"href":"https:\/\/antcube.shop\/sl\/wp-json\/wp\/v2\/types\/product"}],"replies":[{"embeddable":true,"href":"https:\/\/antcube.shop\/sl\/wp-json\/wp\/v2\/comments?post=2841"}],"wp:featuredmedia":[{"embeddable":true,"href":"https:\/\/antcube.shop\/sl\/wp-json\/wp\/v2\/media\/309"}],"wp:attachment":[{"href":"https:\/\/antcube.shop\/sl\/wp-json\/wp\/v2\/media?parent=2841"}],"wp:term":[{"taxonomy":"product_brand","embeddable":true,"href":"https:\/\/antcube.shop\/sl\/wp-json\/wp\/v2\/product_brand?post=2841"},{"taxonomy":"product_cat","embeddable":true,"href":"https:\/\/antcube.shop\/sl\/wp-json\/wp\/v2\/product_cat?post=2841"},{"taxonomy":"product_tag","embeddable":true,"href":"https:\/\/antcube.shop\/sl\/wp-json\/wp\/v2\/product_tag?post=2841"}],"curies":[{"name":"wp","href":"https:\/\/api.w.org\/{rel}","templated":true}]}}