{"id":2839,"date":"2021-10-13T18:37:12","date_gmt":"2021-10-13T16:37:12","guid":{"rendered":"https:\/\/antcube.shop\/produkt\/bodengrund-regenwald-1-kg\/"},"modified":"2026-04-15T21:10:20","modified_gmt":"2026-04-15T19:10:20","slug":"bodengrund-regenwald-1-kg","status":"publish","type":"product","link":"https:\/\/antcube.shop\/sl\/izdelek\/bodengrund-regenwald-1-kg\/","title":{"rendered":"Substrat - de\u017eevni gozd - 1 kg"},"content":{"rendered":"<p><strong>Vsebina:<\/strong> 1 kg<\/p>\n<p><strong>Material:<\/strong> pesek, \u0161ota, humus, glina<\/p>\n<p><strong>Barva:<\/strong> rjava, be\u017e<\/p>\n<p><strong>Opis:<\/strong> Ta naravna prst de\u017eevnega gozda je sestavljena iz me\u0161anice peska, \u0161ote, humusa in gline.<br \/>\nVsebuje nekoliko manj gline kot obi\u010dajna zemlja de\u017eevnega gozda, vendar je zaradi tega za mravlje la\u017eja za kopanje, zato jo mravlje veliko bolje sprejmejo. Primerna je za vse vrste mravelj, ki \u017eivijo v de\u017eevni prsti ali na splo\u0161no v vla\u017enih tropskih habitatih.<\/p>\n<p><strong>Uporaba:<\/strong> Zemljo za kopanje lahko uporabite za gnezdo in areno!<\/p>\n<p><strong>Opomba:<\/strong> ker gre za \u010disti naravni izdelek, lahko pride do majhnih razlik v barvi in strukturi, na katere ne moremo vplivati.<\/p>\n<p><strong>Pomembno:<\/strong> Pred uporabo substrat navla\u017eite, da se me\u0161anica lahko zdru\u017ei in trdno oprime v mravlji\u0161\u010du. Poleg tega lahko presuh in pra\u0161en substrat povzro\u010di blokado dihalnih poti mravelj in v najslab\u0161em primeru zadu\u0161itev \u017eivali.<\/p>","protected":false},"excerpt":{"rendered":"<p>Naravni posebni habitat tla\/substrat<\/p>","protected":false},"featured_media":5501,"comment_status":"open","ping_status":"closed","template":"","meta":{"_acf_changed":false,"content-type":"","_monsterinsights_skip_tracking":false,"_monsterinsights_sitenote_active":false,"_monsterinsights_sitenote_note":"","_monsterinsights_sitenote_category":0},"product_brand":[],"product_cat":[96],"product_tag":[],"class_list":{"0":"post-2839","1":"product","2":"type-product","3":"status-publish","4":"has-post-thumbnail","6":"product_cat-soil","8":"first","9":"instock","10":"taxable","11":"shipping-taxable","12":"purchasable","13":"product-type-simple"},"acf":[],"aioseo_notices":[],"jetpack_sharing_enabled":true,"_links":{"self":[{"href":"https:\/\/antcube.shop\/sl\/wp-json\/wp\/v2\/product\/2839","targetHints":{"allow":["GET"]}}],"collection":[{"href":"https:\/\/antcube.shop\/sl\/wp-json\/wp\/v2\/product"}],"about":[{"href":"https:\/\/antcube.shop\/sl\/wp-json\/wp\/v2\/types\/product"}],"replies":[{"embeddable":true,"href":"https:\/\/antcube.shop\/sl\/wp-json\/wp\/v2\/comments?post=2839"}],"wp:featuredmedia":[{"embeddable":true,"href":"https:\/\/antcube.shop\/sl\/wp-json\/wp\/v2\/media\/5501"}],"wp:attachment":[{"href":"https:\/\/antcube.shop\/sl\/wp-json\/wp\/v2\/media?parent=2839"}],"wp:term":[{"taxonomy":"product_brand","embeddable":true,"href":"https:\/\/antcube.shop\/sl\/wp-json\/wp\/v2\/product_brand?post=2839"},{"taxonomy":"product_cat","embeddable":true,"href":"https:\/\/antcube.shop\/sl\/wp-json\/wp\/v2\/product_cat?post=2839"},{"taxonomy":"product_tag","embeddable":true,"href":"https:\/\/antcube.shop\/sl\/wp-json\/wp\/v2\/product_tag?post=2839"}],"curies":[{"name":"wp","href":"https:\/\/api.w.org\/{rel}","templated":true}]}}