{"id":2826,"date":"2021-10-13T18:34:38","date_gmt":"2021-10-13T16:34:38","guid":{"rendered":"https:\/\/antcube.shop\/produkt\/schaumstoffwischer-150x18x25mm-5er-pack\/"},"modified":"2026-04-15T17:09:38","modified_gmt":"2026-04-15T15:09:38","slug":"schaumstoffwischer-150x18x25mm-5er-pack","status":"publish","type":"product","link":"https:\/\/antcube.shop\/sl\/izdelek\/schaumstoffwischer-150x18x25mm-5er-pack\/","title":{"rendered":"Penasti brisalec 150x18x2,5 mm - pakiranje po 5 kosov"},"content":{"rendered":"<p><strong>Dimenzije:<\/strong> Dol\u017eina 150 mm, glava iz pene 40x40x20 mm.<\/p>\n<p><strong>Koli\u010dina:<\/strong> 5 kosov.<\/p>\n<p><strong>Material:<\/strong> pena, PS<\/p>\n<p><strong>Opis:<\/strong><br \/>\nPenasti brisalec s kvadratno glavo za razli\u010dne aplikacije.<br \/>\nPrimeri:<br \/>\n1.) za \u010di\u0161\u010denje oken.<\/p>\n<p>2.) Kot medena goba<\/p>\n<p>3.) kot pitnik, saj sesa vodo<\/p>\n<p>4.) za uporabo olja za za\u0161\u010dito pred izbruhi<\/p>\n<p>&nbsp;<\/p>","protected":false},"excerpt":{"rendered":"<p>Dimenzije: Dol\u017eina 150 mm, penasta glava 40x40x20 mm. Koli\u010dina: Koli\u010dina: 5 kosov. Material: pena, PS Opis: Penasti brisalec s kvadratno glavo za razli\u010dne namene. Primeri: za \u010di\u0161\u010denje oken. 2.) Kot goba za med 3.) kot pitnik, saj sesa vodo 4.) za nana\u0161anje olja za za\u0161\u010dito pred izbruhi &nbsp;<\/p>","protected":false},"featured_media":307,"comment_status":"open","ping_status":"closed","template":"","meta":{"_acf_changed":false,"content-type":"","_monsterinsights_skip_tracking":false,"_monsterinsights_sitenote_active":false,"_monsterinsights_sitenote_note":"","_monsterinsights_sitenote_category":0},"product_brand":[],"product_cat":[237],"product_tag":[],"class_list":{"0":"post-2826","1":"product","2":"type-product","3":"status-publish","4":"has-post-thumbnail","6":"product_cat-tools","8":"first","9":"instock","10":"taxable","11":"shipping-taxable","12":"purchasable","13":"product-type-simple"},"acf":[],"aioseo_notices":[],"jetpack_sharing_enabled":true,"_links":{"self":[{"href":"https:\/\/antcube.shop\/sl\/wp-json\/wp\/v2\/product\/2826","targetHints":{"allow":["GET"]}}],"collection":[{"href":"https:\/\/antcube.shop\/sl\/wp-json\/wp\/v2\/product"}],"about":[{"href":"https:\/\/antcube.shop\/sl\/wp-json\/wp\/v2\/types\/product"}],"replies":[{"embeddable":true,"href":"https:\/\/antcube.shop\/sl\/wp-json\/wp\/v2\/comments?post=2826"}],"wp:featuredmedia":[{"embeddable":true,"href":"https:\/\/antcube.shop\/sl\/wp-json\/wp\/v2\/media\/307"}],"wp:attachment":[{"href":"https:\/\/antcube.shop\/sl\/wp-json\/wp\/v2\/media?parent=2826"}],"wp:term":[{"taxonomy":"product_brand","embeddable":true,"href":"https:\/\/antcube.shop\/sl\/wp-json\/wp\/v2\/product_brand?post=2826"},{"taxonomy":"product_cat","embeddable":true,"href":"https:\/\/antcube.shop\/sl\/wp-json\/wp\/v2\/product_cat?post=2826"},{"taxonomy":"product_tag","embeddable":true,"href":"https:\/\/antcube.shop\/sl\/wp-json\/wp\/v2\/product_tag?post=2826"}],"curies":[{"name":"wp","href":"https:\/\/api.w.org\/{rel}","templated":true}]}}