{"id":2825,"date":"2021-10-13T18:33:32","date_gmt":"2021-10-13T16:33:32","guid":{"rendered":"https:\/\/antcube.shop\/produkt\/ytongnest-20x20\/"},"modified":"2026-04-17T10:05:20","modified_gmt":"2026-04-17T08:05:20","slug":"ytongnest-20x20","status":"publish","type":"product","link":"https:\/\/antcube.shop\/sl\/izdelek\/ytongnest-20x20\/","title":{"rendered":"Ytongnest - 20\u00d720"},"content":{"rendered":"<p><strong>Material:<\/strong> porobeton, steklo, plastika PMMA in PVC<\/p>\n<p><strong>Povezava:<\/strong> 2x 14 mm luknje<\/p>\n<p><strong>Vsebina:<\/strong><br \/>\n1x blok iz porobetona 20x20x5 cm z 20 mm globokimi komorami.<br \/>\n1x steklena plo\u0161\u010da 20 \u00d7 20 cm z odprtino 50 mm<br \/>\n1x 50 mm obro\u010d s 27 mm odprtino<br \/>\n2x Formikarijev \u010dep 13 mm<br \/>\n1x \u010dep Formicarium 27 mm<\/p>\n<p><strong>Opis:<\/strong><br \/>\nYtong je blagovna znamka, sam material pa se imenuje porobeton.<br \/>\nZaradi lastnosti zadr\u017eevanja vode je material primeren za gojenje mravelj.<br \/>\nV njem je mogo\u010de gojiti veliko \u0161tevilo vrst noric, tako iz suhih kot vla\u017enih habitatov.<br \/>\nOdvisno od vrste mravelj je priporo\u010dljivo, da dno komore prekrijete s talnim substratom. Nekatere vrste se tako bolje po\u010dutijo in na primer vrste mravelj iz rodu Ponerinae potrebujejo zemljo, da se njihove li\u010dinke lahko pravilno izle\u017eejo.<br \/>\nPriporo\u010damo, da na gnezdo pritrdite areno in ga uporabite kot polni formikarij.<\/p>\n<p><strong>Nasvet:<\/strong><br \/>\nDa bi prepre\u010dili uhajanje vode iz gnezda Ytong po navla\u017eitvi obmo\u010dja gnezda in njeno nabiranje na povr\u0161ini pohi\u0161tva spodaj ali da bi hrapav material opraskal povr\u0161ine, priporo\u010damo, da naro\u010dite eno od na\u0161ih ujemajo\u010dih se steklenih kadi, ki se prilega na\u0161im gnezdom Ytong. Te so vodoodporne in tako u\u010dinkovito \u0161\u010ditijo spodnje povr\u0161ine pred po\u0161kodbami zaradi vode in praskanja.<\/p>\n<p><strong>Uporaba:<\/strong><br \/>\n<strong>Za vrste mravelj velikosti M - L.<\/strong><br \/>\nPorobeton je zelo krhek in ob\u010dutljiv material. Zato je zaradi postopka izdelave nemogo\u010de prepre\u010diti, da bi se na vogalih in robovih pojavili rahli prelomi in neravnine.<br \/>\nZato gnezda Ytong niso primerna za zelo majhne vrste mravelj velikosti S, saj bi se te vrste zlahka izmuznile.<\/p>","protected":false},"excerpt":{"rendered":"<p>Priklju\u010dek: 2x 14 mm odprtina<br \/>\nVelikost: <strong><span style=\"color: #339966;\">M<\/span><\/strong><strong> &#8211; <span style=\"color: #0000ff;\">L<\/span><\/strong><\/p>","protected":false},"featured_media":3010,"comment_status":"open","ping_status":"closed","template":"","meta":{"_acf_changed":false,"content-type":"","_monsterinsights_skip_tracking":false,"_monsterinsights_sitenote_active":false,"_monsterinsights_sitenote_note":"","_monsterinsights_sitenote_category":0},"product_brand":[],"product_cat":[80,86],"product_tag":[],"class_list":{"0":"post-2825","1":"product","2":"type-product","3":"status-publish","4":"has-post-thumbnail","6":"product_cat-antfarms","7":"product_cat-formicariums","9":"first","10":"instock","11":"taxable","12":"shipping-taxable","13":"purchasable","14":"product-type-simple"},"acf":[],"aioseo_notices":[],"jetpack_sharing_enabled":true,"_links":{"self":[{"href":"https:\/\/antcube.shop\/sl\/wp-json\/wp\/v2\/product\/2825","targetHints":{"allow":["GET"]}}],"collection":[{"href":"https:\/\/antcube.shop\/sl\/wp-json\/wp\/v2\/product"}],"about":[{"href":"https:\/\/antcube.shop\/sl\/wp-json\/wp\/v2\/types\/product"}],"replies":[{"embeddable":true,"href":"https:\/\/antcube.shop\/sl\/wp-json\/wp\/v2\/comments?post=2825"}],"wp:featuredmedia":[{"embeddable":true,"href":"https:\/\/antcube.shop\/sl\/wp-json\/wp\/v2\/media\/3010"}],"wp:attachment":[{"href":"https:\/\/antcube.shop\/sl\/wp-json\/wp\/v2\/media?parent=2825"}],"wp:term":[{"taxonomy":"product_brand","embeddable":true,"href":"https:\/\/antcube.shop\/sl\/wp-json\/wp\/v2\/product_brand?post=2825"},{"taxonomy":"product_cat","embeddable":true,"href":"https:\/\/antcube.shop\/sl\/wp-json\/wp\/v2\/product_cat?post=2825"},{"taxonomy":"product_tag","embeddable":true,"href":"https:\/\/antcube.shop\/sl\/wp-json\/wp\/v2\/product_tag?post=2825"}],"curies":[{"name":"wp","href":"https:\/\/api.w.org\/{rel}","templated":true}]}}