{"id":2824,"date":"2021-10-13T18:33:13","date_gmt":"2021-10-13T16:33:13","guid":{"rendered":"https:\/\/antcube.shop\/produkt\/food-mix-set-fur-kornersammler\/"},"modified":"2026-04-07T19:55:13","modified_gmt":"2026-04-07T17:55:13","slug":"food-mix-set-fur-kornersammler","status":"publish","type":"product","link":"https:\/\/antcube.shop\/sl\/izdelek\/food-mix-set-fur-kornersammler\/","title":{"rendered":"Set me\u0161anice hrane - za mravlje, ki zbirajo zrnje"},"content":{"rendered":"<p><strong>Vsebina:<\/strong> 2 ml na cevko za dovod hrane<br \/>\n2x krma za zrnje Minor (Mi)<br \/>\n1x \u017eitna hrana Mediji (Me)<br \/>\n1x \u017eitna hrana Major (Ma)<br \/>\n1x cvetni prah (B)<br \/>\n1x krma z ogljikovimi hidrati (K)<br \/>\n2x beljakovinska krma (PP)<br \/>\n1x beljakovinska krma FD \u017eu\u017eelke Pi)<br \/>\n1x krma za sadje (F)<\/p>\n<p><span data-text-color=\"alert\"><strong>Pozornost:<\/strong> <\/span>Pra\u0161ek zme\u0161ajte s kapljico vode, saj ga \u017eivali suhega ne sprejmejo!<\/p>\n<p><strong>Opis:<\/strong> To je komplet hrane za vrste, ki zbirajo zrnje, kot je rod Messor, in vsebuje beljakovine, ogljikove hidrate in zrnje\/semena za vse delavske \u0161katle. Ker so posamezni obroki hrane v lo\u010denih epruvetah, jih je enostavno dozirati.<\/p>\n<p><strong>Uporaba \/ uporaba:<\/strong><br \/>\nbeljakovinska hrana = za \u017eu\u017ekojede vrste mravelj (Eulipotyphla).<br \/>\nJe dopolnilna krma (krmna me\u0161anica)<br \/>\nZme\u0161ajte ga s kapljico vode, nato pa ga v mokrem stanju lahko hranite le en dan. Pred ponovno uporabo temeljito o\u010distite posodico za hranjenje.<br \/>\nOdprto embala\u017eo je treba uporabiti dobro zaprto (\u010de je shranjena v suhem) do navedenega datuma (datum uporabnosti).<\/p>\n<p>beljakovinska krma FD = za \u017eu\u017ekojede vrste mravelj (Eulipotyphla)<br \/>\nJe dopolnilna krma (krmna me\u0161anica).<br \/>\nZme\u0161ati ga je treba s kapljico vode, nato pa ga lahko mokrega hranite le en dan. Pred ponovno uporabo temeljito o\u010distite posodico za hranjenje.<br \/>\nOdprto embala\u017eo je treba uporabiti dobro zaprto (\u010de je shranjena v suhem) do navedenega datuma (datum uporabnosti).<\/p>\n<p>Hrana z ogljikovimi hidrati = za vrste mravelj, ki jedo sladkor\/med<br \/>\nJe dopolnilna krma (krmna me\u0161anica)<br \/>\nZme\u0161ate ga lahko s kapljico vode, v mokrem pa ima rok trajanja 3 dni. Pred ponovno uporabo temeljito o\u010distite posodo za hranjenje.<br \/>\nOdprto embala\u017eo je treba uporabiti dobro zaprto (\u010de je shranjena v suhem prostoru) do navedenega datuma (datum uporabnosti).<\/p>\n<p>Sadna hrana = za vrste mravelj, ki se prehranjujejo s sadjem (frugivore)<br \/>\nJe dopolnilna krma (enkratna krma)<br \/>\nZme\u0161ate ga lahko s kapljico vode, njegov rok trajanja pa je 3 dni, \u010de je moker. Pred ponovno uporabo temeljito o\u010distite posodo za hranjenje.<br \/>\nOdprto embala\u017eo je treba uporabiti dobro zaprto (\u010de je shranjena v suhem prostoru) do navedenega datuma (datum uporabnosti).<\/p>\n<p>Cvetni prah = za vrste mravelj, ki se prehranjujejo s cvetnim prahom.<br \/>\nJe dopolnilna krma (enkratna krma)<br \/>\n\u017divalim ga lahko ponudite v dostavljenem stanju. Ker vlaga zmeh\u010da konsistenco, je treba hrano zamenjati vsakih 5 dni. Pred ponovno uporabo temeljito o\u010distite posodo za hranjenje\/teko\u010dinko.<br \/>\nOdprto embala\u017eo je treba uporabiti dobro zaprto (\u010de je shranjena v suhem) do navedenega datuma (datum uporabnosti).<\/p>\n<p>\u017ditna krma Minor<br \/>\n\u017ditna krma Mediji<br \/>\n\u017ditna hrana Major = za vrste mravelj, ki se prehranjujejo z \u017eitom = (zrnojedi)<br \/>\nJe dopolnilna krma (krmna me\u0161anica)<br \/>\n\u017divalim ga lahko ponudite v dostavljenem stanju. Krmilna posoda\/te\u010daj mora biti name\u0161\u010dena na suhem mestu. V vla\u017enih razmerah lahko zrna (semena) za\u010dnejo kaliti. \u010ce to opazite, je treba krmo zamenjati.<br \/>\nOdprto embala\u017eo je treba uporabiti dobro zaprto (\u010de je shranjena v suhem) do navedenega datuma (datum uporabnosti).<\/p>\n<p><strong>Obvestilo:<\/strong><br \/>\nInformacije o uporabi hranilnih cevi so na voljo tukaj: Povezava: .<br \/>\nPopolna hrana za zrnatojede mravlje.<br \/>\nSestavo, analiti\u010dne sestavine, datum uporabnosti in \u0161tevilko serije najdete v navodilih za uporabo.<\/p>\n<p>Informacijska telefonska \u0161tevilka +49 30 439703870<\/p>\n<p>Pristojni veterinarski in \u017eivilski nadzorni organ:<br \/>\nVeterinarski urad Steglitz<br \/>\nK\u00f6nigin-Luise-Str. 92<br \/>\n14195 Berlin<\/p>\n<p>&nbsp;<\/p>","protected":false},"excerpt":{"rendered":"<p>Popolna krma<\/p>","protected":false},"featured_media":308,"comment_status":"open","ping_status":"closed","template":"","meta":{"_acf_changed":false,"content-type":"","_monsterinsights_skip_tracking":false,"_monsterinsights_sitenote_active":false,"_monsterinsights_sitenote_note":"","_monsterinsights_sitenote_category":0},"product_brand":[],"product_cat":[115,116],"product_tag":[],"class_list":{"0":"post-2824","1":"product","2":"type-product","3":"status-publish","4":"has-post-thumbnail","6":"product_cat-food-and-feeding","7":"product_cat-food","9":"first","10":"instock","11":"taxable","12":"shipping-taxable","13":"purchasable","14":"product-type-simple"},"acf":[],"aioseo_notices":[],"jetpack_sharing_enabled":true,"_links":{"self":[{"href":"https:\/\/antcube.shop\/sl\/wp-json\/wp\/v2\/product\/2824","targetHints":{"allow":["GET"]}}],"collection":[{"href":"https:\/\/antcube.shop\/sl\/wp-json\/wp\/v2\/product"}],"about":[{"href":"https:\/\/antcube.shop\/sl\/wp-json\/wp\/v2\/types\/product"}],"replies":[{"embeddable":true,"href":"https:\/\/antcube.shop\/sl\/wp-json\/wp\/v2\/comments?post=2824"}],"wp:featuredmedia":[{"embeddable":true,"href":"https:\/\/antcube.shop\/sl\/wp-json\/wp\/v2\/media\/308"}],"wp:attachment":[{"href":"https:\/\/antcube.shop\/sl\/wp-json\/wp\/v2\/media?parent=2824"}],"wp:term":[{"taxonomy":"product_brand","embeddable":true,"href":"https:\/\/antcube.shop\/sl\/wp-json\/wp\/v2\/product_brand?post=2824"},{"taxonomy":"product_cat","embeddable":true,"href":"https:\/\/antcube.shop\/sl\/wp-json\/wp\/v2\/product_cat?post=2824"},{"taxonomy":"product_tag","embeddable":true,"href":"https:\/\/antcube.shop\/sl\/wp-json\/wp\/v2\/product_tag?post=2824"}],"curies":[{"name":"wp","href":"https:\/\/api.w.org\/{rel}","templated":true}]}}