{"id":2823,"date":"2021-10-13T18:33:03","date_gmt":"2021-10-13T16:33:03","guid":{"rendered":"https:\/\/antcube.shop\/produkt\/becken-schlauchverbinder-27mm-14-16-20-mm-transparent\/"},"modified":"2026-04-13T16:59:10","modified_gmt":"2026-04-13T14:59:10","slug":"becken-schlauchverbinder-27mm-14-16-20-mm-transparent","status":"publish","type":"product","link":"https:\/\/antcube.shop\/sl\/izdelek\/becken-schlauchverbinder-27mm-14-16-20-mm-transparent\/","title":{"rendered":"Priklju\u010dek cevi za umivalnik 27 mm - 14, 16, 20 mm - prozoren"},"content":{"rendered":"<p><strong>Dimenzije:\u00a0<\/strong><br \/>\nNotranji premer = 14 mm<br \/>\nZunanji premer = 16 mm (prva stopnja), 20 mm (druga stopnja)<br \/>\nDol\u017eina = 36 mm<\/p>\n<p><strong>Vsebina:<\/strong><br \/>\n1x priklju\u010dek za cev za umivalnik<br \/>\n1x vpenjalni obro\u010d<\/p>\n<p><strong>Povezava:<\/strong><br \/>\nUmivalnik: Prilega se 27 mm (3\/4\u2033) luknjam z debelino stene 4 mm!<br \/>\nCevi: Cev 14\/10 je tesno vstavljena v vti\u010dnico 14 mm.<br \/>\ncev 20\/16 je tesno pritrjena na prvi 16 mm korak.<br \/>\nCev 22\/18 je pritrjena na drugi 20-milimetrski korak.<br \/>\ncev 24\/20 je ohlapno name\u0161\u010dena na drugi 20-milimetrski stopnici.<\/p>\n<p><strong>Opis:<\/strong><br \/>\nTa priklju\u010dek za umivalnik bo vstavljen skozi 27 mm luknjo z debelino steklene stene 4 mm. Priklju\u010dek se s pritrdilnim obro\u010dem pritrdi na stekleno korito. Na drugi konec priklju\u010dka lahko pritrdite cevi z zunanjim premerom 14 mm ali notranjim premerom 16 mm ali 20 mm.<\/p>","protected":false},"excerpt":{"rendered":"<p>Dimenzije: Notranji premer = 14 mm Zunanji premer = 16 mm (prva stopnja), 20 mm (druga stopnja) Dol\u017eina = 36 mm Vsebina: Vsebuje: 1x priklju\u010dek za cev za umivalnik 1x vpenjalni obro\u010dek Priklju\u010dek: Umivalnik: Prilega se 27 mm (3\/4\") luknjam z debelino stene 4 mm! Cevi: Cev 14\/10 se tesno vstavi v vti\u010dnico 14mm Cev 20\/16 se tesno pritrdi na","protected":false},"featured_media":357,"comment_status":"open","ping_status":"closed","template":"","meta":{"_acf_changed":false,"content-type":"","_monsterinsights_skip_tracking":false,"_monsterinsights_sitenote_active":false,"_monsterinsights_sitenote_note":"","_monsterinsights_sitenote_category":0},"product_brand":[],"product_cat":[121],"product_tag":[],"class_list":{"0":"post-2823","1":"product","2":"type-product","3":"status-publish","4":"has-post-thumbnail","6":"product_cat-connectors","8":"first","9":"instock","10":"taxable","11":"shipping-taxable","12":"purchasable","13":"product-type-simple"},"acf":[],"aioseo_notices":[],"jetpack_sharing_enabled":true,"_links":{"self":[{"href":"https:\/\/antcube.shop\/sl\/wp-json\/wp\/v2\/product\/2823","targetHints":{"allow":["GET"]}}],"collection":[{"href":"https:\/\/antcube.shop\/sl\/wp-json\/wp\/v2\/product"}],"about":[{"href":"https:\/\/antcube.shop\/sl\/wp-json\/wp\/v2\/types\/product"}],"replies":[{"embeddable":true,"href":"https:\/\/antcube.shop\/sl\/wp-json\/wp\/v2\/comments?post=2823"}],"wp:featuredmedia":[{"embeddable":true,"href":"https:\/\/antcube.shop\/sl\/wp-json\/wp\/v2\/media\/357"}],"wp:attachment":[{"href":"https:\/\/antcube.shop\/sl\/wp-json\/wp\/v2\/media?parent=2823"}],"wp:term":[{"taxonomy":"product_brand","embeddable":true,"href":"https:\/\/antcube.shop\/sl\/wp-json\/wp\/v2\/product_brand?post=2823"},{"taxonomy":"product_cat","embeddable":true,"href":"https:\/\/antcube.shop\/sl\/wp-json\/wp\/v2\/product_cat?post=2823"},{"taxonomy":"product_tag","embeddable":true,"href":"https:\/\/antcube.shop\/sl\/wp-json\/wp\/v2\/product_tag?post=2823"}],"curies":[{"name":"wp","href":"https:\/\/api.w.org\/{rel}","templated":true}]}}