{"id":2821,"date":"2021-10-13T18:28:32","date_gmt":"2021-10-13T16:28:32","guid":{"rendered":"https:\/\/antcube.shop\/produkt\/handlupe-2fach-30mm\/"},"modified":"2026-04-02T17:07:21","modified_gmt":"2026-04-02T15:07:21","slug":"handlupe-2fach-30mm","status":"publish","type":"product","link":"https:\/\/antcube.shop\/sl\/izdelek\/handlupe-2fach-30mm\/","title":{"rendered":"Ro\u010dna lupa - 2x - 30 mm"},"content":{"rendered":"<p><strong>Dimenzije (Dx\u0160xV):<\/strong> 80x36x2 mm<\/p>\n<p><strong>Material:<\/strong> plastika<\/p>\n<p><strong>Barva:<\/strong> prozorno<\/p>\n<p><strong>Vsebina:<\/strong><br \/>\n<strong>1x<\/strong> ro\u010dna lupa<\/p>\n<p><strong>Tehni\u010dne specifikacije:<\/strong><br \/>\nPove\u010dava = 2x<\/p>\n<p><strong>Opis \/ uporaba:<\/strong><br \/>\nRo\u010dna lupa za preverjanje mravelj ali hranjenja \u017eu\u017eelk.<\/p>\n<p><strong>Obvestilo:<\/strong><br \/>\nEnostavna obdelava in preprosta kakovost, saj je izdelan iz plastike in je ob\u010dutljiv na praske.<\/p>","protected":false},"excerpt":{"rendered":"<p>Dimenzije (Dx\u0160xV): 80x36x2 mm Material: plastika Barva: prozorna Vsebina: Sestavni del: 1x ro\u010dna lupa Tehni\u010dne specifikacije: Opis \/ uporaba: Pove\u010dava = 2x: Ro\u010dna lupa za preverjanje mravelj ali hranjenja \u017eu\u017eelk. Opozorilo: Priro\u010dnik za uporabo: Preprosta obdelava in preprosta kakovost, ker je izdelana iz plastike in je ob\u010dutljiva na praske.<\/p>","protected":false},"featured_media":310,"comment_status":"open","ping_status":"closed","template":"","meta":{"_acf_changed":false,"content-type":"","_monsterinsights_skip_tracking":false,"_monsterinsights_sitenote_active":false,"_monsterinsights_sitenote_note":"","_monsterinsights_sitenote_category":0},"product_brand":[],"product_cat":[237],"product_tag":[],"class_list":{"0":"post-2821","1":"product","2":"type-product","3":"status-publish","4":"has-post-thumbnail","6":"product_cat-tools","8":"first","9":"instock","10":"taxable","11":"shipping-taxable","12":"purchasable","13":"product-type-simple"},"acf":[],"aioseo_notices":[],"jetpack_sharing_enabled":true,"_links":{"self":[{"href":"https:\/\/antcube.shop\/sl\/wp-json\/wp\/v2\/product\/2821","targetHints":{"allow":["GET"]}}],"collection":[{"href":"https:\/\/antcube.shop\/sl\/wp-json\/wp\/v2\/product"}],"about":[{"href":"https:\/\/antcube.shop\/sl\/wp-json\/wp\/v2\/types\/product"}],"replies":[{"embeddable":true,"href":"https:\/\/antcube.shop\/sl\/wp-json\/wp\/v2\/comments?post=2821"}],"wp:featuredmedia":[{"embeddable":true,"href":"https:\/\/antcube.shop\/sl\/wp-json\/wp\/v2\/media\/310"}],"wp:attachment":[{"href":"https:\/\/antcube.shop\/sl\/wp-json\/wp\/v2\/media?parent=2821"}],"wp:term":[{"taxonomy":"product_brand","embeddable":true,"href":"https:\/\/antcube.shop\/sl\/wp-json\/wp\/v2\/product_brand?post=2821"},{"taxonomy":"product_cat","embeddable":true,"href":"https:\/\/antcube.shop\/sl\/wp-json\/wp\/v2\/product_cat?post=2821"},{"taxonomy":"product_tag","embeddable":true,"href":"https:\/\/antcube.shop\/sl\/wp-json\/wp\/v2\/product_tag?post=2821"}],"curies":[{"name":"wp","href":"https:\/\/api.w.org\/{rel}","templated":true}]}}