{"id":2820,"date":"2021-10-13T18:28:23","date_gmt":"2021-10-13T16:28:23","guid":{"rendered":"https:\/\/antcube.shop\/produkt\/ameisen-ausbruchsschutz-ol-10ml\/"},"modified":"2026-04-04T08:07:12","modified_gmt":"2026-04-04T06:07:12","slug":"ameisen-ausbruchsschutz-ol-10ml","status":"publish","type":"product","link":"https:\/\/antcube.shop\/sl\/izdelek\/ameisen-ausbruchsschutz-ol-10ml\/","title":{"rendered":"Olje za za\u0161\u010dito pred pobegom mravelj 10ml"},"content":{"rendered":"<p><strong>Vsebina:<\/strong> 10 ml (dovolj za pribli\u017eno 10-15 metrov 2 cm \u0161irokega traku)<\/p>\n<p><strong>Barva:<\/strong> prozoren, brezbarven<\/p>\n<p><strong>Material:<\/strong> na osnovi parafinskega olja<\/p>\n<p><strong>Prednost:<\/strong> Uporablja se lahko na vseh gladkih povr\u0161inah, kot sta steklo ali plastika:<\/p>\n<p><strong>Slabost:<\/strong> Pri velikih kolonijah lahko \u017eivali s hojo po povr\u0161ini stekla raz\u0161irijo olje, zato je treba steklo s\u010dasoma o\u010distiti.<\/p>\n<p><strong>Uporaba:<\/strong> Folija mora biti na notranjem robu pribli\u017eno trikrat \u0161ir\u0161a od dol\u017eine mravelj, nanesena pa mora biti brez kapljanja.<\/p>\n<p><strong>Obnovitev:<\/strong> 2-4 mesece, odvisno od velikosti kolonije in sezone.<\/p>\n<p><strong>Opomba:<\/strong> \u017divali morajo biti v stiku z oljem le z nogami. V primeru velikih kapljic obstaja nevarnost, da \u017eivali z glavo zaidejo v kapljico in se zadu\u0161ijo z oljem.<\/p>\n<p><a href=\"https:\/\/antcube.shop\/wp-content\/uploads\/2022\/02\/ant_escape_protection_oil_en.pdf\">Varnostni list za olje za za\u0161\u010dito pred prodiranjem mravelj, (PDF 0,1 MB)<\/a><br \/>\n(Vsebuje: varnostna navodila)<\/p>\n<p>&nbsp;<\/p>","protected":false},"excerpt":{"rendered":"<p>Vsebina: Barva: prozorna, brezbarvna Material: na osnovi parafinskega olja Prednosti: prozoren, brezbarven: Lahko se nana\u0161a na vse gladke povr\u0161ine, kot sta steklo ali plastika: Slabosti: V primeru velikih kolonij lahko \u017eivali s hojo po povr\u0161ini olja raz\u0161irijo olje po steklu,","protected":false},"featured_media":303,"comment_status":"open","ping_status":"closed","template":"","meta":{"_acf_changed":false,"content-type":"","_monsterinsights_skip_tracking":false,"_monsterinsights_sitenote_active":false,"_monsterinsights_sitenote_note":"","_monsterinsights_sitenote_category":0},"product_brand":[],"product_cat":[237],"product_tag":[],"class_list":{"0":"post-2820","1":"product","2":"type-product","3":"status-publish","4":"has-post-thumbnail","6":"product_cat-tools","8":"first","9":"instock","10":"taxable","11":"shipping-taxable","12":"purchasable","13":"product-type-simple"},"acf":[],"aioseo_notices":[],"jetpack_sharing_enabled":true,"_links":{"self":[{"href":"https:\/\/antcube.shop\/sl\/wp-json\/wp\/v2\/product\/2820","targetHints":{"allow":["GET"]}}],"collection":[{"href":"https:\/\/antcube.shop\/sl\/wp-json\/wp\/v2\/product"}],"about":[{"href":"https:\/\/antcube.shop\/sl\/wp-json\/wp\/v2\/types\/product"}],"replies":[{"embeddable":true,"href":"https:\/\/antcube.shop\/sl\/wp-json\/wp\/v2\/comments?post=2820"}],"wp:featuredmedia":[{"embeddable":true,"href":"https:\/\/antcube.shop\/sl\/wp-json\/wp\/v2\/media\/303"}],"wp:attachment":[{"href":"https:\/\/antcube.shop\/sl\/wp-json\/wp\/v2\/media?parent=2820"}],"wp:term":[{"taxonomy":"product_brand","embeddable":true,"href":"https:\/\/antcube.shop\/sl\/wp-json\/wp\/v2\/product_brand?post=2820"},{"taxonomy":"product_cat","embeddable":true,"href":"https:\/\/antcube.shop\/sl\/wp-json\/wp\/v2\/product_cat?post=2820"},{"taxonomy":"product_tag","embeddable":true,"href":"https:\/\/antcube.shop\/sl\/wp-json\/wp\/v2\/product_tag?post=2820"}],"curies":[{"name":"wp","href":"https:\/\/api.w.org\/{rel}","templated":true}]}}