{"id":2817,"date":"2021-10-13T18:27:26","date_gmt":"2021-10-13T16:27:26","guid":{"rendered":"https:\/\/antcube.shop\/produkt\/kunststoff-pipette-3ml\/"},"modified":"2026-04-20T16:11:06","modified_gmt":"2026-04-20T14:11:06","slug":"kunststoff-pipeta-3ml","status":"publish","type":"product","link":"https:\/\/antcube.shop\/sl\/izdelek\/kunststoff-pipeta-3ml\/","title":{"rendered":"Plasti\u010dna pipeta 3ml"},"content":{"rendered":"<p><strong>Opis:<\/strong><br \/>\nPlasti\u010dne pipete lahko seveda ve\u010dkrat uporabite za vla\u017eenje.<br \/>\n<strong>Dimenzije:<\/strong><br \/>\n3 ml \/ dol\u017eina 150 mm.<\/p>","protected":false},"excerpt":{"rendered":"<p>Opis: Plasti\u010dne pipete lahko seveda ve\u010dkrat uporabite za vla\u017eenje. Dimenzije: 3 ml \/ dol\u017eina 150 mm.<\/p>","protected":false},"featured_media":314,"comment_status":"open","ping_status":"closed","template":"","meta":{"_acf_changed":false,"content-type":"","_monsterinsights_skip_tracking":false,"_monsterinsights_sitenote_active":false,"_monsterinsights_sitenote_note":"","_monsterinsights_sitenote_category":0},"product_brand":[],"product_cat":[237],"product_tag":[],"class_list":{"0":"post-2817","1":"product","2":"type-product","3":"status-publish","4":"has-post-thumbnail","6":"product_cat-tools","8":"first","9":"instock","10":"taxable","11":"shipping-taxable","12":"purchasable","13":"product-type-simple"},"acf":[],"aioseo_notices":[],"jetpack_sharing_enabled":true,"_links":{"self":[{"href":"https:\/\/antcube.shop\/sl\/wp-json\/wp\/v2\/product\/2817","targetHints":{"allow":["GET"]}}],"collection":[{"href":"https:\/\/antcube.shop\/sl\/wp-json\/wp\/v2\/product"}],"about":[{"href":"https:\/\/antcube.shop\/sl\/wp-json\/wp\/v2\/types\/product"}],"replies":[{"embeddable":true,"href":"https:\/\/antcube.shop\/sl\/wp-json\/wp\/v2\/comments?post=2817"}],"wp:featuredmedia":[{"embeddable":true,"href":"https:\/\/antcube.shop\/sl\/wp-json\/wp\/v2\/media\/314"}],"wp:attachment":[{"href":"https:\/\/antcube.shop\/sl\/wp-json\/wp\/v2\/media?parent=2817"}],"wp:term":[{"taxonomy":"product_brand","embeddable":true,"href":"https:\/\/antcube.shop\/sl\/wp-json\/wp\/v2\/product_brand?post=2817"},{"taxonomy":"product_cat","embeddable":true,"href":"https:\/\/antcube.shop\/sl\/wp-json\/wp\/v2\/product_cat?post=2817"},{"taxonomy":"product_tag","embeddable":true,"href":"https:\/\/antcube.shop\/sl\/wp-json\/wp\/v2\/product_tag?post=2817"}],"curies":[{"name":"wp","href":"https:\/\/api.w.org\/{rel}","templated":true}]}}