{"id":2746,"date":"2021-10-08T12:06:14","date_gmt":"2021-10-08T10:06:14","guid":{"rendered":"https:\/\/antcube.shop\/produkt\/antcube-starter-set-l-20x20-wald\/"},"modified":"2026-03-11T18:31:18","modified_gmt":"2026-03-11T17:31:18","slug":"komplet-za-zagon-cevi-l-20x20-wald","status":"publish","type":"product","link":"https:\/\/antcube.shop\/sl\/izdelek\/komplet-za-zagon-cevi-l-20x20-wald\/","title":{"rendered":"Za\u010detni komplet ANTCUBE L - 20\u00d720 - Gozd"},"content":{"rendered":"<p><strong>Vsebina:<\/strong><br \/>\n1x ANTCUBE - Arena 20x20x10 - ravna<br \/>\n1x okvir za mravlji\u0161\u010de 20\u00d720<br \/>\n1x pokrov za mravlji\u0161\u010de 20\u00d720<br \/>\n4x pritrdilna to\u010dka za pokrov arene<br \/>\n1x ANTCUBE - mravlji\u0161\u010de - L - 20\u00d720 - pokon\u010den<\/p>\n<p>1x 0,5 m prozorna cev 20\/16 mm<br \/>\n1x ANTCUBE - Rde\u010da folija 20\u00d720 - filter<br \/>\n1x samolepilne sponke - prozorne 2 kosa.<br \/>\n1x substrat - gozd - 1 kg<br \/>\n1x Formicarien granule 200 ml - \u010drne<\/p>\n<p>2x Grid insert acrylic &#8211; 50 mm with sealing ring<br \/>\n1x Grid insert acrylic &#8211; 27 mm with sealing ring<br \/>\n1x pokrov\u010dek mre\u017ee - 16 mm - nerjave\u010de jeklo<\/p>\n<p>1x priklju\u010dek za cev rezervoarja 27-14,16,20 mm - prozoren<br \/>\n1x Olje za za\u0161\u010dito pred pobegom mravelj 10ml<br \/>\n1x pinceta iz vzmetnega jekla - \u0161iroka - mehka<br \/>\n1x pinceta plasti\u010dna prozorna<br \/>\n1x plasti\u010dna pipeta 3ml<br \/>\n1x ro\u010dna lupa - 2x - 30 mm<br \/>\n1x penasti brisalec 150x18x2,5 mm<\/p>\n<p>1x drinking clear 5ml &#8211; sponge<br \/>\n1x Feeding dish white rectangle &#8211; 3 compartments<br \/>\n1x Drinking trough 2ml &#8211; 360 Degrees<\/p>\n<p>1x Foil thermometer &#8211; farm<br \/>\n1x Foil thermometer display<br \/>\n1x hrbtna stran fotografije - gozd - 20\u00d710<\/p>\n<p><strong>Opis:<\/strong><br \/>\nTa za\u010detni komplet za gozd je primeren za vse vrste mravelj, ki \u017eivijo na gozdnih tleh.<\/p>\n<p>In the fully transparent farm (nest), the &#8220;Soil &#8211; Forest&#8221; is used to fill the farm. If required, additional modules can be connected via the 50 mm holes in the cover, e.g. the separately available foggers, fans or lights. Alternatively, suitable formicarium plugs are included to close the openings. If desired, the formicarium can also be operated open by simply attaching the removable frame and applying the ant escape protection oil to the edge. The &#8220;Drinking trough 2ml &#8211; 360 degrees&#8221; is intended for honey\/sugar solution, the &#8220;Drinking trough clear 5ml &#8211; sponge&#8221; for water. The &#8220;Foil thermometer display&#8221; can be attached to the frame or the cover and displays the climate values.<\/p>\n<p><strong>Pomembno:<\/strong> Pred uporabo substrat navla\u017eite, da se me\u0161anica lahko pove\u017ee in trdno oprime v mravlji\u0161\u010du. \u010ce je substrat presuh in pra\u0161en, se lahko dihalne poti mravelj zama\u0161ijo, v najslab\u0161em primeru pa se lahko \u017eivali zadu\u0161ijo.<\/p>\n<p><strong>Priporo\u010dilo:<\/strong> Priporo\u010damo plast substrata vi\u0161ine 2 mm, da se \u017eivali ne morejo zakopati v areno in namesto tega uporabljajo v ta namen predvideno farmo. Priporo\u010damo tudi, da je gnezdilni material v farmi (pesek\/glina, Digfix itd.) na enem mestu rahlo naboden, da \u017eivali la\u017eje kopljejo.<\/p>\n<p><strong>Opombe o proizvodnji<\/strong><br \/>\nSteklo se re\u017ee po velikosti v skladu z DIN 1249 s toleranco +\/- 1 mm. Za izjemno majhne vrste mravelj je nujna dodatna za\u0161\u010dita pred razbitjem.<\/p>\n<p><strong>Opombe o kmetiji<\/strong><br \/>\nPri name\u0161\u010danju ali odstranjevanju cevi upo\u0161tevajte naslednje:<br \/>\n\u010ce se cev zelo te\u017eko prilega priklju\u010dni vti\u010dnici, vti\u010dnico rahlo natrite s kapljico na\u0161ega olja ali pra\u0161ka proti razbijanju. Nato je treba cev potisniti na vti\u010dnico z vrtenjem ali vija\u010denjem, ne da bi vti\u010dnico obremenjevali z gibi navzgor in navzdol. Enako velja za odstranjevanje cevi iz priklju\u010dne vti\u010dnice na kmetiji. Ne potegnite je preprosto s sebe!<\/p>\n<p><strong>Navodila: <\/strong>(Razli\u010dica 2023, posodobljena razli\u010dica za leto 2024 bo na voljo najpozneje do 04\/2024)<\/p>\n<p>- DE <a href=\"https:\/\/www.antstore.net\/shop\/images\/info\/de\/Gebrauchsanweisung%20Starter%20Set%20Habitat.pdf\" data-cke-saved-href=\"https:\/\/www.antstore.net\/shop\/images\/info\/de\/Gebrauchsanweisung%20Starter%20Set%20Habitat.pdf\">Za\u010detni komplet Habitat<\/a> (PDF 3,21 MB)<\/p>\n<p>- SL <a href=\"https:\/\/www.antstore.net\/shop\/images\/info\/en\/Instructions%20for%20use%20-%20Starter%20Set%20Habitat.pdf\" data-cke-saved-href=\"https:\/\/www.antstore.net\/shop\/images\/info\/en\/Instructions%20for%20use%20-%20Starter%20Set%20Habitat.pdf\">Navodila za uporabo - za\u010detni komplet Habitat<\/a> (PDF 3,21 MB)<\/p>\n<p>- ES <a href=\"https:\/\/www.antstore.net\/shop\/images\/info\/es\/Manual%20de%20instrucciones%20-%20Set%20de%20inicio%20H%C3%A1bitat.pdf\" data-cke-saved-href=\"https:\/\/www.antstore.net\/shop\/images\/info\/es\/Manual%20de%20instrucciones%20-%20Set%20de%20inicio%20H%C3%A1bitat.pdf\">Priro\u010dnik z navodili - Set de inicio H\u00e1bitat<\/a> (PDF 3,21 MB)<\/p>\n<p>- FR <a href=\"https:\/\/www.antstore.net\/shop\/images\/info\/fr\/Manuel%20d'instruction%20-%20Kit%20de%20d%C3%A9marrage%20Habitat.pdf\" data-cke-saved-href=\"https:\/\/www.antstore.net\/shop\/images\/info\/fr\/Manuel%20d'instruction%20-%20Kit%20de%20d%C3%A9marrage%20Habitat.pdf\">Manuel d'instruction - Kit de d\u00e9marrage Habitat<\/a> (PDF 3,21 MB)<\/p>","protected":false},"excerpt":{"rendered":"<p>The set consists of 26 parts and \u00a0is suitable for all species of ants that live in forests.<br \/>\nVelikost: <span style=\"color: #0000ff;\"><strong>L<\/strong><\/span><\/p>","protected":false},"featured_media":5450,"comment_status":"open","ping_status":"closed","template":"","meta":{"_acf_changed":false,"content-type":"","_monsterinsights_skip_tracking":false,"_monsterinsights_sitenote_active":false,"_monsterinsights_sitenote_note":"","_monsterinsights_sitenote_category":0},"product_brand":[],"product_cat":[73,74],"product_tag":[],"class_list":{"0":"post-2746","1":"product","2":"type-product","3":"status-publish","4":"has-post-thumbnail","6":"product_cat-starter-sets","7":"product_cat-starter-sets-habitat","9":"first","10":"instock","11":"taxable","12":"shipping-taxable","13":"purchasable","14":"product-type-simple"},"acf":[],"aioseo_notices":[],"jetpack_sharing_enabled":true,"_links":{"self":[{"href":"https:\/\/antcube.shop\/sl\/wp-json\/wp\/v2\/product\/2746","targetHints":{"allow":["GET"]}}],"collection":[{"href":"https:\/\/antcube.shop\/sl\/wp-json\/wp\/v2\/product"}],"about":[{"href":"https:\/\/antcube.shop\/sl\/wp-json\/wp\/v2\/types\/product"}],"replies":[{"embeddable":true,"href":"https:\/\/antcube.shop\/sl\/wp-json\/wp\/v2\/comments?post=2746"}],"wp:featuredmedia":[{"embeddable":true,"href":"https:\/\/antcube.shop\/sl\/wp-json\/wp\/v2\/media\/5450"}],"wp:attachment":[{"href":"https:\/\/antcube.shop\/sl\/wp-json\/wp\/v2\/media?parent=2746"}],"wp:term":[{"taxonomy":"product_brand","embeddable":true,"href":"https:\/\/antcube.shop\/sl\/wp-json\/wp\/v2\/product_brand?post=2746"},{"taxonomy":"product_cat","embeddable":true,"href":"https:\/\/antcube.shop\/sl\/wp-json\/wp\/v2\/product_cat?post=2746"},{"taxonomy":"product_tag","embeddable":true,"href":"https:\/\/antcube.shop\/sl\/wp-json\/wp\/v2\/product_tag?post=2746"}],"curies":[{"name":"wp","href":"https:\/\/api.w.org\/{rel}","templated":true}]}}