{"id":2744,"date":"2021-10-08T12:05:54","date_gmt":"2021-10-08T10:05:54","guid":{"rendered":"https:\/\/antcube.shop\/produkt\/antcube-starter-set-s-20x20-wald\/"},"modified":"2026-04-04T18:58:20","modified_gmt":"2026-04-04T16:58:20","slug":"komplet-za-zagon-antcube-s-20x20-wald","status":"publish","type":"product","link":"https:\/\/antcube.shop\/sl\/izdelek\/komplet-za-zagon-antcube-s-20x20-wald\/","title":{"rendered":"Za\u010detni komplet ANTCUBE S - 20\u00d720 - Gozd"},"content":{"rendered":"<p><strong>Vsebina:<\/strong><br \/>\n1x Cvr\u010dkova marmelada 25g<br \/>\n1x Gozdni med (Wa) - polnilo 10ml<\/p>\n<p>1x ANTCUBE - Arena 20x20x10 - ravna<br \/>\n1x okvir za mravlji\u0161\u010de 20\u00d720<br \/>\n1x pokrov za mravlji\u0161\u010de 20\u00d720<br \/>\n4x pritrdilna to\u010dka za pokrov arene<br \/>\n1x ANTCUBE - mravlji\u0161\u010de - L - 20\u00d720 - pokon\u010den<\/p>\n<p>1x 0,5 m prozorna cev 10\/06 mm<br \/>\n1x ANTCUBE - Rde\u010da folija 20\u00d720 - filter<br \/>\n1x samolepilne sponke - prozorne 2 kosa.<br \/>\n1x substrat - gozd - 1 kg<br \/>\n1x Formicarien granule 200 ml - \u010drne<\/p>\n<p>1x mre\u017eni vlo\u017eek - 50 mm - nerjave\u010de jeklo<br \/>\n1x Formikarijev \u010dep za 50 mm luknjo<br \/>\n1x Formikarijev \u010dep za 27 mm luknjo<br \/>\n1x pokrov\u010dek Formicarium za 6 mm vti\u010dnico<\/p>\n<p>1x priklju\u010dek za bazen B-27 in S-10-16 mm M25 - komplet<br \/>\n1x korito za pitje 2ml - 360 stopinj<br \/>\n1x pitnik prozoren 20ml - goba<br \/>\n1x skleda brezbarvna 1\u00d720 - gobica<br \/>\n1x Mini termometer analogni - prikazovalnik - vise\u010di<br \/>\n1x Olje za za\u0161\u010dito pred mravljami 10ml<br \/>\n1x pinceta iz vzmetnega jekla - \u0161iroka - mehka<br \/>\n1x pinceta plasti\u010dna prozorna<br \/>\n1x plasti\u010dna pipeta 3ml<br \/>\n1x ro\u010dna lupa - 2x - 30 mm<br \/>\n1x penasti brisalec 150x18x2,5 mm<br \/>\n1x hrbtna stran fotografije - gozd - 20\u00d710<\/p>\n<p><strong>Opis:<\/strong><br \/>\nTa za\u010detni komplet za gozd je primeren za vse vrste mravelj, ki \u017eivijo na gozdnih tleh.<\/p>\n<p>V popolnoma pregledni kmetiji (gnezdo) se za zapolnitev kmetije uporabi \"zemlja - pu\u0161\u010dava\". Po potrebi lahko prek 50 mm lukenj v pokrovu priklju\u010dite dodatne module, npr. lo\u010deno dostopne meglenke, ventilatorje ali lu\u010di. Alternativno so prilo\u017eeni ustrezni formikarijski \u010depi za zapiranje odprtin. Po \u017eelji lahko formikarij deluje tudi odprt, tako da preprosto pritrdite odstranljivi okvir in na rob nanesete olje za za\u0161\u010dito pred pobegom mravelj. \"Pitnik 2ml - 360 stopinj\" je namenjen medu\/sladkorni raztopini, \"Pitnik prozoren 20ml - goba\" pa vodi. \"Mini termohigrometer\" se lahko pritrdi na okvir ali pokrov in prikazuje klimatske vrednosti.<\/p>\n<p><strong>Pomembno:<\/strong> Pred uporabo substrat navla\u017eite, da se me\u0161anica lahko pove\u017ee in trdno oprime v mravlji\u0161\u010du. \u010ce je substrat presuh in pra\u0161en, se lahko dihalne poti mravelj zama\u0161ijo, v najslab\u0161em primeru pa se lahko \u017eivali zadu\u0161ijo.<\/p>\n<p><strong>Priporo\u010dilo:<\/strong> Priporo\u010damo plast substrata vi\u0161ine 2 mm, da se \u017eivali ne morejo zakopati v areno in namesto tega uporabljajo v ta namen predvideno farmo. Priporo\u010damo tudi, da je gnezdilni material v farmi (pesek\/glina, Digfix itd.) na enem mestu rahlo naboden, da \u017eivali la\u017eje kopljejo.<\/p>\n<p><strong>Opombe o proizvodnji<\/strong><br \/>\nSteklo se re\u017ee po velikosti v skladu z DIN 1249 s toleranco +\/- 1 mm. Za izjemno majhne vrste mravelj je nujna dodatna za\u0161\u010dita pred razbitjem.<\/p>\n<p><strong>Opombe o kmetiji<\/strong><br \/>\nPri name\u0161\u010danju ali odstranjevanju cevi upo\u0161tevajte naslednje:<br \/>\n\u010ce se cev zelo te\u017eko prilega priklju\u010dni vti\u010dnici, vti\u010dnico rahlo natrite s kapljico na\u0161ega olja ali pra\u0161ka proti razbijanju. Nato je treba cev potisniti na vti\u010dnico z vrtenjem ali vija\u010denjem, ne da bi vti\u010dnico obremenjevali z gibi navzgor in navzdol. Enako velja za odstranjevanje cevi iz priklju\u010dne vti\u010dnice na kmetiji. Ne potegnite je preprosto s sebe!<\/p>\n<p><strong>Navodila:<\/strong> (Razli\u010dica 2023, posodobljena razli\u010dica za leto 2024 bo na voljo najpozneje do 04\/2024)<\/p>\n<p>- DE <a href=\"https:\/\/www.antstore.net\/shop\/images\/info\/de\/Gebrauchsanweisung%20Starter%20Set%20Habitat.pdf\">Za\u010detni komplet Habitat<\/a> (PDF 3,21 MB)<\/p>\n<p>- SL <a href=\"https:\/\/www.antstore.net\/shop\/images\/info\/en\/Instructions%20for%20use%20-%20Starter%20Set%20Habitat.pdf\">Navodila za uporabo - za\u010detni komplet Habitat<\/a> (PDF 3,21 MB)<\/p>\n<p>- ES <a href=\"https:\/\/www.antstore.net\/shop\/images\/info\/es\/Manual%20de%20instrucciones%20-%20Set%20de%20inicio%20H%C3%A1bitat.pdf\">Priro\u010dnik z navodili - Set de inicio H\u00e1bitat<\/a> (PDF 3,21 MB)<\/p>\n<p>- FR <a href=\"https:\/\/www.antstore.net\/shop\/images\/info\/fr\/Manuel%20d'instruction%20-%20Kit%20de%20d%C3%A9marrage%20Habitat.pdf\">Manuel d'instruction - Kit de d\u00e9marrage Habitat<\/a> (PDF 3,21 MB)<\/p>\n<p><strong>Note on Forest Honey (Wa) - polnilno pakiranje 10ml<\/strong><br \/>\nVsebina: Vsebnost: 10 ml<\/p>\n<p><strong>Opis:<\/strong> To je povsem naraven izdelek. Med izvira iz gozdov, zato je idealen za vrste mravelj, ki \u017eivijo v gozdu.<br \/>\nCev za hrano lahko v formikarij namestite v celoti, lahko pa v posodo za hrano po potrebi\/ glede na velikost kolonije dodajate manj\u0161e koli\u010dine. Hrano je treba porabiti v pribli\u017eno treh dneh, sicer obstaja nevarnost nastanka plesni, zato je treba pred polnjenjem o\u010distiti posodo za hrano.<\/p>\n<p><strong>Uporaba:<\/strong><br \/>\nGozdni med = za vrste medonosnih mravelj (Meliphagidae)<br \/>\nTo je dopolnilna krma<br \/>\n\u017divalim ga lahko ponudite kot zalogo. Ker se koncentracija sladkorja zaradi vlage zmanj\u0161a in se za\u010dne proces fermentacije, je treba hrano zamenjati vsake tri dni. Pred ponovno uporabo temeljito o\u010distite posodo\/teko\u010dinko za hranjenje.<br \/>\nPo odprtju embala\u017ee jo je treba hraniti tesno zaprto do izteka roka uporabnosti.<\/p>\n<p><strong>Vsebuje:<\/strong> Sestavine medu na splo\u0161no, razmerja pa se razlikujejo glede na vrsto medu.<br \/>\n- pribli\u017eno 38 % sadnega sladkorja (fruktoza)<br \/>\n- pribli\u017eno 32 % dekstroza (glukoza)<br \/>\n- pribli\u017eno 20 % vode<br \/>\n- pribli\u017eno 5 % polisaharidov<br \/>\n- pribli\u017eno 5 vitaminov % (B1, B2, B6, C, H)<br \/>\nMinerali (kalij, kalcij, baker, \u017eelezo, natrij, magnezij, fosfor, cink in drugi elementi v sledovih) Aminokisline (prolin, levcin, fenilalanin, alanin, histidin, izolevcin, glutaminska kislina, arginin, asparaginska kislina itd.) Organske kisline Encimi (fermenti) Arome Inhibini (antibakterijske snovi) Cvetovi Cvetni prah<\/p>\n<p><strong>Shranjevanje:<\/strong> Da bi zagotovili kakovost krme, jo je treba hraniti v temnem in suhem prostoru.<\/p>\n<p><strong>Opomba:<\/strong><br \/>\nDopolnilna krma za mravlje, ki se prehranjujejo z medom.<br \/>\nSestavo, analiti\u010dne sestavine, datum uporabnosti in \u0161tevilko serije najdete v navodilih za uporabo.<\/p>\n<p>Informacijska telefonska \u0161tevilka +49 30 439703870<\/p>\n<p><strong>Pristojni veterinarski in \u017eivilski in\u0161pektorat:<\/strong><br \/>\nVeterinarski urad Steglitz<br \/>\nK\u00f6nigin-Luise-Str. 92<br \/>\n14195 Berlin<\/p>\n<p><strong>Opombe o d\u017eemu za kriket:<\/strong><br \/>\nNa\u0161a marmelada za \u010dri\u010dke je enostaven na\u010din, kako mravljam zagotoviti sve\u017ee konzervirano beljakovinsko hrano, ne da bi jim bilo treba hraniti \u017eive \u017eu\u017eelke. Vsebovani \u010dri\u010dki (Acheta domesticus) so bili ne\u017eno kuhani, da se ohranijo hranilne vrednosti, okus in aroma. Poleg tega se na ta na\u010din zmeh\u010da hitinska lupina \u017eu\u017eelk, da se la\u017eje prebavi. Veziva kolagenskih beljakovin se razgradi, tako da jih mravlje lahko bolje izkoristijo. Konzerve Acheta domesticus imajo enako hranilno vrednost kot \u017eivi \u010dri\u010dki, vendar so la\u017eje prebavljive.<\/p>\n<p>Cricket Jam ni primeren za lov na vrste mravelj, ki potrebujejo \u017eivo hrano (npr. ponirki (velike mravlje), kot sta Harpegnathos ali Odontomachus).<\/p>\n<p><strong>Dodatne prednosti:<\/strong><br \/>\nZagotovljeno brez pr\u0161ic<br \/>\nLahko se razdeli po porcijah in razred\u010di z vodo<br \/>\nSterilizirano in vakuumsko pakirano<br \/>\nBrez dodatkov<br \/>\nCvr\u010dki iz trajnostne ekolo\u0161ke vzreje, hranjeni z organskimi odpadki<\/p>\n<p><strong>Opomba:<\/strong><br \/>\nV hladilniku lahko hranite pribli\u017eno \u0161tiri dni po odprtju. \u010ce je zamrznjen, je rok trajanja dalj\u0161i.<br \/>\nPozornost: Najprej porcionirajte, nato zamrznite.<\/p>","protected":false},"excerpt":{"rendered":"<p>Komplet je sestavljen iz 42 kosov in je namenjen vsem vrstam mravelj, ki \u017eivijo v gozdnih tleh.<br \/>\nVelikost: <span style=\"color: #ff8c00;\"><strong>S<\/strong><\/span><\/p>","protected":false},"featured_media":5450,"comment_status":"open","ping_status":"closed","template":"","meta":{"_acf_changed":false,"content-type":"","_monsterinsights_skip_tracking":false,"_monsterinsights_sitenote_active":false,"_monsterinsights_sitenote_note":"","_monsterinsights_sitenote_category":0},"product_brand":[],"product_cat":[73,74],"product_tag":[],"class_list":{"0":"post-2744","1":"product","2":"type-product","3":"status-publish","4":"has-post-thumbnail","6":"product_cat-starter-sets","7":"product_cat-starter-sets-habitat","9":"first","10":"outofstock","11":"taxable","12":"shipping-taxable","13":"purchasable","14":"product-type-simple"},"acf":[],"aioseo_notices":[],"jetpack_sharing_enabled":true,"_links":{"self":[{"href":"https:\/\/antcube.shop\/sl\/wp-json\/wp\/v2\/product\/2744","targetHints":{"allow":["GET"]}}],"collection":[{"href":"https:\/\/antcube.shop\/sl\/wp-json\/wp\/v2\/product"}],"about":[{"href":"https:\/\/antcube.shop\/sl\/wp-json\/wp\/v2\/types\/product"}],"replies":[{"embeddable":true,"href":"https:\/\/antcube.shop\/sl\/wp-json\/wp\/v2\/comments?post=2744"}],"wp:featuredmedia":[{"embeddable":true,"href":"https:\/\/antcube.shop\/sl\/wp-json\/wp\/v2\/media\/5450"}],"wp:attachment":[{"href":"https:\/\/antcube.shop\/sl\/wp-json\/wp\/v2\/media?parent=2744"}],"wp:term":[{"taxonomy":"product_brand","embeddable":true,"href":"https:\/\/antcube.shop\/sl\/wp-json\/wp\/v2\/product_brand?post=2744"},{"taxonomy":"product_cat","embeddable":true,"href":"https:\/\/antcube.shop\/sl\/wp-json\/wp\/v2\/product_cat?post=2744"},{"taxonomy":"product_tag","embeddable":true,"href":"https:\/\/antcube.shop\/sl\/wp-json\/wp\/v2\/product_tag?post=2744"}],"curies":[{"name":"wp","href":"https:\/\/api.w.org\/{rel}","templated":true}]}}