{"id":2740,"date":"2021-10-08T12:05:15","date_gmt":"2021-10-08T10:05:15","guid":{"rendered":"https:\/\/antcube.shop\/produkt\/antcube-starter-set-l-20x20-gips\/"},"modified":"2026-04-07T13:50:33","modified_gmt":"2026-04-07T11:50:33","slug":"komplet-za-zagon-cevi-l-20x20-gips","status":"publish","type":"product","link":"https:\/\/antcube.shop\/sl\/izdelek\/komplet-za-zagon-cevi-l-20x20-gips\/","title":{"rendered":"Za\u010detni komplet ANTCUBE L - 20\u00d720 - mavec"},"content":{"rendered":"<p><strong>Vsebina:<\/strong><br \/>\n1x ANTCUBE - Arena 20x20x10 - ravna<br \/>\n1x okvir za mravlji\u0161\u010de 20\u00d720<br \/>\n1x pokrov za mravlji\u0161\u010de 20\u00d720<br \/>\n4x pritrdilna to\u010dka za pokrov arene<br \/>\n1x ANTCUBE - mravlji\u0161\u010de - L - 20\u00d720 - pokon\u010den<\/p>\n<p>1x ANTCUBE - mav\u010dno gnezdo 20\u00d720 - pokon\u010dno<br \/>\n1x 0,5 m prozorna cev 20\/16 mm<br \/>\n1x ANTCUBE - Rde\u010da folija 20\u00d720 - filter<br \/>\n1x samolepilne sponke - prozorne 2 kosa.<br \/>\n1x podlaga - pe\u0161\u010deno-glinasta bela - 1000g<\/p>\n<p>2x Grid insert acrylic &#8211; 50 mm with sealing ring<br \/>\n1x Grid insert acrylic &#8211; 27 mm with sealing ring<br \/>\n1x pokrov\u010dek mre\u017ee - 16 mm - nerjave\u010de jeklo<\/p>\n<p>1x priklju\u010dek za cev rezervoarja 27-14,16,20 mm - prozoren<br \/>\n1x Olje za za\u0161\u010dito pred pobegom mravelj 10ml<br \/>\n1x pinceta iz vzmetnega jekla - \u0161iroka - mehka<br \/>\n1x pinceta plasti\u010dna prozorna<br \/>\n1x plasti\u010dna pipeta 3ml<br \/>\n1x ro\u010dna lupa - 2x - 30 mm<br \/>\n1x penasti brisalec 150x18x2,5 mm<\/p>\n<p>1x drinking clear 5ml &#8211; sponge<br \/>\n1x Feeding dish white rectangle &#8211; 3 compartments<br \/>\n1x Drinking trough 2ml &#8211; 360 Degrees<\/p>\n<p>1x Foil thermometer &#8211; farm<br \/>\n1x Foil thermometer display<\/p>\n<p><strong>Opis:<\/strong><br \/>\nTa za\u010detni set iz mavca s pripravljenimi prehodi in komorami je primeren za razli\u010dne vrste mravelj, zlasti za tiste, ki gnezdijo med kamni ali pod njimi, in tiste, ki kopljejo v zemlji.<\/p>\n<p>The &#8220;ANTCUBE &#8211; plaster nest&#8221; can be inserted into the fully transparent farm. Alternatively, you can also use the &#8220;Soil &#8211; sand-clay white&#8221; to fill the farm or to close off some of the chambers of the gypsum nest. Additional modules can be connected via the 50 mm holes in the cover if required, e.g. the separately available foggers, fans or lights. Alternatively, suitable grid inserts and formicarium plugs to close the openings are included in the scope of delivery. If desired, the formicarium can also be operated open by simply placing the removable frame on top and applying the ant escape protection oil to the edge. The &#8220;Drinking trough 2ml &#8211; 360 degrees&#8221; is intended for honey\/sugar solution, the &#8220;Drinking trough clear 5ml &#8211; sponge&#8221; for water. The &#8220;Foil thermometer display&#8221; can be attached to the frame or the cover and displays the climate values.<\/p>\n<p><strong>Pomembno:<\/strong> Pred uporabo substrat navla\u017eite, da se me\u0161anica lahko pove\u017ee in trdno oprime v mravlji\u0161\u010du. \u010ce je substrat presuh in pra\u0161en, se lahko dihalne poti mravelj zama\u0161ijo, v najslab\u0161em primeru pa se lahko \u017eivali zadu\u0161ijo.<\/p>\n<p><strong>Priporo\u010dilo:<\/strong> Priporo\u010damo 2 mm visok sloj substrata, da se \u017eivali ne morejo zakopati v areno in namesto tega uporabljajo v ta namen predvideno farmo.<\/p>\n<p><strong>Opomba:<\/strong> Gnezdo je treba uporabiti v suhem ali rahlo vla\u017enem formikariju. \u010ce je gnezdo trajno vla\u017eno, lahko material splesni.<\/p>\n<p><strong>Opomba o kmetiji<\/strong><br \/>\nPri name\u0161\u010danju ali odstranjevanju cevi upo\u0161tevajte naslednje:<br \/>\n\u010ce se cev zelo te\u017eko prilega priklju\u010dni vti\u010dnici, vti\u010dnico rahlo natrite s kapljico na\u0161ega olja ali pra\u0161ka proti razbijanju. Nato je treba cev potisniti na vti\u010dnico z vrtenjem ali vija\u010denjem, ne da bi vti\u010dnico obremenjevali z gibi navzgor in navzdol. Enako velja za odstranjevanje cevi iz priklju\u010dne vti\u010dnice na kmetiji. Ne potegnite je preprosto s sebe!<\/p>\n<p><strong>Navodila:<\/strong> (Razli\u010dica 2023, posodobljena razli\u010dica za leto 2024 bo na voljo najpozneje do 04\/2024)<\/p>\n<p>- DE <a href=\"https:\/\/www.antstore.net\/shop\/images\/info\/de\/Gebrauchsanweisung%20Starter%20Set%20Gips.pdf\" data-cke-saved-href=\"https:\/\/www.antstore.net\/shop\/images\/info\/de\/Gebrauchsanweisung%20Starter%20Set%20Gips.pdf\">Za\u010detni komplet Gips<\/a> (PDF 2,66 MB)<\/p>\n<p>- SL <a href=\"https:\/\/www.antstore.net\/shop\/images\/info\/en\/Instructions%20for%20use%20-%20Starter%20Set%20Plaster.pdf\" data-cke-saved-href=\"https:\/\/www.antstore.net\/shop\/images\/info\/en\/Instructions%20for%20use%20-%20Starter%20Set%20Plaster.pdf\">Navodila za uporabo - za\u010detni set mavca<\/a> (PDF 2,66 MB)<\/p>\n<p>- ES <a href=\"https:\/\/www.antstore.net\/shop\/images\/info\/es\/Manual%20de%20instrucciones%20-%20Set%20de%20inicio%20de%20yeso.pdf\" data-cke-saved-href=\"https:\/\/www.antstore.net\/shop\/images\/info\/es\/Manual%20de%20instrucciones%20-%20Set%20de%20inicio%20de%20yeso.pdf\">Priro\u010dnik z navodili - Set de inicio de yeso<\/a> (PDF 2,66 MB)<\/p>\n<p>- FR <a href=\"https:\/\/www.antstore.net\/shop\/images\/info\/fr\/Manuel%20d'instruction%20-%20Kit%20de%20d%C3%A9marrage%20pl%C3%A2tre.pdf\" data-cke-saved-href=\"https:\/\/www.antstore.net\/shop\/images\/info\/fr\/Manuel%20d'instruction%20-%20Kit%20de%20d%C3%A9marrage%20pl%C3%A2tre.pdf\">Manuel d'instruction - Kit de d\u00e9marrage pl\u00e2tre<\/a> (PDF 2,66 MB)<\/p>","protected":false},"excerpt":{"rendered":"<p>The set consists of 25 parts and is suitable for various ant species, especially those that nest between or under stones and dig in the ground.<br \/>\nVelikost: <span style=\"color: #0000ff;\"><strong>L<\/strong><\/span><\/p>","protected":false},"featured_media":5447,"comment_status":"open","ping_status":"closed","template":"","meta":{"_acf_changed":false,"content-type":"","_monsterinsights_skip_tracking":false,"_monsterinsights_sitenote_active":false,"_monsterinsights_sitenote_note":"","_monsterinsights_sitenote_category":0},"product_brand":[],"product_cat":[73,77],"product_tag":[],"class_list":{"0":"post-2740","1":"product","2":"type-product","3":"status-publish","4":"has-post-thumbnail","6":"product_cat-starter-sets","7":"product_cat-starter-sets-gypsum","9":"first","10":"instock","11":"taxable","12":"shipping-taxable","13":"purchasable","14":"product-type-simple"},"acf":[],"aioseo_notices":[],"jetpack_sharing_enabled":true,"_links":{"self":[{"href":"https:\/\/antcube.shop\/sl\/wp-json\/wp\/v2\/product\/2740","targetHints":{"allow":["GET"]}}],"collection":[{"href":"https:\/\/antcube.shop\/sl\/wp-json\/wp\/v2\/product"}],"about":[{"href":"https:\/\/antcube.shop\/sl\/wp-json\/wp\/v2\/types\/product"}],"replies":[{"embeddable":true,"href":"https:\/\/antcube.shop\/sl\/wp-json\/wp\/v2\/comments?post=2740"}],"wp:featuredmedia":[{"embeddable":true,"href":"https:\/\/antcube.shop\/sl\/wp-json\/wp\/v2\/media\/5447"}],"wp:attachment":[{"href":"https:\/\/antcube.shop\/sl\/wp-json\/wp\/v2\/media?parent=2740"}],"wp:term":[{"taxonomy":"product_brand","embeddable":true,"href":"https:\/\/antcube.shop\/sl\/wp-json\/wp\/v2\/product_brand?post=2740"},{"taxonomy":"product_cat","embeddable":true,"href":"https:\/\/antcube.shop\/sl\/wp-json\/wp\/v2\/product_cat?post=2740"},{"taxonomy":"product_tag","embeddable":true,"href":"https:\/\/antcube.shop\/sl\/wp-json\/wp\/v2\/product_tag?post=2740"}],"curies":[{"name":"wp","href":"https:\/\/api.w.org\/{rel}","templated":true}]}}