{"id":2737,"date":"2021-10-08T12:04:45","date_gmt":"2021-10-08T10:04:45","guid":{"rendered":"https:\/\/antcube.shop\/produkt\/antcube-starter-set-fur-blattschneiderarten-gros\/"},"modified":"2026-04-15T12:56:37","modified_gmt":"2026-04-15T10:56:37","slug":"antcube-starter-set-fur-blattschneiderarten-gros","status":"publish","type":"product","link":"https:\/\/antcube.shop\/sl\/izdelek\/antcube-starter-set-fur-blattschneiderarten-gros\/","title":{"rendered":"ANTCUBE - za\u010detni set za mravlje, ki re\u017eejo liste - velik"},"content":{"rendered":"<p><span data-text-color=\"alert\"><strong>Dostava je mogo\u010da le prek posredovanja na paleti.<\/strong><\/span><\/p>\n<p><strong>Vklju\u010duje:<\/strong><\/p>\n<p>1x ANTCUBE Arena 30x30x60 z drsnimi vrati<br \/>\n1x okvir za drsna vrata<br \/>\n2x ANTCUBE Arena 30x30x30cm<br \/>\n3x okvir za mravlji\u0161\u010de 30x30cm<br \/>\n3x pokrov za mravlji\u0161\u010de 30x30cm<br \/>\n12x pritrdilna to\u010dka za pokrov arene<\/p>\n<p>1x mravljin\u010dnica - kristalno \u010dista 50 mm - 1 m (prepolovljena)<br \/>\n1x substrat - de\u017eevni gozd - 1 kg<br \/>\n1x Formicarium granule 200ml - be\u017e<br \/>\n3x podstavek za formikarij 30\u00d730<\/p>\n<p>3x Formicarium plug for 50mm hole<br \/>\n10x Grid insert acrylic &#8211; 50 mm with sealing ring<br \/>\n4x priklju\u010dek rezervoarja od 1 1\/2\u2033 do 50 mm - kristalno \u010dist<br \/>\n4x matica za formikarij 1 1\/2 palca - kristalno \u010dista<\/p>\n<p>1x Foil thermometer Display<br \/>\n1x drinking clear 5ml &#8211; sponge<br \/>\n1x pinceta iz vzmetnega jekla - \u0161iroka - mehka<br \/>\n1x pinceta Formicarium - plasti\u010dna<br \/>\n1x ro\u010dna lupa - 2x - 30 mm<br \/>\n1x olje za za\u0161\u010dito pred pobegom mravelj 10ml<br \/>\n1x penasti brisalec 150x18x2,5 mm<br \/>\nRazpr\u0161ilna steklenica z razpr\u0161ilnikom 0,5 litra - medeninasta \u0161oba<br \/>\n1x Ro\u017eni cvetni listi\u010di 100 g - posu\u0161eni<br \/>\n2 x foto hrbtna stena - de\u017eevni gozd - 30\u00d730<br \/>\n1x foto stena - de\u017eevni gozd - 30\u00d760 - visoka<\/p>\n<p><strong>Opis:<\/strong><br \/>\nThis expandable starter set for all leafcutter ant species contains, in addition to the optimally adapted formicarium, the appropriate accessories for keeping these ants. The voluminous basins allow easy handling for feeding and cleaning. The large holes (50 mm) and tubes not only make it easy to observe the ants, they also allow the animals to remove large pieces of leaf. The stainless steel mesh inserts ensure good ventilation and are robust against mechanical impact. Even large colonies of leaf-cutter ants, which are very fond of cutting, are unable to penetrate them. The sturdy screw sockets are also absolutely bite-proof.. If necessary, the humidity can be increased using the spray bottle.<\/p>\n<p><strong>Pomembno:<\/strong> Pred uporabo substrat navla\u017eite, da se me\u0161anica lahko pove\u017ee in trdno oprime v mravlji\u0161\u010du. \u010ce je substrat presuh in pra\u0161en, se lahko dihalne poti mravelj zama\u0161ijo, v najslab\u0161em primeru pa se lahko \u017eivali zadu\u0161ijo.<\/p>\n<p><strong>Opombe o proizvodnji<\/strong><br \/>\nSteklo je rezano po velikosti v skladu z DIN 1249 s toleranco +\/- 1 mm. Dodatna za\u0161\u010dita pred pobegom je nujna za izjemno majhne vrste mravelj.<\/p>\n<p><strong>Opis arene drsnih vrat: <\/strong>Na\u0161a arena ANTCUBE 30x30x60 z drsnimi vrati je bila razvita za udobno delo tudi v polni formikaciji. Posebej uporabne so kot formikarij za tkalske mravlje (Polyrhachis in Oecophylla), saj rade gradijo navzgor in potrebujejo gostiteljsko rastlino. V\u010dasih je na primer te\u017eko odstraniti odpadke \u017eivali na dnu formikarija. Pri tem posebej prilagojenem rezervoarju to ni te\u017eava. Drsna vrata so zelo prakti\u010dna tudi za posode za hranjenje mravelj Acromyrmex ali listnih mravelj Atta, saj je mogo\u010de rastlinske ostanke in druge odpadke zlahka odstraniti. Uporabite lahko tudi okvir drsnih vrat (\u0161t. izdelka 1005648), da prepre\u010dite pobeg \u017eivali med delom.<\/p>","protected":false},"excerpt":{"rendered":"<p>The set consists of 47 parts and is suitable for all leaf cutter ant species.<br \/>\nVelikost: <span style=\"color: #ed1c24;\"><strong>XL<\/strong><\/span><\/p>","protected":false},"featured_media":7665,"comment_status":"open","ping_status":"closed","template":"","meta":{"_acf_changed":false,"content-type":"","_monsterinsights_skip_tracking":false,"_monsterinsights_sitenote_active":false,"_monsterinsights_sitenote_note":"","_monsterinsights_sitenote_category":0},"product_brand":[484],"product_cat":[73,79],"product_tag":[],"class_list":{"0":"post-2737","1":"product","2":"type-product","3":"status-publish","4":"has-post-thumbnail","6":"product_brand-antcube","7":"product_cat-starter-sets","8":"product_cat-starter-sets-for-leafcutter-ants","9":"product_shipping_class-forwarding-on-pallet","11":"first","12":"instock","13":"taxable","14":"shipping-taxable","15":"purchasable","16":"product-type-simple"},"acf":[],"aioseo_notices":[],"jetpack_sharing_enabled":true,"_links":{"self":[{"href":"https:\/\/antcube.shop\/sl\/wp-json\/wp\/v2\/product\/2737","targetHints":{"allow":["GET"]}}],"collection":[{"href":"https:\/\/antcube.shop\/sl\/wp-json\/wp\/v2\/product"}],"about":[{"href":"https:\/\/antcube.shop\/sl\/wp-json\/wp\/v2\/types\/product"}],"replies":[{"embeddable":true,"href":"https:\/\/antcube.shop\/sl\/wp-json\/wp\/v2\/comments?post=2737"}],"wp:featuredmedia":[{"embeddable":true,"href":"https:\/\/antcube.shop\/sl\/wp-json\/wp\/v2\/media\/7665"}],"wp:attachment":[{"href":"https:\/\/antcube.shop\/sl\/wp-json\/wp\/v2\/media?parent=2737"}],"wp:term":[{"taxonomy":"product_brand","embeddable":true,"href":"https:\/\/antcube.shop\/sl\/wp-json\/wp\/v2\/product_brand?post=2737"},{"taxonomy":"product_cat","embeddable":true,"href":"https:\/\/antcube.shop\/sl\/wp-json\/wp\/v2\/product_cat?post=2737"},{"taxonomy":"product_tag","embeddable":true,"href":"https:\/\/antcube.shop\/sl\/wp-json\/wp\/v2\/product_tag?post=2737"}],"curies":[{"name":"wp","href":"https:\/\/api.w.org\/{rel}","templated":true}]}}