{"id":2733,"date":"2021-10-08T12:04:06","date_gmt":"2021-10-08T10:04:06","guid":{"rendered":"https:\/\/antcube.shop\/produkt\/antcube-arena-20x20x20-combi-m\/"},"modified":"2026-04-02T17:07:17","modified_gmt":"2026-04-02T15:07:17","slug":"antcube-arena-20x20x20-combi-m","status":"publish","type":"product","link":"https:\/\/antcube.shop\/sl\/izdelek\/antcube-arena-20x20x20-combi-m\/","title":{"rendered":"ANTCUBE - Arena 20x20x20 - Kombi M"},"content":{"rendered":"<p><strong>Dimenzije:<\/strong> 20x20x20 cm; debelina stekla 4 mm<\/p>\n<p><strong>Material:<\/strong> steklo, lepljeno s silikonom<\/p>\n<p><strong>Povezava:<\/strong> 2x izvrtina 27 mm (2x 10 mm izvrtina v obmo\u010dju gnezda)<\/p>\n<p><strong>Razdalja med plo\u0161\u010dami v obmo\u010dju gnezda:<\/strong> pribli\u017eno 10 mm<\/p>\n<p><strong>Opis:<\/strong> Mravlji\u0161\u010de - Combi ima obmo\u010dje za gnezda ali gnezdi\u0161\u010de, ki je vklju\u010deno v formikarij. Mravlje lahko dostopajo do gnezda iz arene skozi dve notranji 10 mm odprtini.<\/p>\n<p><strong>Obvestilo:<\/strong><br \/>\nPri uporabi na\u0161ih vlo\u017ekov za gnezda (npr. pluta, mavec) upo\u0161tevajte, da so za 8 mm o\u017eji, saj so bili prvotno zasnovani tako, da ustrezajo na\u0161im o\u017ejim mravlji\u0161\u010dem kot tudi vlo\u017ekom za arene! Tu bi bilo treba vmesni prostor zapolniti s polnilnim materialom, kot je mavec ali glina.<\/p>\n<p>&nbsp;<\/p>","protected":false},"excerpt":{"rendered":"<p>Priklju\u010dek: 2x luknja 27 mm<br \/>\nVelikost: <span style=\"color: #008000;\"><strong>M<\/strong><\/span><\/p>","protected":false},"featured_media":329,"comment_status":"open","ping_status":"closed","template":"","meta":{"_acf_changed":false,"content-type":"","_monsterinsights_skip_tracking":false,"_monsterinsights_sitenote_active":false,"_monsterinsights_sitenote_note":"","_monsterinsights_sitenote_category":0},"product_brand":[],"product_cat":[85,82,86],"product_tag":[],"class_list":{"0":"post-2733","1":"product","2":"type-product","3":"status-publish","4":"has-post-thumbnail","6":"product_cat-ant-arenas","7":"product_cat-antfarms-m","8":"product_cat-formicariums","10":"first","11":"instock","12":"taxable","13":"shipping-taxable","14":"purchasable","15":"product-type-simple"},"acf":[],"aioseo_notices":[],"jetpack_sharing_enabled":true,"_links":{"self":[{"href":"https:\/\/antcube.shop\/sl\/wp-json\/wp\/v2\/product\/2733","targetHints":{"allow":["GET"]}}],"collection":[{"href":"https:\/\/antcube.shop\/sl\/wp-json\/wp\/v2\/product"}],"about":[{"href":"https:\/\/antcube.shop\/sl\/wp-json\/wp\/v2\/types\/product"}],"replies":[{"embeddable":true,"href":"https:\/\/antcube.shop\/sl\/wp-json\/wp\/v2\/comments?post=2733"}],"wp:featuredmedia":[{"embeddable":true,"href":"https:\/\/antcube.shop\/sl\/wp-json\/wp\/v2\/media\/329"}],"wp:attachment":[{"href":"https:\/\/antcube.shop\/sl\/wp-json\/wp\/v2\/media?parent=2733"}],"wp:term":[{"taxonomy":"product_brand","embeddable":true,"href":"https:\/\/antcube.shop\/sl\/wp-json\/wp\/v2\/product_brand?post=2733"},{"taxonomy":"product_cat","embeddable":true,"href":"https:\/\/antcube.shop\/sl\/wp-json\/wp\/v2\/product_cat?post=2733"},{"taxonomy":"product_tag","embeddable":true,"href":"https:\/\/antcube.shop\/sl\/wp-json\/wp\/v2\/product_tag?post=2733"}],"curies":[{"name":"wp","href":"https:\/\/api.w.org\/{rel}","templated":true}]}}