{"id":2728,"date":"2021-10-08T12:02:35","date_gmt":"2021-10-08T10:02:35","guid":{"rendered":"https:\/\/antcube.shop\/produkt\/antcube-starter-set-fur-blattschneiderarten-klein\/"},"modified":"2026-04-13T09:33:20","modified_gmt":"2026-04-13T07:33:20","slug":"antcube-starter-set-fur-blattschneiderarten-klein","status":"publish","type":"product","link":"https:\/\/antcube.shop\/sl\/izdelek\/antcube-starter-set-fur-blattschneiderarten-klein\/","title":{"rendered":"ANTCUBE - Za\u010detni set za mravlje, ki kosijo liste - majhen"},"content":{"rendered":"<p><span data-text-color=\"alert\"><strong>NOVO od 04\/2024:<\/strong><\/span><br \/>\n<strong>Posoda za hranjenje je zdaj na voljo v obliki arene, visoke 20x20x40 cm. Tako ostane ve\u010d prostora za hrano.<\/strong><br \/>\n<strong>Stare konektorje smo zamenjali s popolnoma prozornimi novimi konektorji, vklju\u010dno s popolnoma prozornimi maticami.<\/strong><br \/>\n<strong>Za vse umivalnike smo dodali tudi blazinice za formikarij (za\u0161\u010dita pohi\u0161tva in umivalnikov ter za\u0161\u010dita pred vibracijami).<\/strong><\/p>\n<p>&nbsp;<\/p>\n<p><strong>Vklju\u010duje:<\/strong><\/p>\n<p>2x ANTCUBE Arena 20x20x20cm<br \/>\n1x ANTCUBE Arena vi\u0161ine 20x20x40 cm<br \/>\n3x okvir za mravlji\u0161\u010de 20x20cm<br \/>\n3x pokrov za mravlji\u0161\u010de 20x20cm<br \/>\n12x pritrdilna to\u010dka za pokrov arene<\/p>\n<p>1x mravljin\u010dnica - kristalno \u010dista 32 mm - 1 m (prepolovljena)<br \/>\n1x substrat - de\u017eevni gozd - 1 kg<br \/>\n1x Formicarium granule 200ml - be\u017e<br \/>\n3x podstavek za formikarij 20\u00d720<\/p>\n<p>2x formikarijski \u010depi za 50 mm luknjo<br \/>\n5x Grid insert acrylic &#8211; 50 mm with sealing ring<br \/>\n2x Grid insert acrylic &#8211; 27 mm with sealing ring<br \/>\n4x priklju\u010dek za rezervoar 3\/4\u2033 do 32 mm - kristalno \u010dist<br \/>\n4x matica za formikarij 3\/4 palca - kristalno \u010dista<\/p>\n<p>1x Foil thermometer Display<br \/>\n1x drinking clear 5ml &#8211; sponge<br \/>\n1x pinceta iz vzmetnega jekla - \u0161iroka - mehka<br \/>\n1x pinceta Formicarium - plasti\u010dna<br \/>\n1x ro\u010dna lupa - 2x - 30 mm<br \/>\n1x olje za za\u0161\u010dito pred izbruhi mravelj 10ml<br \/>\n1x penasti brisalec 150x18x2,5 mm<br \/>\nRazpr\u0161ilna steklenica z razpr\u0161ilnikom 0,5 litra - medeninasta \u0161oba<br \/>\n1x Ro\u017eni cvetni listi\u010di 100 g - posu\u0161eni<br \/>\n2 x foto hrbtna stena - de\u017eevni gozd - 20\u00d720<br \/>\n1x fotografska hrbtna stena - de\u017eevni gozd - vi\u0161ina 20\u00d740<\/p>\n<p><strong>Opis:<\/strong><br \/>\nThis expandable starter set for all leafcutter ant species contains, in addition to the optimally adapted formicarium, the appropriate accessories for keeping these ants. The basins are easy to use for feeding and cleaning. The large holes (27 mm) and tubes not only make it easy to observe the ants, they also allow the animals to remove large pieces of leaf. The stainless steel mesh inserts ensure good ventilation and are robust against mechanical impact. Even large colonies of leaf-cutter ants, which are very fond of cutting, are unable to penetrate them. The sturdy tube connectors are also absolutely bite-proof. The humidity can be increased using the spray bottle.<\/p>\n<p><strong>Pomembno:<\/strong> Pred uporabo substrat navla\u017eite, da se me\u0161anica lahko pove\u017ee in trdno oprime v mravlji\u0161\u010du. \u010ce je substrat presuh in pra\u0161en, se lahko dihalne poti mravelj zama\u0161ijo, v najslab\u0161em primeru pa se lahko \u017eivali zadu\u0161ijo.<\/p>\n<p><strong>Opombe o proizvodnji<\/strong><br \/>\nSteklo je rezano po velikosti v skladu z DIN 1249 s toleranco +\/- 1 mm. Dodatna za\u0161\u010dita pred pobegom je nujna za izjemno majhne vrste mravelj.<\/p>","protected":false},"excerpt":{"rendered":"<p>Komplet je sestavljen iz 43 delov<br \/>\nVelikost: <span style=\"color: #ed1c24;\"><strong>XL<\/strong><\/span><\/p>","protected":false},"featured_media":7666,"comment_status":"open","ping_status":"closed","template":"","meta":{"_acf_changed":false,"content-type":"","_monsterinsights_skip_tracking":false,"_monsterinsights_sitenote_active":false,"_monsterinsights_sitenote_note":"","_monsterinsights_sitenote_category":0},"product_brand":[],"product_cat":[73,79],"product_tag":[],"class_list":{"0":"post-2728","1":"product","2":"type-product","3":"status-publish","4":"has-post-thumbnail","6":"product_cat-starter-sets","7":"product_cat-starter-sets-for-leafcutter-ants","9":"first","10":"outofstock","11":"taxable","12":"shipping-taxable","13":"purchasable","14":"product-type-simple"},"acf":[],"aioseo_notices":[],"jetpack_sharing_enabled":true,"_links":{"self":[{"href":"https:\/\/antcube.shop\/sl\/wp-json\/wp\/v2\/product\/2728","targetHints":{"allow":["GET"]}}],"collection":[{"href":"https:\/\/antcube.shop\/sl\/wp-json\/wp\/v2\/product"}],"about":[{"href":"https:\/\/antcube.shop\/sl\/wp-json\/wp\/v2\/types\/product"}],"replies":[{"embeddable":true,"href":"https:\/\/antcube.shop\/sl\/wp-json\/wp\/v2\/comments?post=2728"}],"wp:featuredmedia":[{"embeddable":true,"href":"https:\/\/antcube.shop\/sl\/wp-json\/wp\/v2\/media\/7666"}],"wp:attachment":[{"href":"https:\/\/antcube.shop\/sl\/wp-json\/wp\/v2\/media?parent=2728"}],"wp:term":[{"taxonomy":"product_brand","embeddable":true,"href":"https:\/\/antcube.shop\/sl\/wp-json\/wp\/v2\/product_brand?post=2728"},{"taxonomy":"product_cat","embeddable":true,"href":"https:\/\/antcube.shop\/sl\/wp-json\/wp\/v2\/product_cat?post=2728"},{"taxonomy":"product_tag","embeddable":true,"href":"https:\/\/antcube.shop\/sl\/wp-json\/wp\/v2\/product_tag?post=2728"}],"curies":[{"name":"wp","href":"https:\/\/api.w.org\/{rel}","templated":true}]}}