{"id":2720,"date":"2021-10-08T12:01:19","date_gmt":"2021-10-08T10:01:19","guid":{"rendered":"https:\/\/antcube.shop\/produkt\/camponotus-fedtschenkoi\/"},"modified":"2023-03-21T15:54:23","modified_gmt":"2023-03-21T14:54:23","slug":"camponotus-fedtschenkoi","status":"publish","type":"product","link":"https:\/\/antcube.shop\/sl\/izdelek\/camponotus-fedtschenkoi\/","title":{"rendered":"Camponotus fedtschenkoi"},"content":{"rendered":"<table border=\"1\" cellspacing=\"1\" cellpadding=\"1\">\n<tbody>\n<tr>\n<td><strong>Latinsko ime:<\/strong><\/td>\n<td><strong><img data-recalc-dims=\"1\" loading=\"lazy\" decoding=\"async\" src=\"https:\/\/i0.wp.com\/www.antstore.net\/shop\/images\/icons\/ants\/lateinname.jpg?resize=30%2C30&#038;ssl=1\" alt=\"\" width=\"30\" height=\"30\" \/><\/strong><\/td>\n<td><em>Camponotus fedtschenkoi<\/em><\/td>\n<\/tr>\n<tr>\n<td><strong>Trivialno ime:<\/strong><\/td>\n<td><strong><img data-recalc-dims=\"1\" loading=\"lazy\" decoding=\"async\" src=\"https:\/\/i0.wp.com\/www.antstore.net\/shop\/images\/icons\/ants\/trivialname.jpg?resize=30%2C30&#038;ssl=1\" alt=\"\" width=\"30\" height=\"30\" \/><\/strong><\/td>\n<td>&#8211;<\/td>\n<\/tr>\n<tr>\n<td><strong>Taksonomija:<\/strong><\/td>\n<td><strong><img data-recalc-dims=\"1\" loading=\"lazy\" decoding=\"async\" src=\"https:\/\/i0.wp.com\/www.antstore.net\/shop\/images\/icons\/ants\/taxonomie.jpg?resize=30%2C30&#038;ssl=1\" alt=\"\" width=\"30\" height=\"30\" \/><\/strong><\/td>\n<td><strong>Poddru\u017eina:<\/strong> Formicinae <strong>Pleme:<\/strong> Camponotini<\/td>\n<\/tr>\n<tr>\n<td><strong>Raven vzdr\u017eevanja:<\/strong><\/td>\n<td><strong><img data-recalc-dims=\"1\" loading=\"lazy\" decoding=\"async\" src=\"https:\/\/i0.wp.com\/www.antstore.net\/shop\/images\/icons\/ants\/haltungsklasse.jpg?resize=30%2C30&#038;ssl=1\" alt=\"\" width=\"30\" height=\"30\" \/><\/strong><\/td>\n<td><strong>(1) <\/strong>enostavno vzdr\u017eevanje, vendar ve\u010dje zahteve za prepre\u010devanje pobega<\/td>\n<\/tr>\n<tr>\n<td><strong>Raz\u0161irjenost:<\/strong><\/td>\n<td><strong><img data-recalc-dims=\"1\" loading=\"lazy\" decoding=\"async\" src=\"https:\/\/i0.wp.com\/www.antstore.net\/shop\/images\/icons\/ants\/verbreitung.jpg?resize=30%2C30&#038;ssl=1\" alt=\"\" width=\"30\" height=\"30\" \/><\/strong><\/td>\n<td>Kazahstan, Mongolija, Uzbekistan, Turkmenistan, Severozahodna Kitajska, Rusija, Iran<\/td>\n<\/tr>\n<tr>\n<td><span style=\"font-family: Arial;\"><b>Habitat:<\/b><\/span><\/td>\n<td><strong><img data-recalc-dims=\"1\" loading=\"lazy\" decoding=\"async\" src=\"https:\/\/i0.wp.com\/www.antstore.net\/shop\/images\/icons\/ants\/habitat.jpg?resize=30%2C30&#038;ssl=1\" alt=\"\" width=\"30\" height=\"30\" \/><\/strong><\/td>\n<td>Stepa, polpu\u0161\u010dava<\/td>\n<\/tr>\n<tr>\n<td><strong>Oblika kolonije:<\/strong><\/td>\n<td><strong><img data-recalc-dims=\"1\" loading=\"lazy\" decoding=\"async\" src=\"https:\/\/i0.wp.com\/www.antstore.net\/shop\/images\/icons\/ants\/Kolonieform.jpg?resize=30%2C30&#038;ssl=1\" alt=\"\" width=\"30\" height=\"30\" \/><\/strong><\/td>\n<td>monogyne<\/td>\n<\/tr>\n<tr>\n<td><strong>Kraljica:<\/strong><\/td>\n<td><strong><img data-recalc-dims=\"1\" loading=\"lazy\" decoding=\"async\" src=\"https:\/\/i0.wp.com\/www.antstore.net\/shop\/images\/icons\/ants\/koenigin.jpg?resize=30%2C30&#038;ssl=1\" alt=\"\" width=\"30\" height=\"30\" \/><\/strong><\/td>\n<td><strong>Velikost:<\/strong>12 mm <strong>Barva:<\/strong> noge rumene, glava in prsni ko\u0161 rumene do temno rde\u010de barve, gaster rumene do temno rde\u010de barve<\/td>\n<\/tr>\n<tr>\n<td><strong>Delavec:<\/strong><\/td>\n<td><img data-recalc-dims=\"1\" loading=\"lazy\" decoding=\"async\" src=\"https:\/\/i0.wp.com\/www.antstore.net\/shop\/images\/icons\/ants\/arbeiterin.jpg?resize=30%2C30&#038;ssl=1\" alt=\"\" width=\"30\" height=\"30\" \/><\/td>\n<td><strong>Velikost:<\/strong><span style=\"font-family: Arial;\"> 6 - 12 mm <\/span><strong>Barva:<\/strong><span style=\"font-family: Arial;\"> rumena, majors z rumeno do \u010drno glavo in \u010drnim gastertipom<\/span><\/td>\n<\/tr>\n<tr>\n<td><strong>Vojak:<\/strong><\/td>\n<td><img data-recalc-dims=\"1\" loading=\"lazy\" decoding=\"async\" src=\"https:\/\/i0.wp.com\/www.antstore.net\/shop\/images\/icons\/ants\/soldaten.jpg?resize=30%2C30&#038;ssl=1\" alt=\"\" width=\"30\" height=\"30\" \/><\/td>\n<td>ni prisoten<\/td>\n<\/tr>\n<tr>\n<td><strong>Mo\u0161ki:<\/strong><\/td>\n<td><img data-recalc-dims=\"1\" loading=\"lazy\" decoding=\"async\" src=\"https:\/\/i0.wp.com\/www.antstore.net\/shop\/images\/icons\/ants\/maennchen.jpg?resize=30%2C30&#038;ssl=1\" alt=\"\" width=\"30\" height=\"30\" \/><\/td>\n<td><strong>Velikost:<\/strong> 8 mm<strong> Barva:<\/strong> &#8211;<\/td>\n<\/tr>\n<tr>\n<td><b><span style=\"font-family: Arial;\">Prehrana<\/span><\/b><\/td>\n<td><img data-recalc-dims=\"1\" loading=\"lazy\" decoding=\"async\" src=\"https:\/\/i0.wp.com\/www.antstore.net\/shop\/images\/icons\/ants\/nahrung.jpg?resize=30%2C30&#038;ssl=1\" alt=\"\" width=\"30\" height=\"30\" \/><\/td>\n<td>Medena voda, \u017eu\u017eelke, npr. Dipterans, kot so muhe ali m<span style=\"font-family: Arial;\">osquitos<\/span><\/td>\n<\/tr>\n<tr>\n<td><strong>Vla\u017enost zraka:<\/strong><\/td>\n<td><strong><img data-recalc-dims=\"1\" loading=\"lazy\" decoding=\"async\" src=\"https:\/\/i0.wp.com\/www.antstore.net\/shop\/images\/icons\/ants\/feuchtigkeit.jpg?resize=30%2C30&#038;ssl=1\" alt=\"\" width=\"30\" height=\"30\" \/><\/strong><\/td>\n<td><strong>Arena:<\/strong> 30 &#8211; 50% <strong>Nestpart:<\/strong> 50 &#8211; 70%<\/td>\n<\/tr>\n<tr>\n<td><strong>Temperatura:<\/strong><\/td>\n<td><strong><img data-recalc-dims=\"1\" loading=\"lazy\" decoding=\"async\" src=\"https:\/\/i0.wp.com\/www.antstore.net\/shop\/images\/icons\/ants\/temperatur.jpg?resize=30%2C30&#038;ssl=1\" alt=\"\" width=\"30\" height=\"30\" \/><\/strong><\/td>\n<td><strong>Arena:<\/strong> 18 - 35\u00b0C <strong>Nestpart:<\/strong> 24 - 28\u00b0C<\/td>\n<\/tr>\n<tr>\n<td><strong>Hibernacija:<\/strong><\/td>\n<td><img data-recalc-dims=\"1\" loading=\"lazy\" decoding=\"async\" src=\"https:\/\/i0.wp.com\/www.antstore.net\/shop\/images\/icons\/ants\/winterruhe.jpg?resize=30%2C30&#038;ssl=1\" alt=\"\" width=\"30\" height=\"30\" \/><\/td>\n<td>da od novembra do marca<\/td>\n<\/tr>\n<tr>\n<td><strong>Nestform:<\/strong><\/td>\n<td><img data-recalc-dims=\"1\" loading=\"lazy\" decoding=\"async\" src=\"https:\/\/i0.wp.com\/www.antstore.net\/shop\/images\/icons\/ants\/nestform.jpg?resize=30%2C30&#038;ssl=1\" alt=\"\" width=\"30\" height=\"30\" \/><\/td>\n<td>gnezdo si zgradijo v zemlji, pod kamni<\/td>\n<\/tr>\n<tr>\n<td><strong>Vrsta Formicaria:<\/strong><\/td>\n<td><img data-recalc-dims=\"1\" loading=\"lazy\" decoding=\"async\" src=\"https:\/\/i0.wp.com\/www.antstore.net\/shop\/images\/icons\/ants\/formicarienart.jpg?resize=30%2C30&#038;ssl=1\" alt=\"\" width=\"30\" height=\"30\" \/><\/td>\n<td>Kmetija, Farmbasin, Basin, Framebasin, Island, Acrylcylinder, Ytong\/Plasternest<\/td>\n<\/tr>\n<tr>\n<td><strong>Velikost Formicaria:<\/strong><\/td>\n<td><strong><img data-recalc-dims=\"1\" loading=\"lazy\" decoding=\"async\" src=\"https:\/\/i0.wp.com\/www.antstore.net\/shop\/images\/icons\/ants\/formicariengroesse.jpg?resize=30%2C30&#038;ssl=1\" alt=\"\" width=\"30\" height=\"30\" \/><\/strong><\/td>\n<td><strong>Velikost:<\/strong> <strong><span style=\"color: #339966;\">M <\/span>- L<\/strong><\/td>\n<\/tr>\n<tr>\n<td><strong>Substrat:<\/strong><\/td>\n<td><strong><img data-recalc-dims=\"1\" loading=\"lazy\" decoding=\"async\" src=\"https:\/\/i0.wp.com\/www.antstore.net\/shop\/images\/icons\/ants\/substrat.jpg?resize=30%2C30&#038;ssl=1\" alt=\"\" width=\"30\" height=\"30\" \/><\/strong><\/td>\n<td><strong>Kmetija:<\/strong> Pesek in pena <strong>Arena:<\/strong> Pesek, pesek in pena<\/td>\n<\/tr>\n<tr>\n<td><strong>Sajenje:<\/strong><\/td>\n<td><img data-recalc-dims=\"1\" loading=\"lazy\" decoding=\"async\" src=\"https:\/\/i0.wp.com\/www.antstore.net\/shop\/images\/icons\/ants\/bepflanzung.jpg?resize=30%2C30&#038;ssl=1\" alt=\"\" width=\"30\" height=\"30\" \/><\/td>\n<td>podobno polpu\u0161\u010davi s travo in drugimi rastlinami, prilagojenimi na suho<\/td>\n<\/tr>\n<tr>\n<td><strong>Dekoracija:<\/strong><\/td>\n<td><img data-recalc-dims=\"1\" loading=\"lazy\" decoding=\"async\" src=\"https:\/\/i0.wp.com\/www.antstore.net\/shop\/images\/icons\/ants\/dekoration.jpg?resize=30%2C30&#038;ssl=1\" alt=\"\" width=\"30\" height=\"30\" \/><\/td>\n<td>Veje, korenine, kamni<\/td>\n<\/tr>\n<tr>\n<td><strong>Opis:<\/strong><\/td>\n<td><img data-recalc-dims=\"1\" loading=\"lazy\" decoding=\"async\" src=\"https:\/\/i0.wp.com\/www.antstore.net\/shop\/images\/icons\/ants\/beschreibung.jpg?resize=30%2C30&#038;ssl=1\" alt=\"\" width=\"30\" height=\"30\" \/><\/td>\n<td>Camponotus fedtschenkoi<span style=\"font-family: Arial;\"> je \u010dudovito obarvana mravlja iz celinske Azije. Njena obarvanost je zelo raznolika. Tako je lahko delavka popolnoma rumena ali pa ima celo nekaj temno rde\u010dih delov.<\/span><\/td>\n<\/tr>\n<tr>\n<td><strong>Razvoj:<\/strong><\/td>\n<td><strong><img data-recalc-dims=\"1\" loading=\"lazy\" decoding=\"async\" src=\"https:\/\/i0.wp.com\/www.antstore.net\/shop\/images\/icons\/ants\/entwicklung.jpg?resize=30%2C30&#038;ssl=1\" alt=\"\" width=\"30\" height=\"30\" \/><\/strong><\/td>\n<td><strong>paritveni let:<\/strong> &#8211;<br \/>\n<strong>ustanovitev:<\/strong><span style=\"font-family: Arial;\">\u00a0 klavstralni (brez hranjenja) <\/span><br \/>\n<strong>Izdelek je namenjen kolonijam:<\/strong><span style=\"font-family: Arial;\"> do 100 posameznikov<\/span><\/td>\n<\/tr>\n<tr>\n<td><strong>Koli\u010dina:<\/strong><\/td>\n<td><img data-recalc-dims=\"1\" loading=\"lazy\" decoding=\"async\" src=\"https:\/\/i0.wp.com\/www.antstore.net\/shop\/images\/icons\/ants\/menge.jpg?resize=30%2C30&#038;ssl=1\" alt=\"\" width=\"30\" height=\"30\" \/><\/td>\n<td>ena oplojena matica z delavkami (glej izbor); zalega (odvisno od sezone in razvoja)<\/td>\n<\/tr>\n<tr>\n<td><strong>Spletne povezave:<\/strong><\/td>\n<td><a href=\"http:\/\/www.antstore.net\/viewforum.php?f=9\"><span style=\"color: #0000ff;\"><img data-recalc-dims=\"1\" loading=\"lazy\" decoding=\"async\" src=\"https:\/\/i0.wp.com\/www.antstore.net\/shop\/images\/icons\/ants\/weblinks.jpg?resize=30%2C30&#038;ssl=1\" alt=\"\" width=\"30\" height=\"30\" \/><\/span><\/a><\/td>\n<td><a href=\"http:\/\/www.antstore.net\/viewforum.php?f=130\"><span style=\"color: #0000ff;\">- Forum<\/span><\/a><\/p>\n<p><span style=\"color: #0000ff;\"><a href=\"http:\/\/www.antweb.org\/description.do?genus=camponotus&amp;name=fedtschenkoi&amp;rank=species&amp;project=allantwebants\">- Referenca<\/a><\/span><\/td>\n<\/tr>\n<\/tbody>\n<\/table>","protected":false},"excerpt":{"rendered":"<p>Stopnja ohranjanja 1 - Stopnja tveganja 2<br \/>\nVelikost:<span style=\"color: #000000;\"> <strong><span style=\"color: #339966;\">M - L<\/span><\/strong><\/span><\/p>","protected":false},"featured_media":428,"comment_status":"open","ping_status":"closed","template":"","meta":{"_acf_changed":false,"content-type":"","_monsterinsights_skip_tracking":false,"_monsterinsights_sitenote_active":false,"_monsterinsights_sitenote_note":"","_monsterinsights_sitenote_category":0},"product_brand":[],"product_cat":[107,112],"product_tag":[],"class_list":{"0":"post-2720","1":"product","2":"type-product","3":"status-publish","4":"has-post-thumbnail","6":"product_cat-ants","7":"product_cat-asia","9":"first","10":"instock","11":"product-type-external"},"acf":[],"aioseo_notices":[],"jetpack_sharing_enabled":true,"_links":{"self":[{"href":"https:\/\/antcube.shop\/sl\/wp-json\/wp\/v2\/product\/2720","targetHints":{"allow":["GET"]}}],"collection":[{"href":"https:\/\/antcube.shop\/sl\/wp-json\/wp\/v2\/product"}],"about":[{"href":"https:\/\/antcube.shop\/sl\/wp-json\/wp\/v2\/types\/product"}],"replies":[{"embeddable":true,"href":"https:\/\/antcube.shop\/sl\/wp-json\/wp\/v2\/comments?post=2720"}],"wp:featuredmedia":[{"embeddable":true,"href":"https:\/\/antcube.shop\/sl\/wp-json\/wp\/v2\/media\/428"}],"wp:attachment":[{"href":"https:\/\/antcube.shop\/sl\/wp-json\/wp\/v2\/media?parent=2720"}],"wp:term":[{"taxonomy":"product_brand","embeddable":true,"href":"https:\/\/antcube.shop\/sl\/wp-json\/wp\/v2\/product_brand?post=2720"},{"taxonomy":"product_cat","embeddable":true,"href":"https:\/\/antcube.shop\/sl\/wp-json\/wp\/v2\/product_cat?post=2720"},{"taxonomy":"product_tag","embeddable":true,"href":"https:\/\/antcube.shop\/sl\/wp-json\/wp\/v2\/product_tag?post=2720"}],"curies":[{"name":"wp","href":"https:\/\/api.w.org\/{rel}","templated":true}]}}