{"id":2672,"date":"2021-10-04T15:33:44","date_gmt":"2021-10-04T13:33:44","guid":{"rendered":"https:\/\/antcube.shop\/produkt\/antcube-starter-set-m-20x20-combi\/"},"modified":"2026-04-14T18:00:12","modified_gmt":"2026-04-14T16:00:12","slug":"komplet-za-zagon-antcube-m-20x20-combi","status":"publish","type":"product","link":"https:\/\/antcube.shop\/sl\/izdelek\/komplet-za-zagon-antcube-m-20x20-combi\/","title":{"rendered":"Za\u010detni komplet ANTCUBE M - 20\u00d720 - Combi"},"content":{"rendered":"<p>Vsebina:<br \/>\n1x ANTCUBE - Arena 20x20x20 - Combi M<br \/>\n1x pokrov za mravlji\u0161\u010de 20\u00d720<br \/>\n4x pritrdilna to\u010dka za pokrov arene<br \/>\n2x Formicarium \u010depi za 27 mm luknjo<br \/>\n2x Formicarium \u010dep za 50 mm luknjo<br \/>\n1x substrat - pe\u0161\u010deno-ilovnat be\u017e - 1000g<br \/>\n1x pitnik 2ml - 360 stopinj<br \/>\n1x dish clear 1&#215;20 &#8211; sponge<br \/>\n1x ro\u010dna lupa - 2x - 30 mm<br \/>\n1x pinceta plasti\u010dna prozorna<br \/>\n1x plasti\u010dna pipeta 3ml<br \/>\n1x Olje za pobeg mravelj 10ml<br \/>\n1x penasti brisalec 150x18x2,5 mm<\/p>\n<p><strong>Opis:<\/strong><br \/>\nTa za\u010detni set - Combi je primeren za ve\u010dino vrst mravelj, ki gnezdijo v zemlji.<br \/>\nKomplet je zelo kompakten, vklju\u010deni dodatki pa so omejeni na najpomembnej\u0161e.<br \/>\nZato je to poceni komplet iz visokokakovostnih materialov, ki je idealen za za\u010detnike v mravlji\u0161\u010darstvu.<br \/>\nVklju\u010deno pe\u0161\u010deno-glinasto podlago be\u017e barve dobro sprejema ve\u010dina vrst mravelj.<\/p>\n<p>Po \u017eelji se lahko v gnezditveno obmo\u010dje arene namestijo tudi drugi zemeljski substrati ali vlo\u017eki za gnezda.<br \/>\nPod predlogi (glejte spodaj) boste na\u0161li dodatne uporabne pripomo\u010dke.<\/p>\n<p><strong>Priporo\u010dilo:<\/strong> Priporo\u010damo plast substrata vi\u0161ine 2 mm, da se \u017eivali ne morejo zakopati v areno in namesto tega uporabljajo v ta namen predvideno farmo. Priporo\u010damo tudi, da je gnezdilni material v farmi (pesek\/glina, Digfix itd.) na enem mestu rahlo naboden, da \u017eivali la\u017eje kopljejo.<\/p>\n<p><strong>Pomembno:<\/strong> Pred uporabo substrat navla\u017eite, da se me\u0161anica lahko pove\u017ee in trdno oprime v mravlji\u0161\u010du. Poleg tega lahko presuh in pra\u0161en substrat povzro\u010di zama\u0161itev dihalnih poti mravelj, v najslab\u0161em primeru pa se lahko \u017eivali zadu\u0161ijo.<\/p>\n<p><strong>Obvestilo:<\/strong><br \/>\nPri uporabi na\u0161ih vlo\u017ekov za gnezda upo\u0161tevajte, da so za 8 mm o\u017eji, saj so bili prvotno zasnovani tako, da ustrezajo na\u0161im o\u017ejim mravlji\u0161\u010dem kot tudi vlo\u017ekom za arene! Tu bi bilo treba vmesni prostor zapolniti s polnilnim materialom, kot sta omet ali glina.<\/p>\n<p><strong>Opombe o proizvodnji<\/strong><br \/>\nSteklo je rezano v skladu z DIN 1249 z dovoljenim odstopanjem +\/- 1 mm. Za izjemno majhne vrste mravelj je nujna dodatna za\u0161\u010dita pred pobegom.<\/p>\n<p><strong>Navodila:<\/strong><br \/>\n- DE Navodila za za\u010detni komplet Combi (PDF 7,98 MB)<br \/>\n- SL Navodila za uporabo - za\u010detni komplet Combi (PDF 7,94 MB)<br \/>\n- ES Manual de instrucciones - Set de inicio Combi (PDF 7,94 MB)<br \/>\n- FR Navodila za uporabo - Komplet za popravilo Combi (PDF 7,95 MB)<\/p>","protected":false},"excerpt":{"rendered":"<p>Komplet je sestavljen iz 18 delov in je primeren za vse vrste mravelj.<br \/>\nVelikost: <strong>M<\/strong><\/p>","protected":false},"featured_media":5445,"comment_status":"open","ping_status":"closed","template":"","meta":{"_acf_changed":false,"content-type":"","_monsterinsights_skip_tracking":false,"_monsterinsights_sitenote_active":false,"_monsterinsights_sitenote_note":"","_monsterinsights_sitenote_category":0},"product_brand":[],"product_cat":[73,78],"product_tag":[],"class_list":{"0":"post-2672","1":"product","2":"type-product","3":"status-publish","4":"has-post-thumbnail","6":"product_cat-starter-sets","7":"product_cat-starter-sets-combi","9":"first","10":"instock","11":"taxable","12":"shipping-taxable","13":"purchasable","14":"product-type-simple"},"acf":[],"aioseo_notices":[],"jetpack_sharing_enabled":true,"_links":{"self":[{"href":"https:\/\/antcube.shop\/sl\/wp-json\/wp\/v2\/product\/2672","targetHints":{"allow":["GET"]}}],"collection":[{"href":"https:\/\/antcube.shop\/sl\/wp-json\/wp\/v2\/product"}],"about":[{"href":"https:\/\/antcube.shop\/sl\/wp-json\/wp\/v2\/types\/product"}],"replies":[{"embeddable":true,"href":"https:\/\/antcube.shop\/sl\/wp-json\/wp\/v2\/comments?post=2672"}],"wp:featuredmedia":[{"embeddable":true,"href":"https:\/\/antcube.shop\/sl\/wp-json\/wp\/v2\/media\/5445"}],"wp:attachment":[{"href":"https:\/\/antcube.shop\/sl\/wp-json\/wp\/v2\/media?parent=2672"}],"wp:term":[{"taxonomy":"product_brand","embeddable":true,"href":"https:\/\/antcube.shop\/sl\/wp-json\/wp\/v2\/product_brand?post=2672"},{"taxonomy":"product_cat","embeddable":true,"href":"https:\/\/antcube.shop\/sl\/wp-json\/wp\/v2\/product_cat?post=2672"},{"taxonomy":"product_tag","embeddable":true,"href":"https:\/\/antcube.shop\/sl\/wp-json\/wp\/v2\/product_tag?post=2672"}],"curies":[{"name":"wp","href":"https:\/\/api.w.org\/{rel}","templated":true}]}}