{"id":12444,"date":"2025-09-30T10:08:25","date_gmt":"2025-09-30T08:08:25","guid":{"rendered":"https:\/\/antcube.shop\/en\/product\/poster-lasius-niger-lebensweise-70x50\/"},"modified":"2026-03-20T11:30:08","modified_gmt":"2026-03-20T10:30:08","slug":"plakat-lasius-niger-nacin-zivljenja-70x50","status":"publish","type":"product","link":"https:\/\/antcube.shop\/sl\/izdelek\/plakat-lasius-niger-nacin-zivljenja-70x50\/","title":{"rendered":"Plakat - Lasius niger na\u010din \u017eivljenja - 70\u00d750"},"content":{"rendered":"<p><strong>Dimenzije:<\/strong> 70 \u00d7 50 cm<\/p>\n<p><strong>Material:<\/strong> Latex papir<br \/>\nTa papir je vodoodporen, ga je mogo\u010de brisati, je trpe\u017een, okolju prijazen, saj ne vsebuje okolju \u0161kodljivih topil, in omogo\u010da odli\u010dno kakovost tiska.<\/p>\n<p><strong>Opis:<\/strong> Ta plakat ponuja jasen pregled \u017eivljenjskega sloga Lasius niger - \u010drne mravlje. Je ena najbolj raz\u0161irjenih in znanih vrst mravelj v Evropi in morda celo ena najbolj priljubljenih predstavnic svojega rodu po vsem svetu.<\/p>\n<p><strong>Pomembno - dodatne informacije:<\/strong> <a href=\"https:\/\/www.ants.de\/link\/1006\">Tukaj<\/a> na plakatu boste na\u0161li podroben opis posameznih prizorov. Ti niso prilo\u017eeni, lahko pa do njih dostopate in jih natisnete lo\u010deno prek naslednje povezave. <a href=\"https:\/\/www.ants.de\/link\/1006\">https:\/\/www.ants.de\/link\/1006<\/a><\/p>","protected":false},"excerpt":{"rendered":"<p>Velikost: 70 \u00d7 50 cm<\/p>","protected":false},"featured_media":12453,"comment_status":"open","ping_status":"closed","template":"","meta":{"_acf_changed":false,"content-type":"","_monsterinsights_skip_tracking":false,"_monsterinsights_sitenote_active":false,"_monsterinsights_sitenote_note":"","_monsterinsights_sitenote_category":0},"product_brand":[484],"product_cat":[547,500,245],"product_tag":[],"class_list":{"0":"post-12444","1":"product","2":"type-product","3":"status-publish","4":"has-post-thumbnail","6":"product_brand-antcube","7":"product_cat-all-products","8":"product_cat-ant-posters-and-teaching-aids","9":"product_cat-merchandise","11":"first","12":"instock","13":"taxable","14":"shipping-taxable","15":"purchasable","16":"product-type-simple"},"acf":[],"aioseo_notices":[],"jetpack_sharing_enabled":true,"_links":{"self":[{"href":"https:\/\/antcube.shop\/sl\/wp-json\/wp\/v2\/product\/12444","targetHints":{"allow":["GET"]}}],"collection":[{"href":"https:\/\/antcube.shop\/sl\/wp-json\/wp\/v2\/product"}],"about":[{"href":"https:\/\/antcube.shop\/sl\/wp-json\/wp\/v2\/types\/product"}],"replies":[{"embeddable":true,"href":"https:\/\/antcube.shop\/sl\/wp-json\/wp\/v2\/comments?post=12444"}],"wp:featuredmedia":[{"embeddable":true,"href":"https:\/\/antcube.shop\/sl\/wp-json\/wp\/v2\/media\/12453"}],"wp:attachment":[{"href":"https:\/\/antcube.shop\/sl\/wp-json\/wp\/v2\/media?parent=12444"}],"wp:term":[{"taxonomy":"product_brand","embeddable":true,"href":"https:\/\/antcube.shop\/sl\/wp-json\/wp\/v2\/product_brand?post=12444"},{"taxonomy":"product_cat","embeddable":true,"href":"https:\/\/antcube.shop\/sl\/wp-json\/wp\/v2\/product_cat?post=12444"},{"taxonomy":"product_tag","embeddable":true,"href":"https:\/\/antcube.shop\/sl\/wp-json\/wp\/v2\/product_tag?post=12444"}],"curies":[{"name":"wp","href":"https:\/\/api.w.org\/{rel}","templated":true}]}}