{"id":12436,"date":"2025-09-30T10:01:57","date_gmt":"2025-09-30T08:01:57","guid":{"rendered":"https:\/\/antcube.shop\/en\/product\/antcube-digfix-20x20-liegend\/"},"modified":"2026-03-31T15:11:54","modified_gmt":"2026-03-31T13:11:54","slug":"antcube-digfix-20x20-lezec","status":"publish","type":"product","link":"https:\/\/antcube.shop\/sl\/izdelek\/antcube-digfix-20x20-lezec\/","title":{"rendered":"ANTCUBE - Digfix 20\u00d720 - le\u017ee\u010d"},"content":{"rendered":"<p><strong>Dimenzije:<\/strong> 180x180x28mm<\/p>\n<p><strong>Material:<\/strong> Digfix<\/p>\n<p><strong>Uporaba:<\/strong><br \/>\nPrimerno samo za na\u0161 ANTCUBE - Gnezdo 20\u00d720 - vodoravno<\/p>\n<p><strong>Opis:<\/strong><br \/>\nTo gnezdo Digfix, izdelano iz posebnega materiala, v katerega je mogo\u010de kopati, je zasnovano tako, da se popolnoma prilega na\u0161im horizontalnim gnezdom ANTCUBE 20 \u00d7 20. Plo\u0161\u010do lahko uporabljate suho ali navla\u017eeno in je primerna za \u0161tevilne vrste mravelj - zlasti za tiste, ki gnezdijo v pesku ali (odmrlem) lesu. Je prakti\u010dna alternativa me\u0161anicam peska in gline ali plutovinastim vlo\u017ekom za gnezda.<\/p>\n<p>Posebna prednost je enostaven nadzor ravni vlage: plo\u0161\u010da vidno spremeni barvo, kar omogo\u010da optimalno oceno ravni vlage. V nasprotju z me\u0161anicami peska in gline ostanejo notranje plo\u0161\u010de mravlji\u0161\u010da \u010diste, saj se nanje ne oprijemlje noben razsuti substrat.<\/p>\n<p>Zaradi svoje trdne strukture material trajno ohranja predore in komore, ki jih ustvarijo mravlje, ne da bi se zru\u0161ili - za varno in naravno izku\u0161njo kopanja.<\/p>","protected":false},"excerpt":{"rendered":"<p>Ma\u00dfe: 180x180x28mm<\/p>","protected":false},"featured_media":0,"comment_status":"open","ping_status":"closed","template":"","meta":{"_acf_changed":false,"content-type":"","_monsterinsights_skip_tracking":false,"_monsterinsights_sitenote_active":false,"_monsterinsights_sitenote_note":"","_monsterinsights_sitenote_category":0},"product_brand":[484],"product_cat":[547,257,87,88],"product_tag":[],"class_list":{"0":"post-12436","1":"product","2":"type-product","3":"status-publish","5":"product_brand-antcube","6":"product_cat-all-products","7":"product_cat-new-innovatve-products","8":"product_cat-nest-insets","9":"product_cat-digfix","11":"first","12":"instock","13":"taxable","14":"shipping-taxable","15":"purchasable","16":"product-type-simple"},"acf":[],"aioseo_notices":[],"jetpack_sharing_enabled":true,"_links":{"self":[{"href":"https:\/\/antcube.shop\/sl\/wp-json\/wp\/v2\/product\/12436","targetHints":{"allow":["GET"]}}],"collection":[{"href":"https:\/\/antcube.shop\/sl\/wp-json\/wp\/v2\/product"}],"about":[{"href":"https:\/\/antcube.shop\/sl\/wp-json\/wp\/v2\/types\/product"}],"replies":[{"embeddable":true,"href":"https:\/\/antcube.shop\/sl\/wp-json\/wp\/v2\/comments?post=12436"}],"wp:attachment":[{"href":"https:\/\/antcube.shop\/sl\/wp-json\/wp\/v2\/media?parent=12436"}],"wp:term":[{"taxonomy":"product_brand","embeddable":true,"href":"https:\/\/antcube.shop\/sl\/wp-json\/wp\/v2\/product_brand?post=12436"},{"taxonomy":"product_cat","embeddable":true,"href":"https:\/\/antcube.shop\/sl\/wp-json\/wp\/v2\/product_cat?post=12436"},{"taxonomy":"product_tag","embeddable":true,"href":"https:\/\/antcube.shop\/sl\/wp-json\/wp\/v2\/product_tag?post=12436"}],"curies":[{"name":"wp","href":"https:\/\/api.w.org\/{rel}","templated":true}]}}