{"id":12288,"date":"2025-09-02T09:53:21","date_gmt":"2025-09-02T07:53:21","guid":{"rendered":"https:\/\/antcube.shop\/en\/product\/antcube-nest-30x30-liegend\/"},"modified":"2026-02-26T10:38:03","modified_gmt":"2026-02-26T09:38:03","slug":"mravljisce-30x30-lezece","status":"publish","type":"product","link":"https:\/\/antcube.shop\/sl\/izdelek\/mravljisce-30x30-lezece\/","title":{"rendered":"ANTCUBE - Gnezdo 30\u00d730 - le\u017ee\u010de"},"content":{"rendered":"<p><strong>Dimenzije:<\/strong><br \/>\nGnezdo: 290 x 290 x 28 mm<br \/>\nStekleni pokrov: 290 x 290 x 4 mm<\/p>\n<p><strong>Material:<\/strong><br \/>\nPlavajo\u010de steklo, plastika<\/p>\n<p><strong>Barva:<\/strong><br \/>\nKristalno \u010dista<\/p>\n<p><strong>Vsebina:<\/strong><br \/>\n1x ANTCUBE - Gnezdo 30\u00d730 - vodoravno z dvema priklju\u010dnima vti\u010dnicama L 20\/16<br \/>\n1x stekleni pokrov s 27 mm luknjo<\/p>\n<p><strong>Povezava: <\/strong>2x 14\/16\/18\/20 x 20 mm vti\u010dnica<\/p>\n<p>Cev 14\/10 je tesno vstavljena v 14 mm vti\u010dnico<br \/>\nCev 20\/16 je tesno vstavljena v prvi 16-milimetrski korak.<br \/>\nCev 22\/18 je tesno vstavljena v drugi 20 mm korak.<\/p>\n<p><strong>Opis: <\/strong>Na\u0161e vodoravno gnezdo ima dve priklju\u010dni vti\u010dnici, na kateri lahko pritrdite cevi ali cevke. Lahko ju tudi varno zaprete z ustreznimi plasti\u010dnimi ali mre\u017eastimi pokrov\u010dki.<\/p>\n<p>Za ve\u010dje vrste mravelj, kot so razli\u010dne vrste Camponotus, priporo\u010damo, da ga kombinirate z enim od na\u0161ih plutovinastih gnezd, ki so na voljo posebej. Gnezdo pa lahko napolnite tudi s substratom.<\/p>\n<p>Pokrov je mogo\u010de odstraniti, zaradi gumiranega roba pa se varno prilega mravlji\u0161\u010du. Na sredini je 27 mm luknja, ki se uporablja za vla\u017eenje notranjosti gnezda. Odvisno od \u017eelene vla\u017enosti lahko to odprtino zaprete z mre\u017eastim vlo\u017ekom ali zama\u0161kom za formikarij.<\/p>\n<p>Na voljo je tudi rde\u010da prevleka, ki potemni gnezdo in lahko, odvisno od gojene vrste, pozitivno vpliva na razvoj kolonije.<\/p>\n<p><strong>Informacije o proizvodnji<\/strong><br \/>\nSteklo je bru\u0161eno v skladu z DIN 1249 s toleranco +\/- 1 mm. Za izjemno majhne vrste mravelj je nujna dodatna za\u0161\u010dita pred razbitjem.<\/p>\n<p><strong>Opomba o priklju\u010dnih vti\u010dnicah<\/strong><br \/>\nPri name\u0161\u010danju ali odstranjevanju cevi upo\u0161tevajte naslednje:<br \/>\n\u010ce je cev zelo te\u017eko namestiti na priklju\u010dno vti\u010dnico, vti\u010dnico rahlo natrite s kapljico na\u0161ega olja ali pra\u0161ka za za\u0161\u010dito pred izbruhom. Nato je treba cev potisniti na vti\u010dnico tako, da jo zavrtite ali privijte, ne da bi pritiskali na vti\u010dnico navzgor ali navzdol. Enako velja za odstranjevanje cevi s priklju\u010dka. Ne vleci jih preprosto s sebe!<\/p>","protected":false},"excerpt":{"rendered":"<p>Priklju\u010dek: 2x 14\/16\/18\/20 mm vti\u010dnica<br \/>\nVelikost: L<\/p>","protected":false},"featured_media":12293,"comment_status":"open","ping_status":"closed","template":"","meta":{"_acf_changed":false,"content-type":"","_monsterinsights_skip_tracking":false,"_monsterinsights_sitenote_active":false,"_monsterinsights_sitenote_note":"","_monsterinsights_sitenote_category":0},"product_brand":[484],"product_cat":[257,80,83,86],"product_tag":[],"class_list":{"0":"post-12288","1":"product","2":"type-product","3":"status-publish","4":"has-post-thumbnail","6":"product_brand-antcube","7":"product_cat-new-innovatve-products","8":"product_cat-antfarms","9":"product_cat-antfarms-l","10":"product_cat-formicariums","12":"first","13":"instock","14":"taxable","15":"shipping-taxable","16":"purchasable","17":"product-type-simple"},"acf":[],"aioseo_notices":[],"jetpack_sharing_enabled":true,"_links":{"self":[{"href":"https:\/\/antcube.shop\/sl\/wp-json\/wp\/v2\/product\/12288","targetHints":{"allow":["GET"]}}],"collection":[{"href":"https:\/\/antcube.shop\/sl\/wp-json\/wp\/v2\/product"}],"about":[{"href":"https:\/\/antcube.shop\/sl\/wp-json\/wp\/v2\/types\/product"}],"replies":[{"embeddable":true,"href":"https:\/\/antcube.shop\/sl\/wp-json\/wp\/v2\/comments?post=12288"}],"wp:featuredmedia":[{"embeddable":true,"href":"https:\/\/antcube.shop\/sl\/wp-json\/wp\/v2\/media\/12293"}],"wp:attachment":[{"href":"https:\/\/antcube.shop\/sl\/wp-json\/wp\/v2\/media?parent=12288"}],"wp:term":[{"taxonomy":"product_brand","embeddable":true,"href":"https:\/\/antcube.shop\/sl\/wp-json\/wp\/v2\/product_brand?post=12288"},{"taxonomy":"product_cat","embeddable":true,"href":"https:\/\/antcube.shop\/sl\/wp-json\/wp\/v2\/product_cat?post=12288"},{"taxonomy":"product_tag","embeddable":true,"href":"https:\/\/antcube.shop\/sl\/wp-json\/wp\/v2\/product_tag?post=12288"}],"curies":[{"name":"wp","href":"https:\/\/api.w.org\/{rel}","templated":true}]}}