{"id":12285,"date":"2025-09-02T09:52:58","date_gmt":"2025-09-02T07:52:58","guid":{"rendered":"https:\/\/antcube.shop\/en\/product\/antcube-korknest-20x20-liegend\/"},"modified":"2026-04-09T14:37:33","modified_gmt":"2026-04-09T12:37:33","slug":"antcube-corknest-20x20-lezanje","status":"publish","type":"product","link":"https:\/\/antcube.shop\/sl\/izdelek\/antcube-corknest-20x20-lezanje\/","title":{"rendered":"ANTCUBE - Corknest 20\u00d720 - le\u017ee\u010de"},"content":{"rendered":"<p><strong>Dimenzije:<\/strong> 180x180x28mm<\/p>\n<p><strong>Material: <\/strong>Pluta (fino)<\/p>\n<p><strong>Uporaba:<\/strong><br \/>\nPrimerno samo za na\u0161 ANTCUBE - Gnezdo 20\u00d720 - vodoravno<\/p>\n<p><strong>Opis:\u00a0<\/strong><br \/>\nTo plutovinasto gnezdo z vnaprej pripravljenimi tuneli in komorami je primerno za \u0161tevilne vrste mravelj, zlasti tiste, ki gnezdijo v (odmrlem) lesu. Ima dve luknji, ki slu\u017eita kot vhoda v gnezdo.<\/p>\n<p>Pluta je naraven, kemi\u010dno nevtralen material. Njegova struktura je neprepustna za teko\u010dine, ne reagira kemi\u010dno in zato dolgo ostane nedotaknjena. Vendar lahko trajno visoka vsebnost vlage spodbuja gnitje in skraj\u0161a \u017eivljenjsko dobo gnezda. Na splo\u0161no je pluta zelo odporna proti gnitju ter oku\u017ebi z glivami in plesnimi. Njena posebna povr\u0161ina in struktura ne nudita veliko primernega goji\u0161\u010da za glive. Kljub temu lahko ostanki hrane, iztrebki ali druge organske snovi spodbujajo rast plesni.<\/p>\n<p>Zato priporo\u010damo, da v plutovinastih gnezdih hranite vrste mravelj iz bolj suhih obmo\u010dij. Vendar pa lahko v njih gojimo tudi vrste iz bolj vla\u017enih habitatov - za ve\u010dino ni te\u017eav z gnitjem. \u0160tevilne vrste mravelj, ki jih najdemo v severni Evropi, kot sta Camponotus herculeanus ali Formica fusca, so celo naravno prilagojene na gnili ali delno razpadli les.<\/p>","protected":false},"excerpt":{"rendered":"<p>Velikost: 180x180x28 mm<\/p>","protected":false},"featured_media":12290,"comment_status":"open","ping_status":"closed","template":"","meta":{"_acf_changed":false,"content-type":"","_monsterinsights_skip_tracking":false,"_monsterinsights_sitenote_active":false,"_monsterinsights_sitenote_note":"","_monsterinsights_sitenote_category":0},"product_brand":[484],"product_cat":[257,87,89],"product_tag":[],"class_list":{"0":"post-12285","1":"product","2":"type-product","3":"status-publish","4":"has-post-thumbnail","6":"product_brand-antcube","7":"product_cat-new-innovatve-products","8":"product_cat-nest-insets","9":"product_cat-cork","11":"first","12":"instock","13":"taxable","14":"shipping-taxable","15":"purchasable","16":"product-type-simple"},"acf":[],"aioseo_notices":[],"jetpack_sharing_enabled":true,"_links":{"self":[{"href":"https:\/\/antcube.shop\/sl\/wp-json\/wp\/v2\/product\/12285","targetHints":{"allow":["GET"]}}],"collection":[{"href":"https:\/\/antcube.shop\/sl\/wp-json\/wp\/v2\/product"}],"about":[{"href":"https:\/\/antcube.shop\/sl\/wp-json\/wp\/v2\/types\/product"}],"replies":[{"embeddable":true,"href":"https:\/\/antcube.shop\/sl\/wp-json\/wp\/v2\/comments?post=12285"}],"wp:featuredmedia":[{"embeddable":true,"href":"https:\/\/antcube.shop\/sl\/wp-json\/wp\/v2\/media\/12290"}],"wp:attachment":[{"href":"https:\/\/antcube.shop\/sl\/wp-json\/wp\/v2\/media?parent=12285"}],"wp:term":[{"taxonomy":"product_brand","embeddable":true,"href":"https:\/\/antcube.shop\/sl\/wp-json\/wp\/v2\/product_brand?post=12285"},{"taxonomy":"product_cat","embeddable":true,"href":"https:\/\/antcube.shop\/sl\/wp-json\/wp\/v2\/product_cat?post=12285"},{"taxonomy":"product_tag","embeddable":true,"href":"https:\/\/antcube.shop\/sl\/wp-json\/wp\/v2\/product_tag?post=12285"}],"curies":[{"name":"wp","href":"https:\/\/api.w.org\/{rel}","templated":true}]}}