{"id":11499,"date":"2025-04-25T15:12:26","date_gmt":"2025-04-25T13:12:26","guid":{"rendered":"https:\/\/antcube.shop\/en\/product\/poster-weberameisen-oecophylla-lebensweise-100x70\/"},"modified":"2026-01-12T12:41:38","modified_gmt":"2026-01-12T11:41:38","slug":"plakat-mravlje-tkalke-oecophylla-nacin-zivljenja-100x70","status":"publish","type":"product","link":"https:\/\/antcube.shop\/sl\/izdelek\/plakat-mravlje-tkalke-oecophylla-nacin-zivljenja-100x70\/","title":{"rendered":"Plakat - Tkalske mravlje - Oecophylla na\u010din \u017eivljenja - 100\u00d770"},"content":{"rendered":"<p>Tkalske mravlje - Oecophylla way of life - Mravlje Plakat in u\u010dni pripomo\u010dek za \u0161ole\/vrtce.<\/p>\n<p><strong>Opis je na voljo v nem\u0161\u010dini, angle\u0161\u010dini, \u0161pan\u0161\u010dini in franco\u0161\u010dini<\/strong><\/p>\n<p><strong>Dimenzije:<\/strong> 100 \u00d7 70 cm<\/p>\n<p><strong>Material:<\/strong> Latex papir<br \/>\nTa papir je vodoodporen, ga je mogo\u010de brisati, je trpe\u017een, okolju prijazen, saj ne vsebuje okolju \u0161kodljivih topil, in omogo\u010da odli\u010dno kakovost tiska.<\/p>\n<p><strong>Opis:<\/strong> Ta plakat prikazuje na\u010din \u017eivljenja in gradnjo gnezd tkalskih mravelj vrste Oecophylla iz Azije, Afrike in Avstralije.<\/p>\n<p><strong>Pomembno - dodatne informacije:<\/strong> <a href=\"https:\/\/www.ants.de\/link\/1003\">Tukaj<\/a> na plakatu boste na\u0161li podroben opis posameznih prizorov. Ti niso prilo\u017eeni, lahko pa do njih dostopate in jih natisnete lo\u010deno prek naslednje povezave. <a href=\"https:\/\/www.ants.de\/link\/1003\">https:\/\/www.ants.de\/link\/1003<\/a><\/p>","protected":false},"excerpt":{"rendered":"<p>Tkalske mravlje - Oecophylla way of life - Mravlje Plakat in u\u010dni pripomo\u010dek za \u0161ole\/vrtce. Opis je na voljo v nem\u0161\u010dini, angle\u0161\u010dini, \u0161pan\u0161\u010dini in franco\u0161\u010dini: Dimenzije: 70x50 cm Material: Ta papir je vodoodporen, ga je mogo\u010de brisati, je trpe\u017een, okolju prijazen, saj ne vsebuje okolju \u0161kodljivih topil in omogo\u010da odli\u010dno kakovost tiska. Opis: Ta plakat daje","protected":false},"featured_media":11402,"comment_status":"open","ping_status":"closed","template":"","meta":{"_acf_changed":false,"content-type":"","_monsterinsights_skip_tracking":false,"_monsterinsights_sitenote_active":false,"_monsterinsights_sitenote_note":"","_monsterinsights_sitenote_category":0},"product_brand":[484],"product_cat":[500],"product_tag":[],"class_list":{"0":"post-11499","1":"product","2":"type-product","3":"status-publish","4":"has-post-thumbnail","6":"product_brand-antcube","7":"product_cat-ant-posters-and-teaching-aids","9":"first","10":"instock","11":"taxable","12":"shipping-taxable","13":"purchasable","14":"product-type-simple"},"acf":[],"aioseo_notices":[],"jetpack_sharing_enabled":true,"_links":{"self":[{"href":"https:\/\/antcube.shop\/sl\/wp-json\/wp\/v2\/product\/11499","targetHints":{"allow":["GET"]}}],"collection":[{"href":"https:\/\/antcube.shop\/sl\/wp-json\/wp\/v2\/product"}],"about":[{"href":"https:\/\/antcube.shop\/sl\/wp-json\/wp\/v2\/types\/product"}],"replies":[{"embeddable":true,"href":"https:\/\/antcube.shop\/sl\/wp-json\/wp\/v2\/comments?post=11499"}],"wp:featuredmedia":[{"embeddable":true,"href":"https:\/\/antcube.shop\/sl\/wp-json\/wp\/v2\/media\/11402"}],"wp:attachment":[{"href":"https:\/\/antcube.shop\/sl\/wp-json\/wp\/v2\/media?parent=11499"}],"wp:term":[{"taxonomy":"product_brand","embeddable":true,"href":"https:\/\/antcube.shop\/sl\/wp-json\/wp\/v2\/product_brand?post=11499"},{"taxonomy":"product_cat","embeddable":true,"href":"https:\/\/antcube.shop\/sl\/wp-json\/wp\/v2\/product_cat?post=11499"},{"taxonomy":"product_tag","embeddable":true,"href":"https:\/\/antcube.shop\/sl\/wp-json\/wp\/v2\/product_tag?post=11499"}],"curies":[{"name":"wp","href":"https:\/\/api.w.org\/{rel}","templated":true}]}}