{"id":11496,"date":"2025-04-25T15:09:59","date_gmt":"2025-04-25T13:09:59","guid":{"rendered":"https:\/\/antcube.shop\/en\/product\/poster-feinde-der-ameisen-70x50\/"},"modified":"2026-02-03T16:29:11","modified_gmt":"2026-02-03T15:29:11","slug":"plakat-sovrazniki-mravelj-70x50","status":"publish","type":"product","link":"https:\/\/antcube.shop\/sl\/izdelek\/plakat-sovrazniki-mravelj-70x50\/","title":{"rendered":"Plakat - Sovra\u017eniki mravelj - 70\u00d750"},"content":{"rendered":"<p>Sovra\u017eniki mravelj - Plakat o mravljah in u\u010dni pripomo\u010dek za \u0161ole\/vrtce.<\/p>\n<p><strong>Opis je na voljo v nem\u0161\u010dini, angle\u0161\u010dini, \u0161pan\u0161\u010dini in franco\u0161\u010dini<\/strong><\/p>\n<p><strong>Dimenzije:<\/strong> 70 \u00d7 50 cm<\/p>\n<p><strong>Material:<\/strong> Latex papir<br \/>\nTa papir je vodoodporen, ga je mogo\u010de brisati, je trpe\u017een, okolju prijazen, saj ne vsebuje okolju \u0161kodljivih topil, in omogo\u010da odli\u010dno kakovost tiska.<\/p>\n<p><strong>Opis:<\/strong> Na tem plakatu so predstavljeni naravni sovra\u017eniki mravelj, od malega mravlji\u0161\u010darja do nas ljudi.<\/p>\n<p><strong>Pomembno - dodatne informacije:<\/strong> <a href=\"https:\/\/www.ants.de\/link\/1010\">Tukaj<\/a> na plakatu boste na\u0161li podroben opis posameznih prizorov. Ti niso prilo\u017eeni, lahko pa do njih dostopate in jih natisnete lo\u010deno prek naslednje povezave. <a href=\"https:\/\/www.ants.de\/link\/1010\">https:\/\/www.ants.de\/link\/1010<\/a><\/p>","protected":false},"excerpt":{"rendered":"<p>Sovra\u017eniki mravelj - Plakat o mravljah in u\u010dni pripomo\u010dek za \u0161ole\/vrtce. Opis je na voljo v nem\u0161\u010dini, angle\u0161\u010dini, \u0161pan\u0161\u010dini in franco\u0161\u010dini: 100x70 cm Material: Ta papir je vodoodporen, ga je mogo\u010de brisati, je trpe\u017een, okolju prijazen, saj ne vsebuje okolju \u0161kodljivih topil in omogo\u010da odli\u010dno kakovost tiska. Opis: Ta plakat vsebuje pregled","protected":false},"featured_media":11404,"comment_status":"open","ping_status":"closed","template":"","meta":{"_acf_changed":false,"content-type":"","_monsterinsights_skip_tracking":false,"_monsterinsights_sitenote_active":false,"_monsterinsights_sitenote_note":"","_monsterinsights_sitenote_category":0},"product_brand":[484],"product_cat":[500],"product_tag":[],"class_list":{"0":"post-11496","1":"product","2":"type-product","3":"status-publish","4":"has-post-thumbnail","6":"product_brand-antcube","7":"product_cat-ant-posters-and-teaching-aids","9":"first","10":"instock","11":"taxable","12":"shipping-taxable","13":"purchasable","14":"product-type-simple"},"acf":[],"aioseo_notices":[],"jetpack_sharing_enabled":true,"_links":{"self":[{"href":"https:\/\/antcube.shop\/sl\/wp-json\/wp\/v2\/product\/11496","targetHints":{"allow":["GET"]}}],"collection":[{"href":"https:\/\/antcube.shop\/sl\/wp-json\/wp\/v2\/product"}],"about":[{"href":"https:\/\/antcube.shop\/sl\/wp-json\/wp\/v2\/types\/product"}],"replies":[{"embeddable":true,"href":"https:\/\/antcube.shop\/sl\/wp-json\/wp\/v2\/comments?post=11496"}],"wp:featuredmedia":[{"embeddable":true,"href":"https:\/\/antcube.shop\/sl\/wp-json\/wp\/v2\/media\/11404"}],"wp:attachment":[{"href":"https:\/\/antcube.shop\/sl\/wp-json\/wp\/v2\/media?parent=11496"}],"wp:term":[{"taxonomy":"product_brand","embeddable":true,"href":"https:\/\/antcube.shop\/sl\/wp-json\/wp\/v2\/product_brand?post=11496"},{"taxonomy":"product_cat","embeddable":true,"href":"https:\/\/antcube.shop\/sl\/wp-json\/wp\/v2\/product_cat?post=11496"},{"taxonomy":"product_tag","embeddable":true,"href":"https:\/\/antcube.shop\/sl\/wp-json\/wp\/v2\/product_tag?post=11496"}],"curies":[{"name":"wp","href":"https:\/\/api.w.org\/{rel}","templated":true}]}}