{"id":11494,"date":"2025-04-25T14:47:21","date_gmt":"2025-04-25T12:47:21","guid":{"rendered":"https:\/\/antcube.shop\/en\/product\/poster-ameisen-lebenszyklus-lasius-niger-50x70\/"},"modified":"2026-03-13T15:03:48","modified_gmt":"2026-03-13T14:03:48","slug":"plakat-zivljenjski-cikel-mravlje-lasius-niger-50x70","status":"publish","type":"product","link":"https:\/\/antcube.shop\/sl\/izdelek\/plakat-zivljenjski-cikel-mravlje-lasius-niger-50x70\/","title":{"rendered":"Plakat - \u017divljenjski cikel mravlje - Lasius niger - 50\u00d770"},"content":{"rendered":"<p>\u017divljenjski cikel mravlje - Lasius niger - Mravlja Plakat in u\u010dni pripomo\u010dek za \u0161ole\/vrtce.<\/p>\n<p><strong>Opis je na voljo v nem\u0161\u010dini, angle\u0161\u010dini, \u0161pan\u0161\u010dini in franco\u0161\u010dini<\/strong><\/p>\n<p><strong>Dimenzije:<\/strong> 50 \u00d7 70 cm<\/p>\n<p><strong>Material:<\/strong> Latex papir<br \/>\nTa papir je vodoodporen, ga je mogo\u010de brisati, je trpe\u017een, okolju prijazen, saj ne vsebuje okolju \u0161kodljivih topil, in omogo\u010da odli\u010dno kakovost tiska.<\/p>\n<p><strong>Opis:<\/strong> Na tem plakatu je na primeru vrste mravelj Lasius niger predstavljen pregled razvojnih faz mravelj, od jaj\u010deca do delavke.<\/p>\n<p><strong>Pomembno - dodatne informacije:<\/strong> <a href=\"https:\/\/www.ants.de\/link\/1100\">Tukaj<\/a> na plakatu boste na\u0161li podroben opis posameznih prizorov. Ti niso prilo\u017eeni plakatu, ampak jih lahko dobite in natisnete lo\u010deno na naslednji povezavi. <a href=\"https:\/\/www.ants.de\/link\/1100\">https:\/\/www.ants.de\/link\/1100<\/a><\/p>","protected":false},"excerpt":{"rendered":"<p>\u017divljenjski cikel mravlje - Lasius niger - Mravlja Plakat in u\u010dni pripomo\u010dek za \u0161ole\/vrtce. Opis je na voljo v nem\u0161\u010dini, angle\u0161\u010dini, \u0161pan\u0161\u010dini in franco\u0161\u010dini: Dimenzije: 70x100 cm Material: Ta papir je vodoodporen, ga je mogo\u010de brisati, je trpe\u017een, okolju prijazen, saj ne vsebuje okolju \u0161kodljivih topil in omogo\u010da odli\u010dno kakovost tiska. Opis: Ta plakat","protected":false},"featured_media":11403,"comment_status":"open","ping_status":"closed","template":"","meta":{"_acf_changed":false,"content-type":"","_monsterinsights_skip_tracking":false,"_monsterinsights_sitenote_active":false,"_monsterinsights_sitenote_note":"","_monsterinsights_sitenote_category":0},"product_brand":[484],"product_cat":[500],"product_tag":[],"class_list":{"0":"post-11494","1":"product","2":"type-product","3":"status-publish","4":"has-post-thumbnail","6":"product_brand-antcube","7":"product_cat-ant-posters-and-teaching-aids","9":"first","10":"instock","11":"taxable","12":"shipping-taxable","13":"purchasable","14":"product-type-simple"},"acf":[],"aioseo_notices":[],"jetpack_sharing_enabled":true,"_links":{"self":[{"href":"https:\/\/antcube.shop\/sl\/wp-json\/wp\/v2\/product\/11494","targetHints":{"allow":["GET"]}}],"collection":[{"href":"https:\/\/antcube.shop\/sl\/wp-json\/wp\/v2\/product"}],"about":[{"href":"https:\/\/antcube.shop\/sl\/wp-json\/wp\/v2\/types\/product"}],"replies":[{"embeddable":true,"href":"https:\/\/antcube.shop\/sl\/wp-json\/wp\/v2\/comments?post=11494"}],"wp:featuredmedia":[{"embeddable":true,"href":"https:\/\/antcube.shop\/sl\/wp-json\/wp\/v2\/media\/11403"}],"wp:attachment":[{"href":"https:\/\/antcube.shop\/sl\/wp-json\/wp\/v2\/media?parent=11494"}],"wp:term":[{"taxonomy":"product_brand","embeddable":true,"href":"https:\/\/antcube.shop\/sl\/wp-json\/wp\/v2\/product_brand?post=11494"},{"taxonomy":"product_cat","embeddable":true,"href":"https:\/\/antcube.shop\/sl\/wp-json\/wp\/v2\/product_cat?post=11494"},{"taxonomy":"product_tag","embeddable":true,"href":"https:\/\/antcube.shop\/sl\/wp-json\/wp\/v2\/product_tag?post=11494"}],"curies":[{"name":"wp","href":"https:\/\/api.w.org\/{rel}","templated":true}]}}