{"id":11413,"date":"2025-04-11T16:43:25","date_gmt":"2025-04-11T14:43:25","guid":{"rendered":"https:\/\/antcube.shop\/en\/product\/light-strip-pro-40cm\/"},"modified":"2026-03-27T13:58:51","modified_gmt":"2026-03-27T12:58:51","slug":"svetlobni-trak-pro-40cm","status":"publish","type":"product","link":"https:\/\/antcube.shop\/sl\/izdelek\/svetlobni-trak-pro-40cm\/","title":{"rendered":"Svetlobni trak Pro 40cm"},"content":{"rendered":"<p><strong>Vsebina:<\/strong><br \/>\n1x svetlobni trak LED Pro<br \/>\n1x nosilec za monta\u017eo na strop, vklju\u010dno z vijaki<br \/>\n1x omre\u017eni vti\u010d s stikalom<\/p>\n<p><strong>Tehni\u010dni podatki:<\/strong><br \/>\nDimenzije: 400x124x42 mm<br \/>\nRazsvetljava: LED<br \/>\nPoraba energije: 16 W<br \/>\nSvetlobni tok: 2200 lm (140 lm\/W)<br \/>\nBarva svetlobe: 6000K<br \/>\n\u017divljenjska doba: ~ 25.000 ur<br \/>\nDol\u017eina kabla: 145 cm<\/p>\n<p><strong>Material:<\/strong> plastika<\/p>\n<p><strong>Barva:<\/strong> \u010drna<\/p>\n<p><strong>Opis:<\/strong><br \/>\nLED osvetlitev za formikarije, vivarije in terarije velikosti 60x30x60.<br \/>\nZa\u0161\u010diteni so pred brizganjem vode po standardu IP65, zato so svetlobni trakovi kot nala\u0161\u010d za tropske terarije. Zaradi nizkega razvoja toplote so svetilke Light Strip zelo primerne tudi za vrste z manj\u0161imi potrebami po toploti.<\/p>","protected":false},"excerpt":{"rendered":"<p><span style=\"font-weight: 400;\">Poraba energije: 16 W<\/span><\/p>","protected":false},"featured_media":11368,"comment_status":"open","ping_status":"closed","template":"","meta":{"_acf_changed":false,"content-type":"","_monsterinsights_skip_tracking":false,"_monsterinsights_sitenote_active":false,"_monsterinsights_sitenote_note":"","_monsterinsights_sitenote_category":0},"product_brand":[],"product_cat":[359,257,119],"product_tag":[],"class_list":{"0":"post-11413","1":"product","2":"type-product","3":"status-publish","4":"has-post-thumbnail","6":"product_cat-light-heat-humidity","7":"product_cat-new-innovatve-products","8":"product_cat-formicarium-components","10":"first","11":"instock","12":"taxable","13":"shipping-taxable","14":"purchasable","15":"product-type-simple"},"acf":[],"aioseo_notices":[],"jetpack_sharing_enabled":true,"_links":{"self":[{"href":"https:\/\/antcube.shop\/sl\/wp-json\/wp\/v2\/product\/11413","targetHints":{"allow":["GET"]}}],"collection":[{"href":"https:\/\/antcube.shop\/sl\/wp-json\/wp\/v2\/product"}],"about":[{"href":"https:\/\/antcube.shop\/sl\/wp-json\/wp\/v2\/types\/product"}],"replies":[{"embeddable":true,"href":"https:\/\/antcube.shop\/sl\/wp-json\/wp\/v2\/comments?post=11413"}],"wp:featuredmedia":[{"embeddable":true,"href":"https:\/\/antcube.shop\/sl\/wp-json\/wp\/v2\/media\/11368"}],"wp:attachment":[{"href":"https:\/\/antcube.shop\/sl\/wp-json\/wp\/v2\/media?parent=11413"}],"wp:term":[{"taxonomy":"product_brand","embeddable":true,"href":"https:\/\/antcube.shop\/sl\/wp-json\/wp\/v2\/product_brand?post=11413"},{"taxonomy":"product_cat","embeddable":true,"href":"https:\/\/antcube.shop\/sl\/wp-json\/wp\/v2\/product_cat?post=11413"},{"taxonomy":"product_tag","embeddable":true,"href":"https:\/\/antcube.shop\/sl\/wp-json\/wp\/v2\/product_tag?post=11413"}],"curies":[{"name":"wp","href":"https:\/\/api.w.org\/{rel}","templated":true}]}}