{"id":11411,"date":"2025-04-11T16:41:28","date_gmt":"2025-04-11T14:41:28","guid":{"rendered":"https:\/\/antcube.shop\/en\/product\/light-strip-20-erweiterung\/"},"modified":"2026-03-16T10:38:25","modified_gmt":"2026-03-16T09:38:25","slug":"svetlobni-trak-20-podaljsek","status":"publish","type":"product","link":"https:\/\/antcube.shop\/sl\/izdelek\/svetlobni-trak-20-podaljsek\/","title":{"rendered":"Svetlobni trak 20 podalj\u0161ek"},"content":{"rendered":"<p><strong>Vsebina:<\/strong><br \/>\n1x Svetlobni trak LED mini 14 cm<br \/>\n1x nosilec za monta\u017eo na strop, vklju\u010dno z vijaki<br \/>\n1x priklju\u010dni kabel<br \/>\n1x priklju\u010dni vti\u010d<\/p>\n<p><strong>Tehni\u010dni podatki:<\/strong><br \/>\nDimenzije: 140x60x9 mm<br \/>\nRazsvetljava: LED<br \/>\nPoraba energije: 2W<br \/>\nSvetlobni tok: 210 lm (105 lm\/W)<br \/>\nBarva svetlobe: 3000K \/ 4000K \/ 6500K<br \/>\n\u017divljenjska doba: ~ 25.000 ur<br \/>\nDol\u017eina kabla: 30 cm<br \/>\nzatemnitev<\/p>\n<p><strong>Material:<\/strong> Plastika<\/p>\n<p><strong>Barva:<\/strong> bela<\/p>\n<p><strong>Opis:<\/strong><br \/>\nIdealno za vse vrste mravelj. Spekter podoben dnevni svetlobi z dobro osvetlitvijo formikarija. Brez ne\u017eelenega oddajanja toplote, izjemno var\u010den z energijo.<br \/>\nTa svetilka LED je primerna za formikarije in vivarije velikosti 20x20x20, 20x20x10 in 20x10x10. Lahko jo preprosto namestite na pokrov. Svetlost je mogo\u010de zatemniti v 10 stopnjah in nastaviti 3 razli\u010dne barve svetlobe, od \"hladne bele\" do \"naravne\" in \"tople\" svetlobe. Za formikarje s \u0161irino 40 cm lahko vstavite dve svetilki eno v drugo. Z vi\u0161ine ve\u010d kot 30 cm dose\u017ee dno le malo svetlobe.<\/p>\n<p><strong>Pomembno:<\/strong> Brez napajanja! Deluje samo v povezavi s svetlobnim trakom 20 (1005742) ali 30 (1005742).<br \/>\nNa primer, 6 svetilk 20 (do 12 W) je lahko zaporedno povezanih z napajalno enoto.<\/p>","protected":false},"excerpt":{"rendered":"<p><span style=\"font-weight: 400;\">Poraba energije: 2W<\/span><\/p>","protected":false},"featured_media":11377,"comment_status":"open","ping_status":"closed","template":"","meta":{"_acf_changed":false,"content-type":"","_monsterinsights_skip_tracking":false,"_monsterinsights_sitenote_active":false,"_monsterinsights_sitenote_note":"","_monsterinsights_sitenote_category":0},"product_brand":[],"product_cat":[359,257,119],"product_tag":[],"class_list":{"0":"post-11411","1":"product","2":"type-product","3":"status-publish","4":"has-post-thumbnail","6":"product_cat-light-heat-humidity","7":"product_cat-new-innovatve-products","8":"product_cat-formicarium-components","10":"first","11":"instock","12":"taxable","13":"shipping-taxable","14":"purchasable","15":"product-type-simple"},"acf":[],"aioseo_notices":[],"jetpack_sharing_enabled":true,"_links":{"self":[{"href":"https:\/\/antcube.shop\/sl\/wp-json\/wp\/v2\/product\/11411","targetHints":{"allow":["GET"]}}],"collection":[{"href":"https:\/\/antcube.shop\/sl\/wp-json\/wp\/v2\/product"}],"about":[{"href":"https:\/\/antcube.shop\/sl\/wp-json\/wp\/v2\/types\/product"}],"replies":[{"embeddable":true,"href":"https:\/\/antcube.shop\/sl\/wp-json\/wp\/v2\/comments?post=11411"}],"wp:featuredmedia":[{"embeddable":true,"href":"https:\/\/antcube.shop\/sl\/wp-json\/wp\/v2\/media\/11377"}],"wp:attachment":[{"href":"https:\/\/antcube.shop\/sl\/wp-json\/wp\/v2\/media?parent=11411"}],"wp:term":[{"taxonomy":"product_brand","embeddable":true,"href":"https:\/\/antcube.shop\/sl\/wp-json\/wp\/v2\/product_brand?post=11411"},{"taxonomy":"product_cat","embeddable":true,"href":"https:\/\/antcube.shop\/sl\/wp-json\/wp\/v2\/product_cat?post=11411"},{"taxonomy":"product_tag","embeddable":true,"href":"https:\/\/antcube.shop\/sl\/wp-json\/wp\/v2\/product_tag?post=11411"}],"curies":[{"name":"wp","href":"https:\/\/api.w.org\/{rel}","templated":true}]}}