{"id":11407,"date":"2025-04-11T16:38:16","date_gmt":"2025-04-11T14:38:16","guid":{"rendered":"https:\/\/antcube.shop\/en\/product\/terracube-60x30x60-terrarium-mit-schiebetur\/"},"modified":"2026-04-02T12:12:14","modified_gmt":"2026-04-02T10:12:14","slug":"terracube-60x30x60-terarij-z-drsnimi-vrati","status":"publish","type":"product","link":"https:\/\/antcube.shop\/sl\/izdelek\/terracube-60x30x60-terarij-z-drsnimi-vrati\/","title":{"rendered":"TERRACUBE 60x30x60 Terarij z drsnimi vrati"},"content":{"rendered":"<p><strong>TERRACUBE Terarij 60x30x60 z drsnimi vrati in 2x 50 mm odprtinami.<\/strong><\/p>\n<p><strong>Dimenzije:<\/strong> 600 x 300 x 600 mm; debelina stekla 4 mm<br \/>\n<strong>Material:<\/strong> float steklo<br \/>\n<strong>Povezava:<\/strong> 2x 50 mm luknja (2x ob strani)<\/p>\n<p><strong>Odpiranje spredaj (drsna vrata):<\/strong> 300 \u00d7 300 mm<br \/>\nVi\u0161ina palice: 12,5 cm<br \/>\n\u0160irina palice: 4 cm<\/p>\n<p><strong>Opis:<\/strong><br \/>\n<strong>TERRACUBE - Popolnoma prozoren modularni sistem terarijev s pametnimi detajli<\/strong><br \/>\nTerarije TERRACUBE odlikujeta najve\u010dja preglednost (360\u00b0) in eleganten, jasen dizajn. Vsi robovi so natan\u010dno zlepljeni, tako da ni vidnih nadle\u017enih silikonskih \u0161ivov. Tudi uporabljeni silikon je popolnoma prozoren - za nepregleden pogled v notranjost.<\/p>\n<p><strong>Prefinjeno prezra\u010devanje in tehni\u010dne dostopne to\u010dke<\/strong><br \/>\n<strong>Dve stranski odprtini (vsaka \u00d8 50 mm) omogo\u010data prilagodljive mo\u017enosti uporabe:<\/strong><br \/>\nUporabljajo se lahko za dodatno prezra\u010devanje ali kot dostop do tehnologije, kot so termometri, meglenke, grelni kamni in \u0161e veliko ve\u010d.<\/p>\n<p>Pokrov se prodaja lo\u010deno in je na voljo v razli\u010dnih izvedbah - z razli\u010dnimi prezra\u010devalnimi povr\u0161inami in odprtinami za dodatno prezra\u010devanje ali tehni\u010dne dodatke, kot so sistemi za de\u017e ali ventilatorji, odvisno od habitata.<\/p>\n<p><strong>Varna mre\u017ea - primerna tudi za male \u017eivali<\/strong><br \/>\nDrobno mre\u017ea iz nerjave\u010dega jekla na palici je tako tesna, da se iz nje ne morejo izmuzniti niti majhne vrste, kot so sadne mu\u0161ice (Drosophila) ali mravlje. Podpira jo trdna perforirana aluminijasta plo\u0161\u010da. Zaradi tega je koncept protikorozijski (nezahteven za vzdr\u017eevanje in vzdr\u017eljiv) in stabilen, tudi pred mehanskimi udarci ve\u010djih plazilcev.<\/p>\n<p><strong>Drsna vrata - prakti\u010dna in skoraj nevidna<\/strong><br \/>\nPrakti\u010dna drsna vrata so opremljena s prozornim ro\u010dajem na prav tako popolnoma prozornem nosilcu. To pomeni, da je vedno v ospredju ljube\u010de oblikovana notranjost ali \u017eivali, ki se nahajajo v njej.<\/p>\n<p><strong>Modularni sistem - pove\u017eite terarije med seboj<\/strong><br \/>\nVe\u010d terarijev TERRACUBE lahko pove\u017eete med seboj z luknjami na straneh in ustreznimi prozornimi akrilnimi priklju\u010dki ali cevmi.<br \/>\nV sosednjem akvariju lahko na primer hranite kolonijo mravelj kot vir hrane za plazilce - z varnim umikom, \u010de plazilci ne morejo skozi cev. Na ta na\u010din je mogo\u010de prilagodljivo raz\u0161iriti tudi celotne sisteme, na primer za \u017eabe ali salamandre.<\/p>\n<p><strong>Opomba:<\/strong> Steklo je rezano po velikosti v skladu z DIN 1249 s toleranco +\/- 1 mm. Dodatna za\u0161\u010dita pred pobegom je nujna za izjemno majhne vrste mravelj.<\/p>","protected":false},"excerpt":{"rendered":"<p>TERRACUBE Terarij 60x30x60 z drsnimi vrati in 2x 50 mm odprtinami. Dimenzije: Material: float steklo Priklju\u010dek: 2x 50 mm odprtina (2x ob strani) Odprtina spredaj (drsna vrata): 600 x 300 x 600 mm; debelina stekla 4 mm: Vi\u0161ina pre\u010dke: 12,5 cm \u0160irina pre\u010dke: 4 cm Opis: Vi\u0161ina pre\u010dke: 12,5 cm \u0160irina pre\u010dke: 4 cm: TERRACUBE - popolnoma prozoren modularni sistem terarijev","protected":false},"featured_media":11397,"comment_status":"open","ping_status":"closed","template":"","meta":{"_acf_changed":false,"content-type":"","_monsterinsights_skip_tracking":false,"_monsterinsights_sitenote_active":false,"_monsterinsights_sitenote_note":"","_monsterinsights_sitenote_category":0},"product_brand":[499],"product_cat":[257],"product_tag":[],"class_list":{"0":"post-11407","1":"product","2":"type-product","3":"status-publish","4":"has-post-thumbnail","6":"product_brand-terracube","7":"product_cat-new-innovatve-products","8":"product_shipping_class-forwarding-on-pallet","10":"first","11":"instock","12":"taxable","13":"shipping-taxable","14":"purchasable","15":"product-type-simple"},"acf":[],"aioseo_notices":[],"jetpack_sharing_enabled":true,"_links":{"self":[{"href":"https:\/\/antcube.shop\/sl\/wp-json\/wp\/v2\/product\/11407","targetHints":{"allow":["GET"]}}],"collection":[{"href":"https:\/\/antcube.shop\/sl\/wp-json\/wp\/v2\/product"}],"about":[{"href":"https:\/\/antcube.shop\/sl\/wp-json\/wp\/v2\/types\/product"}],"replies":[{"embeddable":true,"href":"https:\/\/antcube.shop\/sl\/wp-json\/wp\/v2\/comments?post=11407"}],"wp:featuredmedia":[{"embeddable":true,"href":"https:\/\/antcube.shop\/sl\/wp-json\/wp\/v2\/media\/11397"}],"wp:attachment":[{"href":"https:\/\/antcube.shop\/sl\/wp-json\/wp\/v2\/media?parent=11407"}],"wp:term":[{"taxonomy":"product_brand","embeddable":true,"href":"https:\/\/antcube.shop\/sl\/wp-json\/wp\/v2\/product_brand?post=11407"},{"taxonomy":"product_cat","embeddable":true,"href":"https:\/\/antcube.shop\/sl\/wp-json\/wp\/v2\/product_cat?post=11407"},{"taxonomy":"product_tag","embeddable":true,"href":"https:\/\/antcube.shop\/sl\/wp-json\/wp\/v2\/product_tag?post=11407"}],"curies":[{"name":"wp","href":"https:\/\/api.w.org\/{rel}","templated":true}]}}