{"id":11137,"date":"2025-03-06T15:59:48","date_gmt":"2025-03-06T14:59:48","guid":{"rendered":"https:\/\/antcube.shop\/en\/product\/antcube-arena-60x30x60-mit-schiebetur\/"},"modified":"2026-01-12T12:41:14","modified_gmt":"2026-01-12T11:41:14","slug":"antcube-arena-60x30x60-z-drsnimi-vrati","status":"publish","type":"product","link":"https:\/\/antcube.shop\/sl\/izdelek\/antcube-arena-60x30x60-z-drsnimi-vrati\/","title":{"rendered":"ANTCUBE Arena 60x30x60 z drsnimi vrati"},"content":{"rendered":"<p><strong>ANTCUBE Arena 60x30x60 z drsnimi vrati in 4x 50 mm odprtinami.<\/strong><\/p>\n<p><strong>Dimenzije:<\/strong> 600 x 300 x 600 mm; debelina stekla 4 mm<br \/>\n<strong>Material:<\/strong> float steklo<br \/>\n<strong>Povezava:<\/strong> 4x 50 mm luknja (2x ob strani in 2x spredaj)<\/p>\n<p><strong>Odpiranje spredaj (drsna vrata):<\/strong> 300 \u00d7 300 mm<\/p>\n<p><strong>Opis:<\/strong> Na\u0161a arena ANTCUBE 60x30x60 z drsnimi vrati je bila razvita za udobno delo tudi v polni formikaciji. Primerna je tudi kot raz\u0161iritev na\u0161e arene z drsnimi vrati 60x30x30. Razlika je v novih luknjah na sprednji strani, ki omogo\u010dajo dodatno prezra\u010devanje ali, \u010de ob straneh ni prostora, povezovanje dodatnih aren z akrilnimi cevmi prek sprednjih priklju\u010dkov. Posebej uporabne so kot formikarij za tkalske mravlje (Polyrhachis in Oecophylla), saj rade gradijo navzgor in potrebujejo gostiteljsko rastlino. Tudi vrste, ki \u017eivijo na drevesih, kot je Tetraponera, so vesele mo\u017enosti za plezanje. V\u010dasih je na primer te\u017eko odstraniti odpadke \u017eivali na dnu formikarija. Pri tem posebej prilagojenem akvariju to ni te\u017eava. Drsna vrata so zelo prakti\u010dna tudi pri hranilnikih za mravlje Acromyrmex ali listne mravlje Atta, saj je mogo\u010de rastlinske ostanke in druge odpadke zlahka odstraniti. Za zgornjo odprtino sta lo\u010deno na voljo tudi za\u0161\u010ditni okvir za preboj 60 \u00d7 30 in pokrov arene 60 \u00d7 30 z ve\u010djim prezra\u010devalnim prostorom ali brez njega.<\/p>\n<p><strong>Opomba:<\/strong> Steklo je rezano po velikosti v skladu z DIN 1249 s toleranco +\/- 1 mm. Dodatna za\u0161\u010dita pred pobegom je nujna za izjemno majhne vrste mravelj.<\/p>","protected":false},"excerpt":{"rendered":"<p>Povezava: Priklju\u010dek: 4x luknja 50 mm<\/p>","protected":false},"featured_media":11138,"comment_status":"open","ping_status":"closed","template":"","meta":{"_acf_changed":false,"content-type":"","_monsterinsights_skip_tracking":false,"_monsterinsights_sitenote_active":false,"_monsterinsights_sitenote_note":"","_monsterinsights_sitenote_category":0},"product_brand":[484],"product_cat":[257,85,86],"product_tag":[],"class_list":{"0":"post-11137","1":"product","2":"type-product","3":"status-publish","4":"has-post-thumbnail","6":"product_brand-antcube","7":"product_cat-new-innovatve-products","8":"product_cat-ant-arenas","9":"product_cat-formicariums","10":"product_shipping_class-forwarding-on-pallet","12":"first","13":"instock","14":"taxable","15":"shipping-taxable","16":"purchasable","17":"product-type-simple"},"acf":[],"aioseo_notices":[],"jetpack_sharing_enabled":true,"_links":{"self":[{"href":"https:\/\/antcube.shop\/sl\/wp-json\/wp\/v2\/product\/11137","targetHints":{"allow":["GET"]}}],"collection":[{"href":"https:\/\/antcube.shop\/sl\/wp-json\/wp\/v2\/product"}],"about":[{"href":"https:\/\/antcube.shop\/sl\/wp-json\/wp\/v2\/types\/product"}],"replies":[{"embeddable":true,"href":"https:\/\/antcube.shop\/sl\/wp-json\/wp\/v2\/comments?post=11137"}],"wp:featuredmedia":[{"embeddable":true,"href":"https:\/\/antcube.shop\/sl\/wp-json\/wp\/v2\/media\/11138"}],"wp:attachment":[{"href":"https:\/\/antcube.shop\/sl\/wp-json\/wp\/v2\/media?parent=11137"}],"wp:term":[{"taxonomy":"product_brand","embeddable":true,"href":"https:\/\/antcube.shop\/sl\/wp-json\/wp\/v2\/product_brand?post=11137"},{"taxonomy":"product_cat","embeddable":true,"href":"https:\/\/antcube.shop\/sl\/wp-json\/wp\/v2\/product_cat?post=11137"},{"taxonomy":"product_tag","embeddable":true,"href":"https:\/\/antcube.shop\/sl\/wp-json\/wp\/v2\/product_tag?post=11137"}],"curies":[{"name":"wp","href":"https:\/\/api.w.org\/{rel}","templated":true}]}}