{"id":10988,"date":"2025-01-29T13:27:22","date_gmt":"2025-01-29T12:27:22","guid":{"rendered":"https:\/\/antcube.shop\/en\/product\/bundle-offer-pheidole-pallidula\/"},"modified":"2026-03-16T10:37:24","modified_gmt":"2026-03-16T09:37:24","slug":"paketna-ponudba-pheidole-pallidula","status":"publish","type":"product","link":"https:\/\/antcube.shop\/sl\/izdelek\/paketna-ponudba-pheidole-pallidula\/","title":{"rendered":"Ponudba sve\u017enja - Crematogaster scutellaris"},"content":{"rendered":"<p id=\"docs-internal-guid-f360e18f-7fff-1fa7-2486-66b6ea8170c9\" dir=\"ltr\"><span data-text-color=\"secondary\"><strong>Ponudba paketa vklju\u010duje kolonijo mravelj Crematogaster scutellaris (kraljica z 5-10 delavkami + mladi\u010di), za\u010detni set Digfix S, 2x blazinice za formikarij in pu\u0161\u010davsko fotografsko ozadje.<\/strong><\/span><\/p>\n<p dir=\"ltr\"><span data-text-color=\"alert\"><strong>Samo do porabe zalog.<\/strong><\/span><\/p>\n<h2 dir=\"ltr\"><strong>Vse, kar potrebujete za kolonijo mravelj Crematogaster scutellaris<\/strong><\/h2>\n<p dir=\"ltr\">Ta paket vsebuje vse, kar potrebujete za uspe\u0161no vzdr\u017eevanje kolonije Crematogaster scutellaris v prvih mesecih reje. Idealen je za za\u010detnike in ga je mogo\u010de zlahka raz\u0161iriti.<\/p>\n<h3 dir=\"ltr\"><strong>Vrsta mravelj Crematogaster scutellaris<\/strong><\/h3>\n<p>Crematogaster scutellaris je prete\u017eno vsejedi mravelj, ki se prehranjuje tako z rastlinsko kot z \u017eivalsko hrano. Raz\u0161irjena je v Sredozemlju, najdemo pa jo tudi v ju\u017enih delih Srednje Evrope. Za to vrsto je zna\u010dilen hru\u0161kast trebuh, ki ga v primeru nevarnosti dvigne, kar je presenetljivo vedenje za odvra\u010danje sovra\u017enikov.<\/p>\n<p>V kolonijah je obi\u010dajno ena matica (monogine), lahko pa je tudi ve\u010d matic. Delavke so aktivne in radovedne ter odlo\u010dno branijo svoja gnezda. Crematogaster scutellaris je \u0161e posebej znan po tem, da lahko gnezdi v odmrlem lesu ali drevesnih votlinah.<\/p>\n<h3 dir=\"ltr\"><strong>Gnezdo za Crematogaster scutellaris<\/strong><\/h3>\n<p dir=\"ltr\">Ker ta vrsta najraje gnezdi v suhem odmrlem lesu ali razpokah in \u0161pranjah, ta komplet vsebuje vlo\u017eek za gnezdo Digfix. Ta omogo\u010da dober pogled na notranjost gnezda in simulira naravne razmere. Lahko pa jih gojimo tudi v plutovinastih ali lesenih gnezdih, ki so zelo podobna njihovemu naravnemu okolju.<\/p>\n<h3 dir=\"ltr\"><strong>Hrana za Crematogaster scutellaris<\/strong><\/h3>\n<p dir=\"ltr\">Crematogaster scutellaris je vsejed, ki ima posebno prednost pred sladkimi teko\u010dinami, kot sta med ali sladkorne raztopine. Potrebuje tudi beljakovinsko bogato hrano, npr. majhne \u017eu\u017eelke, zlasti za vzrejo mladi\u010dev. V naravi se hrani tudi z drevesnimi sokovi in majhnimi \u010dlenono\u017eci.<\/p>\n<h3 dir=\"ltr\"><strong>Podnebne razmere za Crematogaster scutellaris<\/strong><\/h3>\n<p dir=\"ltr\">Vlaga:<br \/>\nArena: 30 - 50%<br \/>\nObmo\u010dje gnezda: 50 - 60%<br \/>\nTemperatura:<br \/>\nArena: 24 - 30 \u00b0C<br \/>\nObmo\u010dje gnezda: 22 - 28\u00b0C<\/p>\n<p dir=\"ltr\">Crematogaster scutellaris je idealen tako za za\u010detnike kot za izku\u0161ene mravljince. Zaradi svojega aktivnega vedenja, presenetljive oblike in barve telesa ter na\u010dina gradnje gnezda ponuja vznemirljiv vpogled v \u017eivljenje mravlji\u0161\u010darjev.<\/p>\n<p dir=\"ltr\"><strong>Vsebina:<\/strong><br \/>\n1x kolonija mravelj Crematogaster scutellaris (kraljica + 5-10 delavk + mladi\u010di)<br \/>\n1x raztopina sladkorja in medu (SH) - polnilno pakiranje 10ml<br \/>\n1x celi blan\u0161irani \u010dri\u010dki 10g<br \/>\n1x blazinica za formikarij - 20x20cm<br \/>\n1x blazinica za formikarij - 20x6cm<br \/>\n1x pu\u0161\u010davsko fotografsko ozadje 20\u00d710<br \/>\n1x ANTCUBE - Arena 20x20x10 - ravna<br \/>\n1x okvir Arena 20\u00d720<br \/>\n1x pokrov za areno 20\u00d720<br \/>\n4x pritrdilna to\u010dka za pokrov arene<br \/>\n1x ANTCUBE - mravlji\u0161\u010de - S - 20\u00d720 - stoje\u010di<br \/>\n1x ANTCUBE - Digfix plo\u0161\u010da 20\u00d720 - S<br \/>\n1x 0,5 m prozorna cev 10\/06 mm<br \/>\nANTCUBE - Rde\u010da folija 20\u00d720 - Filter<br \/>\n1x samolepilne sponke - prozorne - 2 kosa.<br \/>\n1x substrat - pe\u0161\u010deno-glinast be\u017e - 200g<br \/>\n1x mre\u017eni vlo\u017eek - 50 mm - iz nerjave\u010dega jekla<br \/>\n1x formikarski \u010dep za 50 mm luknjo<br \/>\n1x formikarski \u010dep za 27 mm luknjo<br \/>\n1x pokrov\u010dek formicaria za 6 mm vti\u010dnico<br \/>\n1x priklju\u010dek za bazen B-27 in S-10-16 mm M25 - komplet<br \/>\n1x 2ml podajalnik - 360\u00b0<br \/>\n1x prozorna posodica za pitje 20ml - gobica<br \/>\n1x prozorna skodelica za hrano 1\u00d720 - gobica<br \/>\n1x analogni mini termometer - vise\u010di prikazovalnik<br \/>\n1x pra\u0161ek za za\u0161\u010dito pred pobegom mravelj 10ml<br \/>\n1x pinceta iz vzmetnega jekla - \u0161iroka - mehka<br \/>\n1x pinceta plasti\u010dna prozorna<br \/>\n1x plasti\u010dna pipeta 3ml<br \/>\n1x ro\u010dna lupa - 2x - 30 mm<br \/>\n1x penasti brisalec 150x18x2,5 mm<\/p>\n<p dir=\"ltr\"><strong>Opis:<\/strong><br \/>\nZa\u010detni set Digfix je primeren za razli\u010dne vrste mravelj, zlasti za tiste, ki gnezdijo v pesku in (odmrlem) lesu. Lahko ga hranite na suhem ali rahlo vla\u017enem mestu.<br \/>\nProzorna kmetija se lahko uporablja s plo\u0161\u010do ANTCUBE Digfix. Mravlje si v material izkopljejo svoje predore in komore. Po potrebi lahko prek 50-milimetrskih lukenj v pokrovu priklju\u010dite dodatne module, kot so meglenke, ventilatorji ali lu\u010di, ki so na voljo posebej. Za zapiranje odprtin so prilo\u017eeni tudi ustrezni \u010depi formicaria. \u010ce \u017eelite, lahko formikarij uporabljate tudi na prostem, tako da odstranljivi okvir preprosto postavite na tla in na njegov rob nanesete olje za za\u0161\u010dito pred mravljami. Zalivalnik 2 ml - 360 stopinj\" je namenjen raztopini medu\/sladkorja, zalivalnik 20 ml - goba\" pa vodi. Mini termohigrometer se lahko pritrdi na okvir ali pokrov in prikazuje klimatske vrednosti.<\/p>\n<p dir=\"ltr\"><span data-text-color=\"alert\"><strong>Pomembno:<\/strong><\/span> Pred uporabo zemljo navla\u017eite, da se me\u0161anica lahko pove\u017ee in trdno oprime v mravlji\u0161\u010du. Poleg tega lahko presuha in pra\u0161na zemlja povzro\u010di, da se dihalne poti mravelj zama\u0161ijo in se v najslab\u0161em primeru zadu\u0161ijo.<\/p>\n<p dir=\"ltr\"><strong>Priporo\u010dilo:<\/strong> Priporo\u010damo 2 mm visok sloj substrata, da se \u017eivali ne bodo mogle vkopati v areno in bodo namesto tega uporabljale v ta namen predvideno farmo. Priporo\u010damo tudi, da material za gnezdenje v farmi (pesek\/glina, Digfix itd.) na enem mestu rahlo prebodete, da \u017eivali la\u017eje kopljejo.<br \/>\n<strong>Opomba:<\/strong> Gnezdo se lahko uporablja v suhem ali vla\u017enem formikariju. \u010ce je gnezdo trajno vla\u017eno (premokro), lahko ostanki hrane povzro\u010dijo nastanek plesni.<br \/>\n<strong>Opomba o Digfiksu:<\/strong> Naravna barva je lahko od zeleno-sivo-rjave do zemeljsko rjave. Barva ne vpliva na kakovost.<\/p>\n<p dir=\"ltr\"><strong>Opombe o proizvodnji<\/strong><br \/>\nSteklo je bru\u0161eno v skladu z DIN 1249 s toleranco +\/- 1 mm. Pri izjemno majhnih vrstah mravelj je nujna dodatna za\u0161\u010dita pred razbitjem.<\/p>\n<p dir=\"ltr\"><strong>Opombe o kmetiji<\/strong><br \/>\nPri priklju\u010devanju ali odklopu cevi je treba upo\u0161tevati naslednje:<br \/>\n\u010ce je cev te\u017eko namestiti na priklju\u010dek, nanesite na priklju\u010dek kapljico na\u0161ega olja ali pra\u0161ka proti uhajanju. Cevko nato potisnite na konektor tako, da jo zavrtite ali privijete, ne da bi pritiskali na konektor navzgor in navzdol. Enako velja za odstranjevanje cevi s priklju\u010dka kmetije. Cevke ne smete kar tako potegniti s sebe!<\/p>\n<p dir=\"ltr\"><strong>Opombe o igri Cricket Jam:<\/strong><br \/>\nNa\u0161a marmelada za \u010dri\u010dke je enostaven na\u010din, kako mravljam zagotoviti sve\u017ee konzervirano beljakovinsko hrano, ne da bi jim bilo treba hraniti \u017eive \u017eu\u017eelke. Cvr\u010dki (Acheta domesticus) so ne\u017eno kuhani, da se ohranijo hranilna vrednost, okus in aroma. Poleg tega se na ta na\u010din zmeh\u010da hitinski eksoskelet \u017eu\u017eelk, da se la\u017eje prebavi. Kolagenske beljakovine se razcepijo, da jih mravlje lahko bolje izkoristijo. Acheta domesticus iz plo\u010devinke imajo enako hranilno vrednost kot \u017eivi \u010dri\u010dki, vendar so la\u017eje prebavljivi.<br \/>\nCricket Jam ni primeren za lov na vrste mravelj, ki potrebujejo \u017eivo hrano (npr. ponirki (velike mravlje), kot sta Harpegnathos ali Odontomachus).<\/p>\n<p dir=\"ltr\"><strong>Dodatne prednosti:<\/strong><br \/>\nZagotovljeno brez pr\u0161ic<br \/>\nLahko se razdeli po porcijah in razred\u010di z vodo<br \/>\nSterilizirano in vakuumsko pakirano<br \/>\nBrez dodatkov<br \/>\nCvr\u010dki iz trajnostne ekolo\u0161ke vzreje, hranjeni z organskimi odpadki<\/p>\n<p dir=\"ltr\"><strong>Opomba:<\/strong><br \/>\nV hladilniku lahko hranite pribli\u017eno \u0161tiri dni po odprtju. Dalj\u0161i rok uporabnosti je pri zamrzovanju.<\/p>\n<p dir=\"ltr\"><strong>Pozor,<\/strong>: Najprej jih razdelite, nato pa zamrznite.<\/p>\n<p dir=\"ltr\"><strong>Opombe o raztopini sladkorja in medu (ZH) - polnilno pakiranje 10ml<\/strong><br \/>\nVsebina: 10 ml<\/p>\n<p dir=\"ltr\"><strong>Opis:<\/strong> To je izdelek, sestavljen iz razli\u010dnih ogljikovih hidratov (kot sta med in sladkor).<\/p>\n<p dir=\"ltr\"><strong>Uporaba:<\/strong> Cev s hrano se lahko v formikarij vstavi cela, lahko pa se glede na potrebe\/velikost kolonije manj\u0161e koli\u010dine hrane vstavijo v posodo za hrano. Hrano je treba porabiti v pribli\u017eno treh dneh, sicer obstaja nevarnost plesni. Iz istega razloga posodo za hrano pred polnjenjem o\u010distite.<\/p>\n<p dir=\"ltr\"><strong>Uporaba:<\/strong><br \/>\nRaztopina sladkorja in medu = za vrste mravelj, ki jedo sladkor\/med<br \/>\nTo je dodatna hrana<br \/>\n\u017divalim ga lahko ponudite kot zalogo. Ker se koncentracija sladkorja zaradi vlage zmanj\u0161a in se za\u010dne proces fermentacije, je treba hrano zamenjati vsake tri dni. Pred ponovno uporabo temeljito o\u010distite posodo za hranjenje\/teko\u010dino.<br \/>\nPo odprtju je treba embala\u017eo hraniti tesno zaprto (\u010de je shranjena v suhem prostoru) in jo porabiti do navedenega datuma (rok uporabnosti).<\/p>\n<p dir=\"ltr\"><strong>Vsebuje:<\/strong><br \/>\nFruktoza 27 do 44%,<br \/>\nglukoza 22 do 41%,<br \/>\nsaharoze do 5%,<br \/>\nmaltoze 4 do 14%,<br \/>\ndrugi kompleksni sladkorji 1 do 14%.<br \/>\nMa\u0161\u010dobe: 0 g<br \/>\nOgljikovi hidrati: 92g<br \/>\nBeljakovine: 0 g<br \/>\nSol: 0 g<\/p>\n<p dir=\"ltr\"><strong>Shranjevanje:<\/strong> Da bi zagotovili kakovost krme, jo je treba hraniti v temnem in suhem prostoru.<\/p>\n<p dir=\"ltr\"><strong>Opomba:<\/strong><br \/>\nSestavo, analiti\u010dne sestavine, rok uporabnosti in \u0161tevilko serije najdete v navodilih za uporabo.<br \/>\nInformacijska telefonska \u0161tevilka +49 30 439703870<\/p>\n<p dir=\"ltr\"><strong>Pristojni veterinarski in \u017eivilski nadzorni organ:<\/strong><br \/>\nVeterinarski urad Steglitz<br \/>\nK\u00f6nigin-Luise-Str. 92<br \/>\n14195 Berlin<\/p>","protected":false},"excerpt":{"rendered":"<p>Komplet je sestavljen iz 34 delov<\/p>","protected":false},"featured_media":10983,"comment_status":"open","ping_status":"closed","template":"","meta":{"_acf_changed":false,"content-type":"","_monsterinsights_skip_tracking":false,"_monsterinsights_sitenote_active":false,"_monsterinsights_sitenote_note":"","_monsterinsights_sitenote_category":0},"product_brand":[484],"product_cat":[355,73],"product_tag":[],"class_list":{"0":"post-10988","1":"product","2":"type-product","3":"status-publish","4":"has-post-thumbnail","6":"product_brand-antcube","7":"product_cat-bundle-offers","8":"product_cat-starter-sets","10":"first","11":"instock","12":"taxable","13":"shipping-taxable","14":"purchasable","15":"product-type-simple"},"acf":[],"aioseo_notices":[],"jetpack_sharing_enabled":true,"_links":{"self":[{"href":"https:\/\/antcube.shop\/sl\/wp-json\/wp\/v2\/product\/10988","targetHints":{"allow":["GET"]}}],"collection":[{"href":"https:\/\/antcube.shop\/sl\/wp-json\/wp\/v2\/product"}],"about":[{"href":"https:\/\/antcube.shop\/sl\/wp-json\/wp\/v2\/types\/product"}],"replies":[{"embeddable":true,"href":"https:\/\/antcube.shop\/sl\/wp-json\/wp\/v2\/comments?post=10988"}],"wp:featuredmedia":[{"embeddable":true,"href":"https:\/\/antcube.shop\/sl\/wp-json\/wp\/v2\/media\/10983"}],"wp:attachment":[{"href":"https:\/\/antcube.shop\/sl\/wp-json\/wp\/v2\/media?parent=10988"}],"wp:term":[{"taxonomy":"product_brand","embeddable":true,"href":"https:\/\/antcube.shop\/sl\/wp-json\/wp\/v2\/product_brand?post=10988"},{"taxonomy":"product_cat","embeddable":true,"href":"https:\/\/antcube.shop\/sl\/wp-json\/wp\/v2\/product_cat?post=10988"},{"taxonomy":"product_tag","embeddable":true,"href":"https:\/\/antcube.shop\/sl\/wp-json\/wp\/v2\/product_tag?post=10988"}],"curies":[{"name":"wp","href":"https:\/\/api.w.org\/{rel}","templated":true}]}}