{"id":702,"date":"2021-08-17T10:58:14","date_gmt":"2021-08-17T08:58:14","guid":{"rendered":"https:\/\/antcube.shop\/?page_id=702"},"modified":"2024-09-09T17:06:06","modified_gmt":"2024-09-09T15:06:06","slug":"lovljenje-kraljic-in-mravljincev","status":"publish","type":"page","link":"https:\/\/antcube.shop\/sl\/lovljenje-kraljic-in-mravljincev\/","title":{"rendered":"Lovljenje kraljice mravelj"},"content":{"rendered":"<div id=\"gap-821489445\" class=\"gap-element clearfix\" style=\"display:block; height:auto;\">\n\t\t\n<style>\n#gap-821489445 {\n  padding-top: 177px;\n}\n@media (min-width:550px) {\n  #gap-821489445 {\n    padding-top: 178px;\n  }\n}\n@media (min-width:850px) {\n  #gap-821489445 {\n    padding-top: 75px;\n  }\n}\n<\/style>\n\t<\/div>\n\t\n\n\n  <div class=\"banner has-hover\" id=\"banner-1172469053\">\n          <div class=\"banner-inner fill\">\n        <div class=\"banner-bg fill\" >\n            <img loading=\"lazy\" decoding=\"async\" width=\"1020\" height=\"571\" src=\"https:\/\/i0.wp.com\/antcube.shop\/wp-content\/uploads\/2021\/09\/Screenshot-2021-09-16-150304.png?fit=1020%2C571&amp;ssl=1\" class=\"bg attachment-large size-large\" alt=\"Kako ujeti mravljinjo kraljico s pomo\u010djo epruvete in pincete iz vzmetnega jekla\" \/>                        <div class=\"overlay\"><\/div>            \n                    <\/div>\n\t\t\n        <div class=\"banner-layers container\">\n            <div class=\"fill banner-link\"><\/div>            \n\n   <div id=\"text-box-984905518\" class=\"text-box banner-layer x50 md-x50 lg-x50 y50 md-y50 lg-y50 res-text\">\n                                <div class=\"text-box-content text dark text-shadow-3\">\n              \n              <div class=\"text-inner text-center\">\n                  \n\n<h3 class=\"uppercase\"><strong>KAKO UJETI SVOJEGA lastnega mravlji\u0161\u010darja<\/strong><\/h3>\n\n              <\/div>\n           <\/div>\n                            \n<style>\n#text-box-984905518 {\n  width: 60%;\n}\n#text-box-984905518 .text-box-content {\n  font-size: 100%;\n}\n<\/style>\n    <\/div>\n \n\n        <\/div>\n      <\/div>\n\n            \n<style>\n#banner-1172469053 {\n  padding-top: 400px;\n}\n#banner-1172469053 .overlay {\n  background-color: rgba(0, 0, 0, 0.17);\n}\n#banner-1172469053 .banner-bg img {\n  object-position: 56% 82%;\n}\n@media (min-width:550px) {\n  #banner-1172469053 {\n    padding-top: 500px;\n  }\n}\n<\/style>\n  <\/div>\n\n\n\t<div id=\"gap-1393063389\" class=\"gap-element clearfix\" style=\"display:block; height:auto;\">\n\t\t\n<style>\n#gap-1393063389 {\n  padding-top: 30px;\n}\n<\/style>\n\t<\/div>\n\t\n\n<div class=\"row\"  id=\"row-437083037\">\n\n\n\t<div id=\"col-77978881\" class=\"col medium-6 small-12 large-6\"  >\n\t\t\t\t<div class=\"col-inner\"  >\n\t\t\t\n\t\t\t\n\n<h3>Ujemi svojo mravljinjo kraljico<\/h3>\n<p>\u010ce \u017eelite ujeti svojo mravljin\u010djo matico, je potrebna sre\u010da ali pa nekaj priprav in raziskav.\u00a0<\/p>\n<p>Mravlje imajo obi\u010dajno poro\u010dni let enkrat na leto. \u0160ele takrat se v koloniji oblikujejo tako imenovane reproduktivne \u017eivali, to je mlade matice in troti (mravljin\u010dji samci). To so edine mravlje, ki so sposobne leteti. Kraljice po parjenju z enim ali ve\u010d samci odvr\u017eejo krila. Samci po kratkem \u010dasu (najve\u010d nekaj dni) umrejo, ne glede na to, ali so se parili ali ne. <br \/>Ko mlade matice opravijo \u017eenitovanjski let, poi\u0161\u010dejo primeren kraj za ustanovitev kolonije. Odlo\u017eijo krila in se za\u010dnejo kopati. To je odli\u010den trenutek za njihovo zbiranje. Ko nimajo ve\u010d kril, ste lahko prepri\u010dani, da so parjene.<\/p>\n<p>Najbolj\u0161i na\u010din za njihovo zbiranje je uporaba pincete iz vzmetnega jekla. Z njo lahko \u017eivali zgrabite, ne da bi jih po\u0161kodovali.<\/p>\n<p>Postavite jih v epruveto ali majhno \u0161katlo z luknjami za zra\u010denje. Nekatere vrste je treba preva\u017eati posami\u010dno, druge lahko za kratek \u010das hranite skupaj v posodi, saj so med seboj manj agresivne. Razli\u010dne vrste je treba vedno hraniti lo\u010deno.<\/p>\n<p>\u010ce \u017eelite izvedeti, kdaj in kje lahko najdete svoje mravlje matice, so na spletu na voljo \u0161tevilni \"zemljevidi poro\u010dnih poletov\". Dva primera smo povezali v nadaljevanju te strani.<\/p>\n<p>Prepri\u010dajte se, da ne zbirate za\u0161\u010ditenih ali ogro\u017eenih vrst, saj je v vseh dr\u017eavah sveta ve\u010d kot dovolj vrst, katerih populacije so zelo zdrave.<\/p>\n<p><strong>Nuptial flight chart v nem\u0161kem jeziku:<\/strong><\/p>\n<p><a href=\"https:\/\/www.ameisenforum.de\/schwarmflug.php\">Ameisenforum.de<\/a><\/p>\n<p><strong>Graf poro\u010dnega leta v angle\u0161kem jeziku:<\/strong><\/p>\n<p><a href=\"https:\/\/antflights.com\/stats\/flights\">Antflights.com<\/a><\/p>\n\n\t\t<\/div>\n\t\t\t\t\t<\/div>\n\n\t\n\n\t<div id=\"col-1646470984\" class=\"col medium-6 small-12 large-6\"  >\n\t\t\t\t<div class=\"col-inner\"  >\n\t\t\t\n\t\t\t\n\n\t<div class=\"img has-hover x md-x lg-x y md-y lg-y\" id=\"image_1508001221\">\n\t\t<a class=\"image-lightbox lightbox-gallery\" title=\"\" href=\"https:\/\/i0.wp.com\/antcube.shop\/wp-content\/uploads\/2021\/07\/Lasius-niger.jpg?ssl=1\">\t\t\t\t\t\t<div class=\"img-inner dark\" >\n\t\t\t<img data-recalc-dims=\"1\" loading=\"lazy\" decoding=\"async\" width=\"1000\" height=\"1000\" src=\"https:\/\/i0.wp.com\/antcube.shop\/wp-content\/uploads\/2021\/07\/Lasius-niger.jpg?resize=1000%2C1000&#038;ssl=1\" class=\"attachment-original size-original\" alt=\"Lasius niger kraljica mravelj makro na belem ozadju\" srcset=\"https:\/\/i0.wp.com\/antcube.shop\/wp-content\/uploads\/2021\/07\/Lasius-niger.jpg?w=1000&amp;ssl=1 1000w, https:\/\/i0.wp.com\/antcube.shop\/wp-content\/uploads\/2021\/07\/Lasius-niger.jpg?resize=247%2C247&amp;ssl=1 247w, https:\/\/i0.wp.com\/antcube.shop\/wp-content\/uploads\/2021\/07\/Lasius-niger.jpg?resize=100%2C100&amp;ssl=1 100w, https:\/\/i0.wp.com\/antcube.shop\/wp-content\/uploads\/2021\/07\/Lasius-niger.jpg?resize=510%2C510&amp;ssl=1 510w, https:\/\/i0.wp.com\/antcube.shop\/wp-content\/uploads\/2021\/07\/Lasius-niger.jpg?resize=400%2C400&amp;ssl=1 400w, https:\/\/i0.wp.com\/antcube.shop\/wp-content\/uploads\/2021\/07\/Lasius-niger.jpg?resize=800%2C800&amp;ssl=1 800w, https:\/\/i0.wp.com\/antcube.shop\/wp-content\/uploads\/2021\/07\/Lasius-niger.jpg?resize=280%2C280&amp;ssl=1 280w, https:\/\/i0.wp.com\/antcube.shop\/wp-content\/uploads\/2021\/07\/Lasius-niger.jpg?resize=768%2C768&amp;ssl=1 768w\" sizes=\"auto, (max-width: 1000px) 100vw, 1000px\" \/>\t\t\t\t\t\t\n\t\t\t\t\t<\/div>\n\t\t\t\t\t\t<\/a>\t\t\n<style>\n#image_1508001221 {\n  width: 100%;\n}\n<\/style>\n\t<\/div>\n\t\n\n\t<div id=\"text-1068319452\" class=\"text\">\n\t\t\n\n<p>Kraljica Lasius niger<\/p>\n\t\t\n<style>\n#text-1068319452 {\n  text-align: center;\n}\n<\/style>\n\t<\/div>\n\t\n\n\t\t<\/div>\n\t\t\t\t\t<\/div>\n\n\t\n\n<\/div>","protected":false},"excerpt":{"rendered":"","protected":false},"author":1,"featured_media":0,"parent":0,"menu_order":0,"comment_status":"closed","ping_status":"closed","template":"","meta":{"_acf_changed":false,"content-type":"","_monsterinsights_skip_tracking":false,"_monsterinsights_sitenote_active":false,"_monsterinsights_sitenote_note":"","_monsterinsights_sitenote_category":0,"footnotes":""},"class_list":["post-702","page","type-page","status-publish","hentry"],"acf":[],"aioseo_notices":[],"jetpack_sharing_enabled":true,"_links":{"self":[{"href":"https:\/\/antcube.shop\/sl\/wp-json\/wp\/v2\/pages\/702","targetHints":{"allow":["GET"]}}],"collection":[{"href":"https:\/\/antcube.shop\/sl\/wp-json\/wp\/v2\/pages"}],"about":[{"href":"https:\/\/antcube.shop\/sl\/wp-json\/wp\/v2\/types\/page"}],"author":[{"embeddable":true,"href":"https:\/\/antcube.shop\/sl\/wp-json\/wp\/v2\/users\/1"}],"replies":[{"embeddable":true,"href":"https:\/\/antcube.shop\/sl\/wp-json\/wp\/v2\/comments?post=702"}],"version-history":[{"count":10,"href":"https:\/\/antcube.shop\/sl\/wp-json\/wp\/v2\/pages\/702\/revisions"}],"predecessor-version":[{"id":9149,"href":"https:\/\/antcube.shop\/sl\/wp-json\/wp\/v2\/pages\/702\/revisions\/9149"}],"wp:attachment":[{"href":"https:\/\/antcube.shop\/sl\/wp-json\/wp\/v2\/media?parent=702"}],"curies":[{"name":"wp","href":"https:\/\/api.w.org\/{rel}","templated":true}]}}