{"id":643,"date":"2021-07-30T13:36:12","date_gmt":"2021-07-30T11:36:12","guid":{"rendered":"https:\/\/antcube.shop\/?page_id=643"},"modified":"2024-11-29T15:31:27","modified_gmt":"2024-11-29T14:31:27","slug":"electrical-devices-act","status":"publish","type":"page","link":"https:\/\/antcube.shop\/sl\/electrical-devices-act\/","title":{"rendered":"Zakon o elektri\u010dnih napravah"},"content":{"rendered":"<div id=\"gap-1259835084\" class=\"gap-element clearfix\" style=\"display:block; height:auto;\">\n\t\t\n<style>\n#gap-1259835084 {\n  padding-top: 190px;\n}\n<\/style>\n\t<\/div>\n\t\n\n<div class=\"row\"  id=\"row-1907881379\">\n\n\n\t<div id=\"col-1279554570\" class=\"col small-12 large-12\"  >\n\t\t\t\t<div class=\"col-inner\"  >\n\t\t\t\n\t\t\t\n\n\t<div id=\"text-613561240\" class=\"text\">\n\t\t\n\n<h3><b>Informacije v skladu z nem\u0161kim zakonom o elektri\u010dni in elektronski opremi (ElektroG)<\/b><\/h3>\n<p><span style=\"font-weight: 400;\">Na\u0161a registracijska \u0161tevilka OEEO: <\/span><b>DE 54590387<\/b><\/p>\n<p><b>1 Uvod <\/b><b><br \/><\/b><span style=\"font-weight: 400;\">ElektroG uravnava <\/span><b>dajanje na trg<\/b><span style=\"font-weight: 400;\">, <\/span><b>sprejemanje nazaj <\/b><span style=\"font-weight: 400;\">in . <\/span><b>okolju prijazno odstranjevanje <\/b><span style=\"font-weight: 400;\">elektri\u010dne in elektronske opreme. Cilj je spodbujati varstvo okolja in zagotoviti recikliranje dragocenih surovin.<\/span><\/p>\n<ol start=\"2\">\n<li><b> pravne obveznosti za potro\u0161nike<\/b><\/li>\n<\/ol>\n<ul>\n<li style=\"font-weight: 400;\" aria-level=\"1\"><b>Prepoved odlaganja v preostale odpadke<\/b><span style=\"font-weight: 400;\">: Starih elektri\u010dnih naprav ni dovoljeno odlagati med preostale odpadke.<\/span><\/li>\n<li style=\"font-weight: 400;\" aria-level=\"1\"><b>Obveznost vrnitve<\/b><span style=\"font-weight: 400;\">: Potro\u0161niki so zakonsko zavezani, da izrabljeno odpadno elektri\u010dno in elektronsko opremo oddajo v ob\u010dinskih zbirnih centrih (\u00d6RE - javni organi za ravnanje z odpadki) ali v ustreznih sistemih povratnega zbiranja.<\/span><\/li>\n<li style=\"font-weight: 400;\" aria-level=\"1\"><b>Onesna\u017eevala in recikliranje<\/b><span style=\"font-weight: 400;\">:<\/span>\n<ul>\n<li style=\"font-weight: 400;\" aria-level=\"2\"><span style=\"font-weight: 400;\">Stare elektri\u010dne naprave lahko vsebujejo \u0161kodljive snovi, ki lahko \u0161kodujejo okolju in zdravju, \u010de niso pravilno shranjene ali odstranjene.<\/span><\/li>\n<li style=\"font-weight: 400;\" aria-level=\"2\"><span style=\"font-weight: 400;\">Hkrati vsebujejo dragocene surovine, kot so \u017eelezo, plastika, srebro ali steklo, ki jih je mogo\u010de reciklirati.<\/span><\/li>\n<\/ul>\n<\/li>\n<\/ul>\n<p><b>3 Katere naprave so prizadete? <\/b><b><br \/><\/b><span style=\"font-weight: 400;\">ElektroG velja za ve\u010dino elektri\u010dnih in elektronskih naprav, ki jih napaja elektrika ali elektromagnetna polja. Med njimi so med drugim:<\/span><\/p>\n<ul>\n<li style=\"font-weight: 400;\" aria-level=\"1\"><span style=\"font-weight: 400;\">Podnebni ra\u010dunalnik<\/span><\/li>\n<li style=\"font-weight: 400;\" aria-level=\"1\"><span style=\"font-weight: 400;\">Ogrevalne preproge in kabli<\/span><\/li>\n<li style=\"font-weight: 400;\" aria-level=\"1\"><span style=\"font-weight: 400;\">Digitalni termometer in higrometer<\/span><\/li>\n<li style=\"font-weight: 400;\" aria-level=\"1\"><span style=\"font-weight: 400;\">vla\u017eilniki zraka (meglenke)<\/span><\/li>\n<li style=\"font-weight: 400;\" aria-level=\"1\"><span style=\"font-weight: 400;\">Ventilator<\/span><\/li>\n<\/ul>\n<p><span style=\"font-weight: 400;\">Celoten seznam zadevnih kategorij je naveden v veljavni pravni direktivi.<\/span><\/p>\n<p><b>4 Ozna\u010devanje prizadetih pripomo\u010dkov <\/b><b><br \/><\/b><span style=\"font-weight: 400;\">Izdelki, ki spadajo pod ElektroG, so ozna\u010deni s simbolom <\/span><b>pre\u010drtan ko\u0161 za smeti<\/b><span style=\"font-weight: 400;\">. To pomeni, da naprave ne smete odlagati skupaj s preostalimi odpadki, temve\u010d jo morate odlagati prek zbirnih centrov ali sistemov za prevzem.<\/span><\/p>\n<p><b>5 Obveznosti dru\u017ebe ANTSTORE v skladu z ElektroG <\/b><b><br \/><\/b><span style=\"font-weight: 400;\">ANTSTORE je izpolnil vse obveznosti iz zakona ElektroG, da bi zagotovil okolju prijazno odstranjevanje:<\/span><\/p>\n<ul>\n<li style=\"font-weight: 400;\" aria-level=\"1\"><b>Registracija v EAR<\/b><span style=\"font-weight: 400;\">:<\/span>\n<ul>\n<li style=\"font-weight: 400;\" aria-level=\"2\"><span style=\"font-weight: 400;\">Podjetje ANTSTORE je registrirano v registru EAR (Register odpadne elektri\u010dne in elektronske opreme).<\/span><\/li>\n<li style=\"font-weight: 400;\" aria-level=\"2\"><span style=\"font-weight: 400;\">Na\u0161a registracijska \u0161tevilka OEEO: <\/span><b>DE <\/b><span style=\"font-weight: 400;\">54590387.<\/span><\/li>\n<\/ul>\n<\/li>\n<li style=\"font-weight: 400;\" aria-level=\"1\"><b>Preverjanje dobaviteljev<\/b><span style=\"font-weight: 400;\">:<\/span>\n<ul>\n<li style=\"font-weight: 400;\" aria-level=\"2\"><span style=\"font-weight: 400;\">Vsi dobavitelji so bili in so stalno preverjeni glede izpolnjevanja obveznosti registracije.<\/span><\/li>\n<\/ul>\n<\/li>\n<li style=\"font-weight: 400;\" aria-level=\"1\"><b>Obveznost ozna\u010devanja<\/b><span style=\"font-weight: 400;\">:<\/span>\n<ul>\n<li style=\"font-weight: 400;\" aria-level=\"2\"><span style=\"font-weight: 400;\">Vsi izdelki, proizvedeni in uvo\u017eeni v EU, so ustrezno ozna\u010deni.<\/span><\/li>\n<\/ul>\n<\/li>\n<\/ul>\n<ol start=\"6\">\n<li><b> mo\u017enosti vra\u010danja v veji ANTSTORE <\/b><b><br \/><\/b><span style=\"font-weight: 400;\">Poleg ob\u010dinskih zbirnih mest ANTSTORE svojim strankam ponuja tudi <\/span><b>prostovoljno vra\u010danje <\/b><span style=\"font-weight: 400;\">starih aparatov:<\/span><\/li>\n<\/ol>\n<ul>\n<li style=\"font-weight: 400;\" aria-level=\"1\"><span style=\"font-weight: 400;\">Stranke lahko vrnejo stare aparate <\/span><b>brezpla\u010dno <\/b><span style=\"font-weight: 400;\">pri nakupovanju v na\u0161i trgovini.<\/span><\/li>\n<li style=\"font-weight: 400;\" aria-level=\"1\"><span style=\"font-weight: 400;\">Na ta na\u010din podpiramo priro\u010dno in okolju prijazno odstranjevanje starih elektri\u010dnih naprav.<\/span><\/li>\n<\/ul>\n<p><b>Povzetek za potro\u0161nike<\/b><\/p>\n<ul>\n<li style=\"font-weight: 400;\" aria-level=\"1\"><span style=\"font-weight: 400;\">Uporabite ob\u010dinske zbirne centre (\u00d6RE) ali na\u0161e sisteme za prevzem v trgovini.<\/span><\/li>\n<li style=\"font-weight: 400;\" aria-level=\"1\"><span style=\"font-weight: 400;\">Starih elektri\u010dnih naprav nikoli ne odlagajte med preostale odpadke.<\/span><\/li>\n<li style=\"font-weight: 400;\" aria-level=\"1\"><span style=\"font-weight: 400;\">Pomagajte varovati okolje in vire s pravilnim odlaganjem odpadkov.<\/span><\/li>\n<\/ul>\n<p><span style=\"font-weight: 400;\">\u010ce imate dodatna vpra\u0161anja o na\u0161ih storitvah prevzema in odstranjevanja, se obrnite na nas.<\/span><\/p>\n<p><b>Dodatne informacije:<\/b><\/p>\n<p><a href=\"https:\/\/www.stiftung-ear.de\/de\/home\"><span style=\"font-weight: 400;\">www.stiftung-ear.de<\/span><\/a><\/p>\n<p><a href=\"https:\/\/www.bmuv.de\/themen\/kreislaufwirtschaft\/abfallarten-und-abfallstroeme\/uebersicht-abfallarten-und-abfallstroeme\"><span style=\"font-weight: 400;\">www.bmu.de<\/span><\/a><\/p>\n\n\t\t\n<style>\n#text-613561240 {\n  text-align: left;\n}\n<\/style>\n\t<\/div>\n\t\n\n\t\t<\/div>\n\t\t\t\t\t<\/div>\n\n\t\n\n<\/div>","protected":false},"excerpt":{"rendered":"","protected":false},"author":1,"featured_media":0,"parent":0,"menu_order":0,"comment_status":"closed","ping_status":"closed","template":"","meta":{"_acf_changed":false,"content-type":"","_monsterinsights_skip_tracking":false,"_monsterinsights_sitenote_active":false,"_monsterinsights_sitenote_note":"","_monsterinsights_sitenote_category":0,"footnotes":""},"class_list":["post-643","page","type-page","status-publish","hentry"],"acf":[],"aioseo_notices":[],"jetpack_sharing_enabled":true,"_links":{"self":[{"href":"https:\/\/antcube.shop\/sl\/wp-json\/wp\/v2\/pages\/643","targetHints":{"allow":["GET"]}}],"collection":[{"href":"https:\/\/antcube.shop\/sl\/wp-json\/wp\/v2\/pages"}],"about":[{"href":"https:\/\/antcube.shop\/sl\/wp-json\/wp\/v2\/types\/page"}],"author":[{"embeddable":true,"href":"https:\/\/antcube.shop\/sl\/wp-json\/wp\/v2\/users\/1"}],"replies":[{"embeddable":true,"href":"https:\/\/antcube.shop\/sl\/wp-json\/wp\/v2\/comments?post=643"}],"version-history":[{"count":6,"href":"https:\/\/antcube.shop\/sl\/wp-json\/wp\/v2\/pages\/643\/revisions"}],"predecessor-version":[{"id":10641,"href":"https:\/\/antcube.shop\/sl\/wp-json\/wp\/v2\/pages\/643\/revisions\/10641"}],"wp:attachment":[{"href":"https:\/\/antcube.shop\/sl\/wp-json\/wp\/v2\/media?parent=643"}],"curies":[{"name":"wp","href":"https:\/\/api.w.org\/{rel}","templated":true}]}}