{"id":641,"date":"2021-07-30T13:35:42","date_gmt":"2021-07-30T11:35:42","guid":{"rendered":"https:\/\/antcube.shop\/?page_id=641"},"modified":"2024-11-29T15:44:57","modified_gmt":"2024-11-29T14:44:57","slug":"zakon-o-baterijah","status":"publish","type":"page","link":"https:\/\/antcube.shop\/sl\/zakon-o-baterijah\/","title":{"rendered":"Zakon o baterijah"},"content":{"rendered":"<div id=\"gap-1290527417\" class=\"gap-element clearfix\" style=\"display:block; height:auto;\">\n\t\t\n<style>\n#gap-1290527417 {\n  padding-top: 190px;\n}\n<\/style>\n\t<\/div>\n\t\n\n<div class=\"row\"  id=\"row-1311347820\">\n\n\n\t<div id=\"col-1295987556\" class=\"col small-12 large-12\"  >\n\t\t\t\t<div class=\"col-inner\"  >\n\t\t\t\n\t\t\t\n\n<h3><b>Opombe k zakonu o baterijah (BattG)<\/b><\/h3>\n<ol>\n<li><b> baterije in akumulatorske baterije v napravah <\/b><b><br \/><\/b><span style=\"font-weight: 400;\">\u0160tevilni na\u0161i izdelki vsebujejo baterije ali akumulatorske baterije, ki se uporabljajo na primer za delovanje daljinskih upravljalnikov ali kot trajno vgrajene komponente v napravah. V zvezi s prodajo teh baterij ali akumulatorskih baterij vas \u017eelimo opozoriti na naslednje:<\/span><\/li>\n<li><b> pravna obveznost vrnitve<\/b><\/li>\n<\/ol>\n<ul>\n<li style=\"font-weight: 400;\" aria-level=\"1\"><b>Odstranjevanje uporabljenih baterij<\/b><span style=\"font-weight: 400;\"><br \/><\/span><span style=\"font-weight: 400;\"> V skladu z Zakonom o baterijah je treba izrabljene baterije brezpla\u010dno odlo\u017eiti v ob\u010dinskem zbirnem centru, v posebnih zabojnikih za izrabljene baterije ali pri lokalnem prodajalcu.<\/span><\/li>\n<li style=\"font-weight: 400;\" aria-level=\"1\"><b>Prepoved odlaganja v gospodinjske odpadke<\/b><span style=\"font-weight: 400;\"><br \/><\/span><span style=\"font-weight: 400;\">Odlaganje baterij med gospodinjske odpadke je izrecno prepovedano.<\/span><\/li>\n<\/ul>\n<ol start=\"3\">\n<li><b> mo\u017enosti vrnitve v ANTSTORE <\/b><b><br \/><\/b><span style=\"font-weight: 400;\">\u010ce ne \u017eelite uporabiti ob\u010dinskega zbirnega mesta ali lokalnega prodajalca, vam ponujamo naslednje mo\u017enosti za vra\u010dilo baterij, ki smo vam jih dobavili:<\/span><\/li>\n<\/ol>\n<ul>\n<li style=\"font-weight: 400;\" aria-level=\"1\"><b>Brezpla\u010dna vrnitev na kraju samem<\/b><span style=\"font-weight: 400;\"><br \/><\/span><span style=\"font-weight: 400;\">Baterije lahko vrnete neposredno v na\u0161o trgovino.<\/span><\/li>\n<li style=\"font-weight: 400;\" aria-level=\"1\"><b>Vrnitev po po\u0161ti<\/b><span style=\"font-weight: 400;\"><br \/><\/span><span style=\"font-weight: 400;\">Baterije po\u0161ljite na:<\/span><span style=\"font-weight: 400;\"><br \/><\/span><b>ANTSTORE<\/b><b><br \/><\/b><b>Selerweg 41<\/b><b><br \/><\/b><b>D-12169 Berlin<\/b><\/li>\n<\/ul>\n<ol start=\"4\">\n<li><b> ozna\u010devanje baterij, ki vsebujejo \u0161kodljive snovi. <\/b><b><br \/><\/b><span style=\"font-weight: 400;\">Baterije, ki vsebujejo \u0161kodljive snovi, so ozna\u010dene s simbolom <\/span><b>pre\u010drtan ko\u0161 za smeti<\/b><span style=\"font-weight: 400;\">. Pod tem simbolom so navedene kemijske kratice za vsebovane \u0161kodljive snovi:<\/span><\/li>\n<\/ol>\n<ul>\n<li style=\"font-weight: 400;\" aria-level=\"1\"><b>Pb <\/b><span style=\"font-weight: 400;\">= baterija vsebuje svinec<\/span><\/li>\n<li style=\"font-weight: 400;\" aria-level=\"1\"><b>Cd <\/b><span style=\"font-weight: 400;\">= baterija vsebuje kadmij<\/span><\/li>\n<li style=\"font-weight: 400;\" aria-level=\"1\"><b>Hg <\/b><span style=\"font-weight: 400;\">= baterija vsebuje \u017eivo srebro<\/span><\/li>\n<\/ul>\n<ol start=\"5\">\n<li><b> dodatne informacije<\/b><\/li>\n<\/ol>\n<ul>\n<li style=\"font-weight: 400;\" aria-level=\"1\"><span style=\"font-weight: 400;\">Na\u0161li boste podrobne informacije:<\/span>\n<ul>\n<li style=\"font-weight: 400;\" aria-level=\"2\"><span style=\"font-weight: 400;\">V dokumentih, ki spremljajo dobavo blaga.<\/span><\/li>\n<li style=\"font-weight: 400;\" aria-level=\"2\"><span style=\"font-weight: 400;\">V navodilih za uporabo zadevnega proizvajalca naprave.<\/span><\/li>\n<\/ul>\n<\/li>\n<li style=\"font-weight: 400;\" aria-level=\"1\"><span style=\"font-weight: 400;\">Dodatne informacije so na voljo v Zakonu o baterijah:<\/span>\n<ul>\n<li style=\"font-weight: 400;\" aria-level=\"2\"><span style=\"font-weight: 400;\">Na zveznem ministrstvu za okolje, varstvo narave in jedrsko varnost <\/span><a href=\"http:\/\/www.bmu.de\/abfallwirtschaft\"><span style=\"font-weight: 400;\">(<\/span><span style=\"font-weight: 400;\">www.bmu.de)<\/span><\/a><\/li>\n<li style=\"font-weight: 400;\" aria-level=\"2\"><span style=\"font-weight: 400;\">Na Zvezni agenciji za okolje <\/span><a href=\"http:\/\/www.uba.de\"><span style=\"font-weight: 400;\">(<\/span><span style=\"font-weight: 400;\">www.uba.de)<\/span><\/a><\/li>\n<\/ul>\n<\/li>\n<\/ul>\n<p><b>Povzetek<\/b><\/p>\n<ul>\n<li style=\"font-weight: 400;\" aria-level=\"1\"><span style=\"font-weight: 400;\">Baterije ne sodijo med gospodinjske odpadke.<\/span><\/li>\n<li style=\"font-weight: 400;\" aria-level=\"1\"><span style=\"font-weight: 400;\">Uporabite ob\u010dinska zbirna mesta, zabojnike za izrabljene baterije ali mo\u017enost vra\u010dila v trgovini ANTSTORE.<\/span><\/li>\n<li style=\"font-weight: 400;\" aria-level=\"1\"><span style=\"font-weight: 400;\">Bodite pozorni na simbol pre\u010drtanega ko\u0161a za smeti in oznako onesna\u017eevalca.<\/span><\/li>\n<\/ul>\n<p><span style=\"font-weight: 400;\">Zahvaljujemo se vam, da s pravilnim odlaganjem baterij aktivno prispevate k varovanju okolja!<\/span><\/p>\n<h3><br \/><br \/><br \/><br \/><br \/><br \/><\/h3>\n\n\t\t<\/div>\n\t\t\t\t\t<\/div>\n\n\t\n\n<\/div>","protected":false},"excerpt":{"rendered":"","protected":false},"author":1,"featured_media":0,"parent":0,"menu_order":0,"comment_status":"closed","ping_status":"closed","template":"","meta":{"_acf_changed":false,"content-type":"","_monsterinsights_skip_tracking":false,"_monsterinsights_sitenote_active":false,"_monsterinsights_sitenote_note":"","_monsterinsights_sitenote_category":0,"footnotes":""},"class_list":["post-641","page","type-page","status-publish","hentry"],"acf":[],"aioseo_notices":[],"jetpack_sharing_enabled":true,"_links":{"self":[{"href":"https:\/\/antcube.shop\/sl\/wp-json\/wp\/v2\/pages\/641","targetHints":{"allow":["GET"]}}],"collection":[{"href":"https:\/\/antcube.shop\/sl\/wp-json\/wp\/v2\/pages"}],"about":[{"href":"https:\/\/antcube.shop\/sl\/wp-json\/wp\/v2\/types\/page"}],"author":[{"embeddable":true,"href":"https:\/\/antcube.shop\/sl\/wp-json\/wp\/v2\/users\/1"}],"replies":[{"embeddable":true,"href":"https:\/\/antcube.shop\/sl\/wp-json\/wp\/v2\/comments?post=641"}],"version-history":[{"count":3,"href":"https:\/\/antcube.shop\/sl\/wp-json\/wp\/v2\/pages\/641\/revisions"}],"predecessor-version":[{"id":10643,"href":"https:\/\/antcube.shop\/sl\/wp-json\/wp\/v2\/pages\/641\/revisions\/10643"}],"wp:attachment":[{"href":"https:\/\/antcube.shop\/sl\/wp-json\/wp\/v2\/media?parent=641"}],"curies":[{"name":"wp","href":"https:\/\/api.w.org\/{rel}","templated":true}]}}