{"id":630,"date":"2021-07-30T13:32:17","date_gmt":"2021-07-30T11:32:17","guid":{"rendered":"https:\/\/antcube.shop\/?page_id=630"},"modified":"2025-07-23T17:23:54","modified_gmt":"2025-07-23T15:23:54","slug":"pravno-obvestilo","status":"publish","type":"page","link":"https:\/\/antcube.shop\/sl\/pravno-obvestilo\/","title":{"rendered":"Pravno obvestilo"},"content":{"rendered":"<div id=\"gap-1641137136\" class=\"gap-element clearfix\" style=\"display:block; height:auto;\">\n\t\t\n<style>\n#gap-1641137136 {\n  padding-top: 199px;\n}\n@media (min-width:850px) {\n  #gap-1641137136 {\n    padding-top: 190px;\n  }\n}\n<\/style>\n\t<\/div>\n\t\n\n<div class=\"row\"  id=\"row-1844719760\">\n\n\n\t<div id=\"col-562134907\" class=\"col small-12 large-12\"  >\n\t\t\t\t<div class=\"col-inner\"  >\n\t\t\t\n\t\t\t\n\n<h1>Pravno obvestilo<\/h1>\n<p><strong>ANTCUBE by <\/strong><b>ANTSTORE, Martin Sebesta<\/b><b><br \/><\/b><span style=\"font-weight: 400;\">Selerweg 41<\/span><span style=\"font-weight: 400;\"><br \/><\/span><span style=\"font-weight: 400;\">D-12169 Berlin<\/span><\/p>\n<p><b>Pi\u0161ite na<\/b><b><br \/><\/b><span style=\"font-weight: 400;\">Telefon: +49 30 439703870<\/span><span style=\"font-weight: 400;\"><br \/><\/span><span style=\"font-weight: 400;\">E-mail:law@ants.de\u00a0<\/span><\/p>\n<p><b>Identifikacijska \u0161tevilka za davek na dodano vrednost: <\/b><span style=\"font-weight: 400;\">DE215167549 <\/span><span style=\"font-weight: 400;\"><br \/><\/span><b>Reg. \u0161t. za OEEO: <\/b><span style=\"font-weight: 400;\">DE54590387<\/span><\/p>\n<p><b>Odgovoren za vsebino v skladu s \u00a7 55 Abs. 2 RStV: <\/b><b><br \/><\/b><span style=\"font-weight: 400;\">Martin Sebesta (zgoraj navedeni naslov)<\/span><\/p>\n<p><b>Informacije o uporabi spletnega mesta<\/b><b><br \/><\/b><span style=\"font-weight: 400;\">Prenos ali tiskanje posameznih strani ali delov na\u0161ega spletnega mesta je dovoljeno za zasebno uporabo.<\/span><span style=\"font-weight: 400;\"><br \/><\/span><span style=\"font-weight: 400;\"> Brez na\u0161ega predhodnega pisnega soglasja je prepovedano celotno ali delno razmno\u017eevanje, distribucija, prenos (v elektronski ali drugi obliki), spreminjanje ali uporaba tega spletnega mesta v javne ali komercialne namene.<\/span><\/p>\n<p><b>Dovoljena uporaba v nekomercialne namene: <\/b><b><br \/><\/b><span style=\"font-weight: 400;\">Uporaba na\u0161ih slik izdelkov za ogla\u0161evanje v lokalnih trgovinah je dovoljena pod naslednjimi pogoji:<\/span><\/p>\n<ul>\n<li style=\"font-weight: 400;\" aria-level=\"1\"><span style=\"font-weight: 400;\">Vse slike morajo biti ozna\u010dene z virom in na\u0161im logotipom (ANTSTORE\/ ANTCUBE\/ PLANTCUBE). <\/span><span style=\"font-weight: 400;\"><br \/><\/span><b>Tiskovine: <\/b><span style=\"font-weight: 400;\">Vir: <\/span><a href=\"https:\/\/www.antstore.de\"><span style=\"font-weight: 400;\">www.antstore.de<\/span><span style=\"font-weight: 400;\"><br \/><\/span><\/a><b> Spletne strani: <\/b><span style=\"font-weight: 400;\">Vir: <\/span><a href=\"https:\/\/www.antstore.de\"><span style=\"font-weight: 400;\">www.antstore.de<\/span><\/a><span style=\"font-weight: 400;\"> (s povezavo na www.antstore.net\/shop\/) ali <\/span><a href=\"https:\/\/www.antcube.shop\"><span style=\"font-weight: 400;\">www.antcube.shop<\/span><\/a><\/li>\n<\/ul>\n<p><span style=\"font-weight: 400;\">\u010ce imate vpra\u0161anja o pravilni umestitvi logotipa in ga \u017eelite prejeti kot digitalno datoteko, se obrnite na nas na naslov marketing@antcube.de.<\/span><\/p>\n<p><b>Pomembno opozorilo: <\/b><b><br \/><\/b><span style=\"font-weight: 400;\">Uporaba na\u0161ih slik v spletnih trgovinah ali v druge komercialne namene je brez pisnega dovoljenja prepovedana.<\/span><\/p>\n<p><b>Opomba o povezavah na spletnem mestu <\/b><b><br \/><\/b><span style=\"font-weight: 400;\">Na\u0161e spletno mesto vsebuje povezave do zunanjih spletnih mest. Za vsebino teh spletnih strani ne prevzemamo nobene odgovornosti, saj nimamo vpliva na njihovo zasnovo in vsebino.<\/span><\/p>\n<p><span style=\"font-weight: 400;\">Izrecno izjavljamo, da vsebine zunanjih spletnih mest ne sprejemamo kot svoje.<\/span><span style=\"font-weight: 400;\"><br \/><\/span><span style=\"font-weight: 400;\"> Povezave na na\u0161i spletni strani je treba razumeti kot \"\u017eive\" (dinami\u010dne) reference.<\/span><span style=\"font-weight: 400;\"><br \/><\/span><span style=\"font-weight: 400;\"> \u010ce ugotovimo, da dolo\u010dena ponudba, do katere smo zagotovili povezavo, povzro\u010da civilno ali kazensko odgovornost, bomo to povezavo odstranili, \u010de je to tehni\u010dno mogo\u010de in smiselno.<\/span><\/p>\n<p>Oblikovanje, vsebina in tehni\u010dna izvedba: Janik Wiedemann<\/p>\n\n\t\t<\/div>\n\t\t\t\t\t<\/div>\n\n\t\n\n<\/div>","protected":false},"excerpt":{"rendered":"","protected":false},"author":1,"featured_media":0,"parent":0,"menu_order":0,"comment_status":"closed","ping_status":"closed","template":"","meta":{"_acf_changed":false,"content-type":"","_monsterinsights_skip_tracking":false,"_monsterinsights_sitenote_active":false,"_monsterinsights_sitenote_note":"","_monsterinsights_sitenote_category":0,"footnotes":""},"class_list":["post-630","page","type-page","status-publish","hentry"],"acf":[],"aioseo_notices":[],"jetpack_sharing_enabled":true,"_links":{"self":[{"href":"https:\/\/antcube.shop\/sl\/wp-json\/wp\/v2\/pages\/630","targetHints":{"allow":["GET"]}}],"collection":[{"href":"https:\/\/antcube.shop\/sl\/wp-json\/wp\/v2\/pages"}],"about":[{"href":"https:\/\/antcube.shop\/sl\/wp-json\/wp\/v2\/types\/page"}],"author":[{"embeddable":true,"href":"https:\/\/antcube.shop\/sl\/wp-json\/wp\/v2\/users\/1"}],"replies":[{"embeddable":true,"href":"https:\/\/antcube.shop\/sl\/wp-json\/wp\/v2\/comments?post=630"}],"version-history":[{"count":10,"href":"https:\/\/antcube.shop\/sl\/wp-json\/wp\/v2\/pages\/630\/revisions"}],"predecessor-version":[{"id":12006,"href":"https:\/\/antcube.shop\/sl\/wp-json\/wp\/v2\/pages\/630\/revisions\/12006"}],"wp:attachment":[{"href":"https:\/\/antcube.shop\/sl\/wp-json\/wp\/v2\/media?parent=630"}],"curies":[{"name":"wp","href":"https:\/\/api.w.org\/{rel}","templated":true}]}}