{"id":628,"date":"2021-07-30T13:29:33","date_gmt":"2021-07-30T11:29:33","guid":{"rendered":"https:\/\/antcube.shop\/?page_id=628"},"modified":"2025-11-17T11:20:38","modified_gmt":"2025-11-17T10:20:38","slug":"preprodajalec","status":"publish","type":"page","link":"https:\/\/antcube.shop\/sl\/preprodajalec\/","title":{"rendered":"Postanite preprodajalec"},"content":{"rendered":"<div id=\"gap-787786109\" class=\"gap-element clearfix\" style=\"display:block; height:auto;\">\n\t\t\n<style>\n#gap-787786109 {\n  padding-top: 181px;\n}\n@media (min-width:550px) {\n  #gap-787786109 {\n    padding-top: 185px;\n  }\n}\n@media (min-width:850px) {\n  #gap-787786109 {\n    padding-top: 137px;\n  }\n}\n<\/style>\n\t<\/div>\n\t\n\n\n  <div class=\"banner has-hover\" id=\"banner-1659996172\">\n          <div class=\"banner-inner fill\">\n        <div class=\"banner-bg fill\" >\n            <img loading=\"lazy\" decoding=\"async\" width=\"900\" height=\"600\" src=\"https:\/\/i0.wp.com\/antcube.shop\/wp-content\/uploads\/2021\/09\/pexels-thirdman-5684382-scaled.jpg?fit=900%2C600&amp;ssl=1\" class=\"bg attachment-large size-large\" alt=\"\" \/>                        <div class=\"overlay\"><\/div>            \n                    <\/div>\n\t\t\n        <div class=\"banner-layers container\">\n            <div class=\"fill banner-link\"><\/div>            \n\n   <div id=\"text-box-486442567\" class=\"text-box banner-layer x0 md-x50 lg-x50 y50 md-y85 lg-y35 res-text\">\n                                <div class=\"text-box-content text dark text-shadow-3\">\n              \n              <div class=\"text-inner text-center\">\n                  \n\n\t<div id=\"text-1253884848\" class=\"text\">\n\t\t\n\n<h1><strong>I\u0161\u010demo preprodajalce!<\/strong><\/h1>\n<p>I\u0161\u010demo preprodajalce in partnerje za prodajo na\u0161ih izdelkov ANTCUBE imetnikom mravelj po vsem svetu. \u010ce se nam \u017eelite pridru\u017eiti in sodelovati pri ustvarjanju svetovne skupnosti ljubiteljev mravelj in narave<\/p>\n\t\t\n<style>\n#text-1253884848 {\n  font-size: 0.75rem;\n  line-height: 1;\n  text-align: center;\n}\n@media (min-width:550px) {\n  #text-1253884848 {\n    font-size: 0.95rem;\n  }\n}\n@media (min-width:850px) {\n  #text-1253884848 {\n    font-size: 1.25rem;\n  }\n}\n<\/style>\n\t<\/div>\n\t\n\t<div id=\"text-3548193577\" class=\"text\">\n\t\t\n\n<p>Kontaktirajte nas na\u00a0<\/p>\n\t\t\n<style>\n#text-3548193577 {\n  font-size: 1.05rem;\n  line-height: 0.75;\n}\n@media (min-width:550px) {\n  #text-3548193577 {\n    font-size: 2.25rem;\n  }\n}\n<\/style>\n\t<\/div>\n\t\n\t<div id=\"text-2517686076\" class=\"text\">\n\t\t\n\n<p>sales@antcube.de<\/p>\n\t\t\n<style>\n#text-2517686076 {\n  font-size: 0.75rem;\n  line-height: 0.75;\n}\n@media (min-width:550px) {\n  #text-2517686076 {\n    font-size: 2.25rem;\n  }\n}\n<\/style>\n\t<\/div>\n\t\n\n              <\/div>\n           <\/div>\n                            \n<style>\n#text-box-486442567 {\n  width: 100%;\n}\n#text-box-486442567 .text-box-content {\n  font-size: 100%;\n}\n@media (min-width:550px) {\n  #text-box-486442567 {\n    width: 87%;\n  }\n}\n<\/style>\n    <\/div>\n \n\n        <\/div>\n      <\/div>\n\n              <div class=\"height-fix is-invisible\"><img loading=\"lazy\" decoding=\"async\" width=\"900\" height=\"600\" src=\"https:\/\/i0.wp.com\/antcube.shop\/wp-content\/uploads\/2021\/09\/pexels-thirdman-5684382-scaled.jpg?fit=900%2C600&amp;ssl=1\" class=\"attachment-large size-large\" alt=\"\" srcset=\"https:\/\/i0.wp.com\/antcube.shop\/wp-content\/uploads\/2021\/09\/pexels-thirdman-5684382-scaled.jpg?w=2560&amp;ssl=1 2560w, https:\/\/i0.wp.com\/antcube.shop\/wp-content\/uploads\/2021\/09\/pexels-thirdman-5684382-scaled.jpg?resize=510%2C340&amp;ssl=1 510w, https:\/\/i0.wp.com\/antcube.shop\/wp-content\/uploads\/2021\/09\/pexels-thirdman-5684382-scaled.jpg?resize=600%2C400&amp;ssl=1 600w, https:\/\/i0.wp.com\/antcube.shop\/wp-content\/uploads\/2021\/09\/pexels-thirdman-5684382-scaled.jpg?resize=1200%2C800&amp;ssl=1 1200w, https:\/\/i0.wp.com\/antcube.shop\/wp-content\/uploads\/2021\/09\/pexels-thirdman-5684382-scaled.jpg?resize=768%2C512&amp;ssl=1 768w, https:\/\/i0.wp.com\/antcube.shop\/wp-content\/uploads\/2021\/09\/pexels-thirdman-5684382-scaled.jpg?resize=1536%2C1024&amp;ssl=1 1536w, https:\/\/i0.wp.com\/antcube.shop\/wp-content\/uploads\/2021\/09\/pexels-thirdman-5684382-scaled.jpg?resize=2048%2C1365&amp;ssl=1 2048w\" sizes=\"auto, (max-width: 900px) 100vw, 900px\" \/><\/div>\n            \n<style>\n#banner-1659996172 .overlay {\n  background-color: rgba(0, 0, 0, 0.174);\n}\n#banner-1659996172 .banner-bg img {\n  object-position: 50% 45%;\n}\n<\/style>\n  <\/div>\n\n\n\t<div id=\"gap-603582251\" class=\"gap-element clearfix\" style=\"display:block; height:auto;\">\n\t\t\n<style>\n#gap-603582251 {\n  padding-top: 30px;\n}\n<\/style>\n\t<\/div>\n\t\n\n<div class=\"row\"  id=\"row-1699098812\">\n\n\n\t<div id=\"col-1407323929\" class=\"col small-12 large-12\"  >\n\t\t\t\t<div class=\"col-inner\"  >\n\t\t\t\n\t\t\t\n\n<div class=\"wp-block-cover alignfull has-nv-site-bg-background-color has-background-dim\">\n<div class=\"wp-block-cover__inner-container\">\n<h2 class=\"has-text-align-center has-neve-text-color-color has-text-color\">Vas zanima prodaja na\u0161ih izdelkov?<\/h2>\n<\/div>\n<\/div>\n<h2 class=\"has-text-align-center has-medium-font-size\">Na\u0161 cilj<\/h2>\n<p class=\"has-text-align-center\">I\u0161\u010demo preprodajalce in partnerje za prodajo na\u0161ih izdelkov ANTCUBE imetnikom mravelj po vsem svetu. Vzpostaviti \u017eelimo mednarodno skupnost lastnikov trgovin in ljubiteljev, da bi bilo gojenje mravelj bolj priljubljeno in strokovno. \u010ce \u017ee imate trgovino ali i\u0161\u010dete novo poslovno prilo\u017enost, se lahko obrnete na nas.<\/p>\n<h2 class=\"has-text-align-center has-medium-font-size\">Hranjenje mravelj je rasto\u010da dejavnost<\/h2>\n<p class=\"has-text-align-center\">V zadnjih nekaj letih je postalo gojenje mravelj zelo priljubljeno. Pri\u010da smo nara\u0161\u010dajo\u010di skupnosti strastnih ljubiteljev mravelj z vsega sveta. Poleg tega dobivamo vse ve\u010d zahtevkov od podjetij, \u017eivalskih vrtov, muzejev, univerz, znanstvenih ustanov itd.<\/p>\n<h2 class=\"has-text-align-center has-medium-font-size\" style=\"font-size: 23.04px;\">\u00a0<\/h2>\n<p><img data-recalc-dims=\"1\" loading=\"lazy\" decoding=\"async\" class=\"size-medium wp-image-3944 aligncenter\" src=\"https:\/\/i0.wp.com\/antcube.shop\/wp-content\/uploads\/2021\/11\/Palette-Beispiel-mit-Export-600x400.jpg?resize=600%2C400&#038;ssl=1\" alt=\"\" width=\"600\" height=\"400\" srcset=\"https:\/\/i0.wp.com\/antcube.shop\/wp-content\/uploads\/2021\/11\/Palette-Beispiel-mit-Export-scaled.jpg?resize=600%2C400&amp;ssl=1 600w, https:\/\/i0.wp.com\/antcube.shop\/wp-content\/uploads\/2021\/11\/Palette-Beispiel-mit-Export-scaled.jpg?resize=1200%2C800&amp;ssl=1 1200w, https:\/\/i0.wp.com\/antcube.shop\/wp-content\/uploads\/2021\/11\/Palette-Beispiel-mit-Export-scaled.jpg?resize=768%2C512&amp;ssl=1 768w, https:\/\/i0.wp.com\/antcube.shop\/wp-content\/uploads\/2021\/11\/Palette-Beispiel-mit-Export-scaled.jpg?resize=1536%2C1024&amp;ssl=1 1536w, https:\/\/i0.wp.com\/antcube.shop\/wp-content\/uploads\/2021\/11\/Palette-Beispiel-mit-Export-scaled.jpg?resize=2048%2C1365&amp;ssl=1 2048w, https:\/\/i0.wp.com\/antcube.shop\/wp-content\/uploads\/2021\/11\/Palette-Beispiel-mit-Export-scaled.jpg?resize=18%2C12&amp;ssl=1 18w, https:\/\/i0.wp.com\/antcube.shop\/wp-content\/uploads\/2021\/11\/Palette-Beispiel-mit-Export-scaled.jpg?resize=510%2C340&amp;ssl=1 510w\" sizes=\"auto, (max-width: 600px) 100vw, 600px\" \/><\/p>\n<h2 class=\"has-text-align-center has-medium-font-size\">Zakaj ANTCUBE?<\/h2>\n<p class=\"has-text-align-center\">Smo eno najve\u010djih in najdlje obstoje\u010dih mravlji\u0161\u010d na svetu. Ve\u010d kot 20 let izku\u0161enj z gojenjem mravelj in gradnjo formikarijev nas je pripeljalo do tega, kar smo danes. Prepri\u010dani smo, da so kakovost, trajnost in trajnost vedno bolj pomembne. Zato se osredoto\u010damo na steklo kot material za na\u0161e formikarije. V nasprotju z akrilom in plastiko pu\u0161\u010da steklo veliko manj\u0161i ekolo\u0161ki odtis. Poleg tega si prizadevamo za embala\u017eo, ki jo je mogo\u010de v celoti reciklirati.<\/p>\n<p class=\"has-text-align-center\">Prednost stekla je tudi v tem, da se ne pokvari pri nobeni temperaturi ali vla\u017enosti, primerni za gojenje mravelj. Steklene plo\u0161\u010de se ne opraskajo tako hitro, se ne deformirajo in ne razbarvajo. \u010ci\u0161\u010denje in upravljanje sta enostavna, videz pa je zelo naraven in eleganten. Na\u0161a za\u0161\u010dita pred pobegom je zelo u\u010dinkovita, tudi pri posebno majhnih vrstah mravelj, mo\u017enosti prilagajanja in \u0161irjenja pa so neskon\u010dne.<\/p>\n<h2 class=\"has-text-align-center has-medium-font-size\">Zakaj hranjenje mravelj?<\/h2>\n<p class=\"has-text-align-center\">Mravlje je zelo enostavno gojiti, odvisno od vrste. Potrebujete malo prostora in lahko jih hranite skoraj z vsem. Mravlje ne povzro\u010dajo skoraj nobenih vonjav, so zelo \u010diste \u017eivali, ne povzro\u010dajo hrupa in po nakupu kolonije in formikarija ne povzro\u010dajo skoraj nobenih stro\u0161kov. Poleg tega jim nikoli ni treba k veterinarju.<\/p>\n<p class=\"has-text-align-center\">Mravlje so neverjetno zanimive. Opazovati eno samo kraljico, ki ve\u010d let vzgaja svoje prve delavce, in nato opazovati, kako njena kolonija z leti zaradi popolnega sodelovanja in uporabe virov zraste na tiso\u010de \u010dlanov, je edinstvena izku\u0161nja. So izjemno dru\u017eabne \u017eivali in nekatere vrste tvorijo razli\u010dne kaste, kot so delavci, vojaki, kmetje ali celo medicinske sestre, in uganite kaj, vse so samice. Mravlje so izjemno pomembne tudi za na\u0161e okolje. Ne le, da so prisotne v vseh bivalnih ekosistemih na svetu, ampak so tudi bolj specializirane in vsestranske kot katera koli druga vrsta. Mravlje so nam podobne tudi po na\u010dinu \u017eivljenja. Zaradi delitve dela, skupnega \u017eivljenja v velikih kolonijah na omejenem prostoru in uporabe razli\u010dnih ravni prehranjevalne verige v vseh ekosistemih so tako uspe\u0161ne, tako kot mi ljudje. Edina razlika je, da nismo niti pribli\u017eno tako u\u010dinkoviti in da mravlje obstajajo \u017ee ve\u010d kot 130 milijonov let, medtem ko ljudje le pribli\u017eno 300.000 let.<\/p>\n\n\t\t<\/div>\n\t\t\t\t\t<\/div>\n\n\t\n\n<\/div>\n<div class=\"row\"  id=\"row-355378849\">\n\n\n\t<div id=\"col-496255638\" class=\"col medium-6 large-6\"  >\n\t\t\t\t<div class=\"col-inner\" style=\"background-color:#61ca9f;\" >\n\t\t\t\n\t\t\t\n\n<div class=\"container section-title-container\" ><h3 class=\"section-title section-title-normal\"><b aria-hidden=\"true\"><\/b><span class=\"section-title-main\" ><i class=\"icon-envelop\" aria-hidden=\"true\"><\/i>Pi\u0161ite nam<\/span><b aria-hidden=\"true\"><\/b><\/h3><\/div>\n\n\t<div id=\"text-3985402609\" class=\"text\">\n\t\t\n\n<\/p>\n<ul>\n<li><strong>E-naslov<\/strong>: sales@antcube.de<\/li>\n<li><strong>Telefon<\/strong>: +49 30 439703870<\/li>\n<\/ul>\n<p><strong>Delovni \u010das <\/strong>(UTC\/GMT +1):<\/p>\n<ul>\n<li>Od torka do petka od 10:00 do 18:00<\/li>\n<\/ul>\n\n\t\t\n<style>\n#text-3985402609 {\n  font-size: 0.75rem;\n}\n@media (min-width:550px) {\n  #text-3985402609 {\n    font-size: 1.5rem;\n  }\n}\n<\/style>\n\t<\/div>\n\t\n\t<div id=\"gap-1730319727\" class=\"gap-element clearfix\" style=\"display:block; height:auto;\">\n\t\t\n<style>\n#gap-1730319727 {\n  padding-top: 60px;\n}\n<\/style>\n\t<\/div>\n\t\n\n\t<div class=\"img has-hover x md-x lg-x y md-y lg-y\" id=\"image_1426956351\">\n\t\t\t\t\t\t\t\t<div class=\"img-inner dark\" >\n\t\t\t<img data-recalc-dims=\"1\" loading=\"lazy\" decoding=\"async\" width=\"900\" height=\"900\" src=\"https:\/\/i0.wp.com\/antcube.shop\/wp-content\/uploads\/2021\/09\/Firmeneingang.jpg?resize=900%2C900&#038;ssl=1\" class=\"attachment-original size-original\" alt=\"Vhod v trgovino ANTSTORE\" srcset=\"https:\/\/i0.wp.com\/antcube.shop\/wp-content\/uploads\/2021\/09\/Firmeneingang.jpg?w=900&amp;ssl=1 900w, https:\/\/i0.wp.com\/antcube.shop\/wp-content\/uploads\/2021\/09\/Firmeneingang.jpg?resize=247%2C247&amp;ssl=1 247w, https:\/\/i0.wp.com\/antcube.shop\/wp-content\/uploads\/2021\/09\/Firmeneingang.jpg?resize=100%2C100&amp;ssl=1 100w, https:\/\/i0.wp.com\/antcube.shop\/wp-content\/uploads\/2021\/09\/Firmeneingang.jpg?resize=510%2C510&amp;ssl=1 510w, https:\/\/i0.wp.com\/antcube.shop\/wp-content\/uploads\/2021\/09\/Firmeneingang.jpg?resize=400%2C400&amp;ssl=1 400w, https:\/\/i0.wp.com\/antcube.shop\/wp-content\/uploads\/2021\/09\/Firmeneingang.jpg?resize=800%2C800&amp;ssl=1 800w, https:\/\/i0.wp.com\/antcube.shop\/wp-content\/uploads\/2021\/09\/Firmeneingang.jpg?resize=280%2C280&amp;ssl=1 280w, https:\/\/i0.wp.com\/antcube.shop\/wp-content\/uploads\/2021\/09\/Firmeneingang.jpg?resize=768%2C768&amp;ssl=1 768w\" sizes=\"auto, (max-width: 900px) 100vw, 900px\" \/>\t\t\t\t\t\t\n\t\t\t\t\t<\/div>\n\t\t\t\t\t\t\t\t\n<style>\n#image_1426956351 {\n  width: 100%;\n}\n<\/style>\n\t<\/div>\n\t\n\n\n\t\t<\/div>\n\t\t\t\t\t<\/div>\n\n\t\n\n\t<div id=\"col-2055820625\" class=\"col medium-6 large-6\"  >\n\t\t\t\t<div class=\"col-inner\"  >\n\t\t\t\n\t\t\t\n\n<div class=\"container section-title-container\" ><h3 class=\"section-title section-title-normal\"><b aria-hidden=\"true\"><\/b><span class=\"section-title-main\" >Obi\u0161\u010dite na\u0161o trgovino<\/span><b aria-hidden=\"true\"><\/b><\/h3><\/div>\n\n\t<div id=\"text-3355347032\" class=\"text\">\n\t\t\n\n<p><strong>Naslov:<\/strong><\/p>\n<ul>\n<li>Ulica: Selerweg 41<\/li>\n<li>Po\u0161tna \u0161tevilka: D - 12169<\/li>\n<li>Mesto: Berlin<\/li>\n<li>Dr\u017eava: Nem\u010dija<\/li>\n<li>Okro\u017eje: Steglitz-Zehlendorf<\/li>\n<\/ul>\n<p><strong>Delovni \u010das<\/strong> (UTC\/GMT +1)<\/p>\n<ul>\n<li>Od torka do petka od 13:00 do 18:00<\/li>\n<\/ul>\n<p><strong>COVID-19 OPOMBA:<\/strong> Na\u0161a maloprodajna trgovina je <strong>zaprto od marca 2020<\/strong> ali \u0161e niso dostopne obiskovalcem. Vendar lahko na\u0161e izdelke naro\u010dite in pla\u010date prek spleta, nato pa vse skupaj prevzamete pred na\u0161imi vrati ali pa vam izdelke po\u0161ljemo s paketno slu\u017ebo na dom. Na\u0161a ekipa za podporo je \u0161e vedno na voljo za va\u0161e zahteve po e-po\u0161ti ali telefonu! O vsem vas bomo sproti obve\u0161\u010dali.<\/p>\n<p><iframe loading=\"lazy\" style=\"border: 0;\" src=\"https:\/\/www.google.com\/maps\/embed?pb=!1m18!1m12!1m3!1d2431.3708399886823!2d13.335121715997175!3d52.454311048847416!2m3!1f0!2f0!3f0!3m2!1i1024!2i768!4f13.1!3m3!1m2!1s0x47a85a9242e5bc07%3A0xc44ee1d5a0728440!2sANTSTORE!5e0!3m2!1sde!2sde!4v1632470583913!5m2!1sde!2sde\" width=\"600\" height=\"450\" allowfullscreen=\"allowfullscreen\"><\/iframe><\/p>\n\t\t\n<style>\n#text-3355347032 {\n  font-size: 0.75rem;\n}\n<\/style>\n\t<\/div>\n\t\n\n\t\t<\/div>\n\t\t\t\t\t<\/div>\n\n\t\n\n<\/div>","protected":false},"excerpt":{"rendered":"","protected":false},"author":1,"featured_media":0,"parent":0,"menu_order":0,"comment_status":"closed","ping_status":"closed","template":"","meta":{"_acf_changed":false,"content-type":"","_monsterinsights_skip_tracking":false,"_monsterinsights_sitenote_active":false,"_monsterinsights_sitenote_note":"","_monsterinsights_sitenote_category":0,"footnotes":""},"class_list":["post-628","page","type-page","status-publish","hentry"],"acf":[],"aioseo_notices":[],"jetpack_sharing_enabled":true,"_links":{"self":[{"href":"https:\/\/antcube.shop\/sl\/wp-json\/wp\/v2\/pages\/628","targetHints":{"allow":["GET"]}}],"collection":[{"href":"https:\/\/antcube.shop\/sl\/wp-json\/wp\/v2\/pages"}],"about":[{"href":"https:\/\/antcube.shop\/sl\/wp-json\/wp\/v2\/types\/page"}],"author":[{"embeddable":true,"href":"https:\/\/antcube.shop\/sl\/wp-json\/wp\/v2\/users\/1"}],"replies":[{"embeddable":true,"href":"https:\/\/antcube.shop\/sl\/wp-json\/wp\/v2\/comments?post=628"}],"version-history":[{"count":10,"href":"https:\/\/antcube.shop\/sl\/wp-json\/wp\/v2\/pages\/628\/revisions"}],"predecessor-version":[{"id":12738,"href":"https:\/\/antcube.shop\/sl\/wp-json\/wp\/v2\/pages\/628\/revisions\/12738"}],"wp:attachment":[{"href":"https:\/\/antcube.shop\/sl\/wp-json\/wp\/v2\/media?parent=628"}],"curies":[{"name":"wp","href":"https:\/\/api.w.org\/{rel}","templated":true}]}}