{"id":500,"date":"2021-07-21T10:22:03","date_gmt":"2021-07-21T08:22:03","guid":{"rendered":"https:\/\/antcube.shop\/?page_id=500"},"modified":"2024-12-03T12:41:56","modified_gmt":"2024-12-03T11:41:56","slug":"pogoji-in-dolocila","status":"publish","type":"page","link":"https:\/\/antcube.shop\/sl\/pogoji-in-dolocila\/","title":{"rendered":"Pogoji in dolo\u010dila"},"content":{"rendered":"<div id=\"gap-1315684637\" class=\"gap-element clearfix\" style=\"display:block; height:auto;\">\n\t\t\n<style>\n#gap-1315684637 {\n  padding-top: 196px;\n}\n@media (min-width:850px) {\n  #gap-1315684637 {\n    padding-top: 190px;\n  }\n}\n<\/style>\n\t<\/div>\n\t\n\n<div class=\"row\"  id=\"row-720595099\">\n\n\n\t<div id=\"col-1858095657\" class=\"col small-12 large-12\"  >\n\t\t\t\t<div class=\"col-inner\"  >\n\t\t\t\n\t\t\t\n\n<h1><b>Splo\u0161ni pogoji in dolo\u010dila <\/b><\/h1>\n<p><b>za <\/b><a href=\"http:\/\/www.antcube.shop\"><b>www.antcube.shop<\/b><\/a><span style=\"font-weight: 400;\"> ANTSTORE, Martin Sebesta, Selerweg 41, 12169 Berlin, v nadaljevanju \"prodajalec\".<\/span><\/p>\n<h2><b>\u00a7 1 Podro\u010dje uporabe, splo\u0161ne informacije, opredelitve pojmov<\/b><\/h2>\n<p><span style=\"font-weight: 400;\">(1) Ti splo\u0161ni pogoji veljajo za vsa naro\u010dila blaga in storitev prek spletne trgovine na spletni strani. <\/span><b>antcube.shop<\/b><span style=\"font-weight: 400;\">, ki ga upravlja ANTSTORE, Martin Sebesta, Selerweg 41, 12169 Berlin. E-po\u0161ta: <\/span><a href=\"mailto:verkauf@antstore.de\"><span style=\"font-weight: 400;\">verkauf@antstore.de<\/span><\/a><span style=\"font-weight: 400;\"> \/ law@ants.de\u00a0<\/span><\/p>\n<p><span style=\"font-weight: 400;\">(2) Prodajalec v svoji spletni trgovini ponuja izdelke za shranjevanje mr\u010desa in dodatke. Za poslovno razmerje med prodajalcem in kupcem veljajo Splo\u0161ni pogoji poslovanja v razli\u010dici, veljavni v \u010dasu naro\u010dila.<\/span><\/p>\n<p><span style=\"font-weight: 400;\">(3) Potro\u0161nik v smislu teh splo\u0161nih pogojev poslovanja je vsaka fizi\u010dna oseba, ki sklene pravni posel za namene, ki so prete\u017eno zunaj njene trgovske, poslovne ali poklicne dejavnosti. Podjetniki so fizi\u010dne ali pravne osebe ali osebne dru\u017ebe, ki pri sklepanju pravnega posla delujejo v okviru opravljanja svoje poslovne ali samozaposlitvene dejavnosti.<\/span><\/p>\n<p><span style=\"font-weight: 400;\">(4) Posamezni pogodbeni dogovori imajo prednost pred temi splo\u0161nimi pogoji poslovanja. Odstopajo\u010di pogoji kupca se priznajo le, \u010de se je prodajalec z njimi izrecno strinjal.<\/span><\/p>\n<h2><b>\u00a7 2 Sklenitev pogodbe<\/b><\/h2>\n<p><span style=\"font-weight: 400;\">(1) \u010ce na strani izdelka ni navedeno druga\u010de, obmo\u010dje dostave zajema Evropsko unijo.<\/span><\/p>\n<p><span style=\"font-weight: 400;\">(2) Predstavitev blaga na prodajal\u010devi spletni strani pomeni zavezujo\u010do ponudbo. Naro\u010deno blago lahko zaradi tehni\u010dnih mo\u017enosti predstavitve v razumnih mejah nekoliko odstopa od blaga, prikazanega na spletu, zlasti so mo\u017ena barvna odstopanja, \u010de je to razumno.<\/span><\/p>\n<p><span style=\"font-weight: 400;\">(3) Z ozna\u010ditvijo modrega polja \"<\/span><span style=\"font-weight: 400;\">Z naro\u010dilom izjavljate, da ste prebrali in razumeli na\u0161o ponudbo.<\/span><b>&#8221; <\/b><span style=\"font-weight: 400;\">in nato <\/span><span style=\"font-weight: 400;\">s klikom na gumb \"Kupi zdaj\" ali s preusmeritvijo na PayPal prek gumba \"Pla\u010daj s PayPal\" in dokon\u010danjem postopka pla\u010dila tam stranka predlo\u017ei zavezujo\u010do ponudbo za nakup blaga v nakupovalni ko\u0161arici in sprejme veljavnost teh splo\u0161nih pogojev poslovanja.<\/span><\/p>\n<p><span style=\"font-weight: 400;\">(4) Prodajalec potrdi prejem naro\u010dila po elektronski po\u0161ti (potrditev naro\u010dila). Vendar ta potrditev naro\u010dila ne pomeni sprejetja ponudbe. Pogodba je sklenjena \u0161ele, ko je poslana potrditev naro\u010dila ali potrditev odpreme.<\/span><\/p>\n<p><span style=\"font-weight: 400;\">(5) Prodajalec si pridr\u017euje pravico, da v petih delovnih dneh sprejme ali zavrne naro\u010dila. \u010ce naro\u010dilo ni sprejeto, bo kupec o tem obve\u0161\u010den po elektronski po\u0161ti.<\/span><\/p>\n<p><span style=\"font-weight: 400;\">(6) V primeru nepredvidljivih te\u017eav pri dobavi ali nerazpolo\u017eljivosti blaga, za katere prodajalec ni odgovoren, lahko prodajalec in kupec odstopita od pogodbe. Kupec bo o tem nemudoma obve\u0161\u010den, opravljena pla\u010dila pa mu bodo nemudoma povrnjena.<\/span><\/p>\n<p><span style=\"font-weight: 400;\">(7) \u010ce kupec naro\u010di blago v elektronski obliki, prodajalec shrani besedilo pogodbe in ga po sklenitvi pogodbe skupaj s pravno veljavnimi splo\u0161nimi pogoji poslovanja po\u0161lje kupcu po elektronski po\u0161ti.<\/span><\/p>\n<h2><b>\u00a7 3 Ra\u010dun stranke<\/b><\/h2>\n<p><span style=\"font-weight: 400;\">(1) Nakup prek na\u0161e spletne strani je praviloma mogo\u010d le z registracijo. Za dostop do nekaterih funkcij pa je morda treba ustvariti uporabni\u0161ki ra\u010dun.<\/span><\/p>\n<p><span style=\"font-weight: 400;\">(2) Do ra\u010duna stranke ni pravice. Registrirajo se lahko samo polnoletne fizi\u010dne osebe, ki ra\u010dun uporabljajo v zasebne namene, ali podjetniki in pravne osebe ali dru\u017ebe s pravno sposobnostjo, ki pri sklepanju pravnega posla delujejo v okviru opravljanja svoje poslovne ali samostojne poklicne dejavnosti. Dostopne podatke je treba obravnavati zaupno in jih ni dovoljeno posredovati tretjim osebam.<\/span><\/p>\n<p><span style=\"font-weight: 400;\">(3) Ve\u010d registracij ni dovoljenih. Stranke lahko svoj ra\u010dun kadar koli izbri\u0161ejo prek upravljanja ra\u010duna.<\/span><\/p>\n<h2><b>\u00a7 4 Ohranitev lastninske pravice<\/b><\/h2>\n<p><span style=\"font-weight: 400;\">(1) Pri potro\u0161nikih prodajalec obdr\u017ei lastninsko pravico na blagu do popolnega pla\u010dila kupnine. Pri podjetnikih to velja, dokler niso poravnane vse terjatve, ki izhajajo iz trenutnega poslovnega razmerja.<\/span><\/p>\n<p><span style=\"font-weight: 400;\">(2) V primeru kr\u0161itve pogodbe s strani kupca, zlasti v primeru zamude pri pla\u010dilu, neresni\u010dnih podatkov, ki jih je kupec navedel o svoji kreditni sposobnosti, ali v primeru vlo\u017eitve predloga za za\u010detek ste\u010dajnega postopka, ima prodajalec pravico - po potrebi po dolo\u010ditvi roka - odstopiti od pogodbe in zahtevati vrnitev blaga, \u010de kupec \u0161e ni pla\u010dal nadomestila ali ga ni pla\u010dal v celoti.<\/span><\/p>\n<p><span style=\"font-weight: 400;\">(3) Podjetnik lahko blago ponovno proda v okviru rednega poslovanja. S tem na prodajalca prenese vse terjatve v vi\u0161ini zneska na ra\u010dunu, ki mu pripadajo do tretje osebe zaradi nadaljnje prodaje. Prodajalec sprejema cesijo. Po opravljeni cesiji je podjetnik poobla\u0161\u010den za izterjavo terjatve. Prodajalec si pridr\u017euje pravico, da terjatev izterja sam, takoj ko podjetnik ne izpolnjuje pravilno svojih pla\u010dilnih obveznosti in zamuja s pla\u010dilom.<\/span><\/p>\n<p><span style=\"font-weight: 400;\">(4) Prodajalec se zavezuje, da bo na zahtevo kupca sprostil vrednostne papirje, do katerih je upravi\u010den, \u010de unov\u010dljiva vrednost vrednostnih papirjev presega zavarovano terjatev za ve\u010d kot 10%. Izbira vrednostnih papirjev, ki se sprostijo, je v pristojnosti prodajalca.<\/span><\/p>\n<h2><b>\u00a7 5 Cene in pla\u010dilni pogoji<\/b><\/h2>\n<p><span style=\"font-weight: 400;\">(1) Navedene cene so bruto cene, so zavezujo\u010de in vklju\u010dujejo zakonsko dolo\u010den DDV ter ne vklju\u010dujejo <a href=\"https:\/\/antcube.shop\/en\/shipping-costs-delivery-restrictions\/\">stro\u0161ki po\u0161iljanja<\/a> vklju\u010dno z DDV. Velja znesek, ki je naveden ob naro\u010dilu. Cena z DDV in stro\u0161ki dostave bodo prikazani tudi v obrazcu za naro\u010dilo, preden stranka odda naro\u010dilo. Stro\u0161ki po\u0161iljanja so na voljo tudi v na\u0161em <\/span><a href=\"https:\/\/antcube.shop\/en\/shipping-costs-delivery-restrictions\/\"><b>pregled stro\u0161kov po\u0161iljanja.<\/b><\/a><\/p>\n<p><span style=\"font-weight: 400;\">(2) Kupec se zavezuje, da bo celotno ceno pla\u010dal v 14 dneh po prejemu potrditve naro\u010dila po elektronski po\u0161ti ali ra\u010duna. Po preteku tega roka je stranka v zamudi s pla\u010dilom. V \u010dasu zamude mora potro\u0161nik pla\u010dati obresti na dolg v vi\u0161ini 5 odstotnih to\u010dk nad osnovno obrestno mero. V obdobju zamude podjetnik pla\u010da obresti od dolga v vi\u0161ini 9 odstotnih to\u010dk nad osnovno obrestno mero. V primeru zamude pri pla\u010dilu terjatve je podjetnik dol\u017ean pla\u010dati tudi pav\u0161alni znesek v vi\u0161ini 40 evrov. To velja tudi, \u010de podjetnik zamuja z akontacijo ali drugim obro\u010dnim pla\u010dilom. Prodajalec si pridr\u017euje pravico, da od podjetnika zahteva vi\u0161jo od\u0161kodnino zaradi zamude. Pav\u0161alni znesek v skladu s stavkom 5 se pobota s terjatvijo za dolgovano od\u0161kodnino, \u010de \u0161koda temelji na stro\u0161kih sodnega postopka.<\/span><\/p>\n<p><span style=\"font-weight: 400;\">(3) Kupec ima pravico do pobota le, \u010de so njegove nasprotne terjatve zakonito ugotovljene, priznane ali jih prodajalec ne izpodbija. To ne vpliva na kup\u010devo pravico do pobota pogodbenih in drugih terjatev, ki izhajajo iz za\u010detka ali izvajanja tega pogodbenega razmerja. Kupec lahko uveljavlja pravico do zadr\u017eanja le, \u010de njegova nasprotna terjatev temelji na istem pogodbenem razmerju.<\/span><\/p>\n<p><span style=\"font-weight: 400;\">(4) Spremembe, raz\u0161iritve in omejitve naro\u010dila po sklenitvi pogodbe bo prodajalec upo\u0161teval v najve\u010dji mo\u017eni meri. Prodajalec bo zanje zara\u010dunal pristojbino za obdelavo v vi\u0161ini 10,00 EUR z DDV, razen \u010de gre za primere odpovedi ali garancijskih zahtevkov. Za naro\u010dila, ki jih je treba obdelati ro\u010dno in niso obdelana prek spletne trgovine, zara\u010dunamo pristojbino za obdelavo v vi\u0161ini 20,00 \u20ac. Iz tega so izklju\u010dena naro\u010dila z blagom, ki ga ni mogo\u010de naro\u010diti prek spletne trgovine, npr. izdelki po meri.<\/span><\/p>\n<p><span style=\"font-weight: 400;\">(5) Za naro\u010dene \u017eivali, ki bodo na zahtevo stranke odpremljene kasneje, kot je bilo dogovorjeno s pogodbo, se zara\u010duna 2,00 \u20ac z DDV na dan &amp; gyne (trud za nego) od dneva naro\u010dila do dneva odpreme. Rok je lahko najve\u010d 30 dni.<\/span><\/p>\n<h2><b>\u00a7 6 <a href=\"https:\/\/antcube.shop\/en\/payment-methods-and-conditions\/\">Na\u010dini pla\u010dila<\/a><\/b><\/h2>\n<p><span style=\"font-weight: 400;\">(1) Kupnino lahko pla\u010date vnaprej, z ban\u010dnim nakazilom, kreditno kartico ali PayPalom. Pri pla\u010dilu prek sistema PayPal veljajo njihovi pogoji uporabe. Dodatne informacije so na voljo v na\u0161i politiki zasebnosti. <a href=\"https:\/\/antcube.shop\/en\/privacy-policy\/\">politika zasebnosti<\/a>.<\/span><\/p>\n<h2><b>\u00a7 7 Pogoji po\u0161iljanja in dostave<\/b><\/h2>\n<p><span style=\"font-weight: 400;\">(1) Po\u0161iljamo samo v dr\u017eave \u010dlanice Evropske unije, razen v evropska \u010dezmorska ozemlja ali eksklave in regije z dav\u010dno avtonomijo (ki jih Evropska unija imenuje \"najbolj oddaljene regije\"). Ocenjeni \u010das dostave za Nem\u010dijo in druge dr\u017eave je naveden v na\u0161em <\/span><a href=\"https:\/\/antcube.shop\/en\/shipping-costs-delivery-restrictions\/\"><b>pregled stro\u0161kov po\u0161iljanja.<\/b><\/a><\/p>\n<p><span style=\"font-weight: 400;\">(2) Rok dobave za\u010dne te\u010di en dan po odobritvi pla\u010dila v primeru pla\u010dila vnaprej\/ban\u010dnega nakazila ali storitve PayPal. Pri drugih na\u010dinih pla\u010dila za\u010dne rok te\u010di en dan po oddaji naro\u010dila.<\/span><\/p>\n<p><span style=\"font-weight: 400;\">(3) \u010ce za\u010detek ali konec roka pade na soboto, nedeljo ali dr\u017eavni praznik, se za\u010detek ali konec roka prestavi na naslednji delovni dan.<\/span><\/p>\n<p><span style=\"font-weight: 400;\">(4) Prodajalec ima pravico do delnih dobav, \u010de je to za kupca razumno. To ne sme povzro\u010diti nobenih dodatnih stro\u0161kov za stranko.<\/span><\/p>\n<p><span style=\"font-weight: 400;\">(5) \u010ce se kupec odlo\u010di, da bo svoje naro\u010dilo prevzel v na\u0161i trgovini, bo po elektronski po\u0161ti obve\u0161\u010den, da je naro\u010dilo pripravljeno za prevzem.<\/span><\/p>\n<h2><b>\u00a7 8 Prenos tveganja<\/b><\/h2>\n<p><span style=\"font-weight: 400;\">(1) Pri potro\u0161nikih preide nevarnost naklju\u010dne izgube in poslab\u0161anja blaga na kupca ob izro\u010ditvi.<\/span><\/p>\n<p><span style=\"font-weight: 400;\">(2) Pri podjetnikih preide tveganje na stranko ob predaji prevoznemu podjetju.<\/span><\/p>\n<p><span style=\"font-weight: 400;\">(3) \u010ce stranka zamudi s prevzemom, se to \u0161teje za enakovredno izro\u010ditvi.<\/span><\/p>\n<h2><b>\u00a7 9 Garancija<\/b><\/h2>\n<p><span style=\"font-weight: 400;\">(1) Jamstvo urejajo zakonske dolo\u010dbe. Garancijski rok za potro\u0161nike je 2 leti od dobave blaga. Z odstopanjem od tega je garancijski rok za podjetnike 1 leto od dobave. Garancijski rok za rabljeno blago je prav tako 1 leto od dobave blaga. Enoletni garancijski rok ne velja, \u010de se prodajalcu lahko o\u010dita huda malomarnost, niti v primeru telesnih po\u0161kodb in \u0161kode na zdravju, za katere je odgovoren prodajalec, ter v primeru izgube \u017eivljenja kupca, v primeru garancije in v primeru regresa za dobavo v skladu s \u010dlenoma 478 in 479 BGB. To ne vpliva na odgovornost prodajalca v skladu z Zakonom o odgovornosti za proizvode.<\/span><\/p>\n<p><span style=\"font-weight: 400;\">(2) Ne glede na odstavek. 1 velja redni zastaralni rok, \u010de je prodajalec goljufivo prikril napako<\/span><\/p>\n<p><span style=\"font-weight: 400;\">(3) Naro\u010deno blago lahko v razumnih mejah nekoliko odstopa od blaga, prikazanega na internetu. Sklicujemo se na 2. odstavek 2. \u010dlena teh splo\u0161nih pogojev poslovanja.<\/span><\/p>\n<p><span style=\"font-weight: 400;\">(4) Potro\u0161niki lahko izbirajo med popravilom in zamenjavo. Prodajalec lahko zavrne izbrano vrsto naknadne izpolnitve, \u010de je to mogo\u010de le z nesorazmernimi stro\u0161ki.<\/span><\/p>\n<p><span style=\"font-weight: 400;\">(5) O o\u010ditnih napakah morajo podjetniki poro\u010dati v dveh tednih po prejemu blaga. V nasprotnem primeru je uveljavljanje garancijskega zahtevka izklju\u010deno. Za spo\u0161tovanje roka zadostuje pravo\u010dasna odprema ali obvestilo. Za podjetnike velja 377. \u010dlen HGB.<\/span><\/p>\n<p><span style=\"font-weight: 400;\">(6) Garancija ne krije po\u0161kodb, nastalih zaradi nepravilnega ravnanja. Garancije proizvajalca ostanejo nespremenjene.<\/span><\/p>\n<h2><b>\u00a7 10 Omejitve odgovornosti<\/b><\/h2>\n<p><span style=\"font-weight: 400;\">(1) V primeru majhne malomarnosti je prodajalec odgovoren le za predvidljivo \u0161kodo, ki je zna\u010dilna za pogodbo. Ta omejitev velja tudi za prodajal\u010deve poobla\u0161\u010dence.<\/span><\/p>\n<p><span style=\"font-weight: 400;\">(2) Omejitve odgovornosti ne veljajo v primeru goljufivega namena, kr\u0161itve bistvenih pogodbenih obveznosti ali \u0161kode za \u017eivljenje, telo ali zdravje.<\/span><\/p>\n<p><span style=\"font-weight: 400;\">(3) Stranka je dol\u017ena sprejeti ustrezne ukrepe za prepre\u010ditev in zmanj\u0161anje \u0161kode.<\/span><\/p>\n<p><span style=\"font-weight: 400;\">(4) Prodajalec je odgovoren samo za svojo vsebino na spletni strani svoje spletne trgovine. \u010ce povezave omogo\u010dajo dostop do drugih spletnih strani, prodajalec ne odgovarja za vsebine tretjih oseb, ki jih te vsebujejo. Vsebine tretjih oseb ne sprejema kot svoje lastne. \u010ce prodajalec izve za nezakonito vsebino na zunanjih spletnih straneh, bo nemudoma onemogo\u010dil dostop do teh strani.<\/span><\/p>\n<h2><b>\u00a7 11 Varstvo podatkov<\/b><\/h2>\n<p><span style=\"font-weight: 400;\">Podatki, zbrani med postopkom naro\u010danja, se obdelujejo za izpolnitev pogodbe. Dodatne informacije, zlasti o prenosu podatkov tretjim osebam, so na voljo v <a href=\"https:\/\/antcube.shop\/en\/privacy-policy\/\">politika zasebnosti<\/a> na na\u0161em spletnem mestu.<\/span><\/p>\n<h2><b>\u00a7 12 Kon\u010dne dolo\u010dbe in re\u0161evanje sporov<\/b><\/h2>\n<p><span style=\"font-weight: 400;\">(1) Uporablja se pravo Zvezne republike Nem\u010dije. Za potro\u0161nike to velja le, \u010de zagotovljeno varstvo ni omejeno z obveznimi dolo\u010dbami dr\u017eave, v kateri ima potro\u0161nik obi\u010dajno prebivali\u0161\u010de. Dolo\u010dbe Konvencije ZN o pogodbah o mednarodni prodaji blaga se ne uporabljajo. \u00a7 \u010clen 16, odst. 14, 2. stavek, \u0161t. 6 TDSG ostaja nedotaknjen.<\/span><\/p>\n<p><span style=\"font-weight: 400;\">(2) Evropska komisija zagotavlja platformo za spletno re\u0161evanje sporov (OS), ki je dostopna na naslovu https:\/\/ec.europa.eu\/consumers\/odr. Na\u0161 e-po\u0161tni naslov je: law@ants.de\u00a0<\/span><\/p>\n<p><a href=\"https:\/\/antcube.shop\/en\/shipping-costs-delivery-restrictions\/\"><b>Stro\u0161ki po\u0161iljanja\/ pogoji po\u0161iljanja<\/b><\/a><\/p>\n<p><a href=\"https:\/\/antcube.shop\/en\/privacy-policy\/\"><b>Politika zasebnosti<\/b><\/a><\/p>\n<p><a href=\"https:\/\/antcube.shop\/en\/payment-methods-and-conditions\/\"><b>Mo\u017enosti pla\u010dila<\/b><\/a><\/p>\n<p><a href=\"https:\/\/antcube.shop\/en\/refund-policy\/\"><b>Pravica do preklica<\/b><\/a><\/p>\n\n\t\t<\/div>\n\t\t\t\t\t<\/div>\n\n\t\n\n<\/div>","protected":false},"excerpt":{"rendered":"","protected":false},"author":1,"featured_media":0,"parent":0,"menu_order":0,"comment_status":"closed","ping_status":"closed","template":"","meta":{"_acf_changed":false,"content-type":"","_monsterinsights_skip_tracking":false,"_monsterinsights_sitenote_active":false,"_monsterinsights_sitenote_note":"","_monsterinsights_sitenote_category":0,"footnotes":""},"class_list":["post-500","page","type-page","status-publish","hentry"],"acf":[],"aioseo_notices":[],"jetpack_sharing_enabled":true,"_links":{"self":[{"href":"https:\/\/antcube.shop\/sl\/wp-json\/wp\/v2\/pages\/500","targetHints":{"allow":["GET"]}}],"collection":[{"href":"https:\/\/antcube.shop\/sl\/wp-json\/wp\/v2\/pages"}],"about":[{"href":"https:\/\/antcube.shop\/sl\/wp-json\/wp\/v2\/types\/page"}],"author":[{"embeddable":true,"href":"https:\/\/antcube.shop\/sl\/wp-json\/wp\/v2\/users\/1"}],"replies":[{"embeddable":true,"href":"https:\/\/antcube.shop\/sl\/wp-json\/wp\/v2\/comments?post=500"}],"version-history":[{"count":10,"href":"https:\/\/antcube.shop\/sl\/wp-json\/wp\/v2\/pages\/500\/revisions"}],"predecessor-version":[{"id":10710,"href":"https:\/\/antcube.shop\/sl\/wp-json\/wp\/v2\/pages\/500\/revisions\/10710"}],"wp:attachment":[{"href":"https:\/\/antcube.shop\/sl\/wp-json\/wp\/v2\/media?parent=500"}],"curies":[{"name":"wp","href":"https:\/\/api.w.org\/{rel}","templated":true}]}}