{"id":2479,"date":"2021-09-30T10:43:05","date_gmt":"2021-09-30T08:43:05","guid":{"rendered":"https:\/\/antcube.shop\/?page_id=2479"},"modified":"2023-12-14T13:31:40","modified_gmt":"2023-12-14T12:31:40","slug":"korak-4","status":"publish","type":"page","link":"https:\/\/antcube.shop\/sl\/iskalnik-mravelj\/vmesni\/korak-4\/","title":{"rendered":"Korak 4"},"content":{"rendered":"<div id=\"gap-11035727\" class=\"gap-element clearfix\" style=\"display:block; height:auto;\">\n\t\t\n<style>\n#gap-11035727 {\n  padding-top: 200px;\n}\n@media (min-width:850px) {\n  #gap-11035727 {\n    padding-top: 175px;\n  }\n}\n<\/style>\n\t<\/div>\n\t\n\n<div class=\"row\"  id=\"row-164462817\">\n\n\n\t<div id=\"col-1313186873\" class=\"col small-12 large-12\"  >\n\t\t\t\t<div class=\"col-inner\"  >\n\t\t\t\n\t\t\t\n\n\t<div id=\"text-1109217713\" class=\"text\">\n\t\t\n\n<h3>Mravlje za izku\u0161ene mravlji\u0161\u010darje<\/h3>\n<p>Ker mravlje \u017eivijo v zelo razli\u010dnih habitatih z zelo razli\u010dnimi podnebnimi razmerami, morate poskrbeti za ustrezno temperaturo in vla\u017enost.<\/p>\n<p>Za vzdr\u017eevanje prave vla\u017enosti morate mravlji\u0161\u010de preprosto navla\u017eiti, na primer z razpr\u0161ilnikom. Pri vzdr\u017eevanju prave temperature pa je to nekoliko bolj zapleteno. Potrebujete toplotno svetilko, grelno preprogo ali grelni kabel ali pa prostor, v katerem imate mravlje, ogrevate na pravo temperaturo.<\/p>\n<p>Kljub temu lahko \u0161tevilne vrste hranite pri sobni temperaturi. Tudi \u010de je temperatura za 1-3 \u00b0C ni\u017eja od priporo\u010dene, to obi\u010dajno ni problemati\u010dno.\u00a0<\/p>\n\t\t\n<style>\n#text-1109217713 {\n  text-align: center;\n}\n<\/style>\n\t<\/div>\n\t\n\n\t\t<\/div>\n\t\t\t\t\t<\/div>\n\n\t\n\n<\/div>\n\t<div id=\"text-2110395703\" class=\"text\">\n\t\t\n\n<p><strong>Vpra\u0161anje: I\u0161\u010dete vrsto mravlje, ki jo lahko hranite pri sobni temperaturi?<\/strong><\/p>\n\t\t\n<style>\n#text-2110395703 {\n  font-size: 1.8rem;\n  text-align: center;\n}\n<\/style>\n\t<\/div>\n\t\n<div class=\"row\"  id=\"row-1323625663\">\n\n\n\t<div id=\"col-1633379419\" class=\"col medium-6 small-12 large-6\"  >\n\t\t\t\t<div class=\"col-inner\"  >\n\t\t\t\n\t\t\t\n\n<a href=\"https:\/\/antcube.shop\/ant-finder\/intermediate\/step-4\/step-7\/\" class=\"button secondary expand\" >\n\t\t<span>Da, \u017eelim jih hraniti pri sobni temperaturi<\/span>\n\t<\/a>\n\n\n\n\t\t<\/div>\n\t\t\t\t\t<\/div>\n\n\t\n\n\t<div id=\"col-2133720068\" class=\"col medium-6 small-12 large-6\"  >\n\t\t\t\t<div class=\"col-inner\"  >\n\t\t\t\n\t\t\t\n\n<a href=\"https:\/\/antcube.shop\/ant-finder\/intermediate\/step-4\/step-8\/\" class=\"button secondary expand\" >\n\t\t<span>Ne, zagotovil bom potrebno temperaturo<\/span>\n\t<\/a>\n\n\n\n\t\t<\/div>\n\t\t\t\t\t<\/div>\n\n\t\n\n<\/div>","protected":false},"excerpt":{"rendered":"","protected":false},"author":1,"featured_media":0,"parent":2468,"menu_order":0,"comment_status":"closed","ping_status":"closed","template":"","meta":{"_acf_changed":false,"content-type":"","_monsterinsights_skip_tracking":false,"_monsterinsights_sitenote_active":false,"_monsterinsights_sitenote_note":"","_monsterinsights_sitenote_category":0,"footnotes":""},"class_list":["post-2479","page","type-page","status-publish","hentry"],"acf":[],"aioseo_notices":[],"jetpack_sharing_enabled":true,"_links":{"self":[{"href":"https:\/\/antcube.shop\/sl\/wp-json\/wp\/v2\/pages\/2479","targetHints":{"allow":["GET"]}}],"collection":[{"href":"https:\/\/antcube.shop\/sl\/wp-json\/wp\/v2\/pages"}],"about":[{"href":"https:\/\/antcube.shop\/sl\/wp-json\/wp\/v2\/types\/page"}],"author":[{"embeddable":true,"href":"https:\/\/antcube.shop\/sl\/wp-json\/wp\/v2\/users\/1"}],"replies":[{"embeddable":true,"href":"https:\/\/antcube.shop\/sl\/wp-json\/wp\/v2\/comments?post=2479"}],"version-history":[{"count":10,"href":"https:\/\/antcube.shop\/sl\/wp-json\/wp\/v2\/pages\/2479\/revisions"}],"predecessor-version":[{"id":6793,"href":"https:\/\/antcube.shop\/sl\/wp-json\/wp\/v2\/pages\/2479\/revisions\/6793"}],"up":[{"embeddable":true,"href":"https:\/\/antcube.shop\/sl\/wp-json\/wp\/v2\/pages\/2468"}],"wp:attachment":[{"href":"https:\/\/antcube.shop\/sl\/wp-json\/wp\/v2\/media?parent=2479"}],"curies":[{"name":"wp","href":"https:\/\/api.w.org\/{rel}","templated":true}]}}