{"id":2468,"date":"2021-09-30T10:04:30","date_gmt":"2021-09-30T08:04:30","guid":{"rendered":"https:\/\/antcube.shop\/?page_id=2468"},"modified":"2023-12-15T12:50:52","modified_gmt":"2023-12-15T11:50:52","slug":"vmesni","status":"publish","type":"page","link":"https:\/\/antcube.shop\/sl\/iskalnik-mravelj\/vmesni\/","title":{"rendered":"vmesni"},"content":{"rendered":"<div id=\"gap-110623940\" class=\"gap-element clearfix\" style=\"display:block; height:auto;\">\n\t\t\n<style>\n#gap-110623940 {\n  padding-top: 200px;\n}\n@media (min-width:850px) {\n  #gap-110623940 {\n    padding-top: 175px;\n  }\n}\n<\/style>\n\t<\/div>\n\t\n\n<div class=\"row\"  id=\"row-743145230\">\n\n\n\t<div id=\"col-1320967370\" class=\"col small-12 large-12\"  >\n\t\t\t\t<div class=\"col-inner\"  >\n\t\t\t\n\t\t\t\n\n\t<div id=\"text-3116920325\" class=\"text\">\n\t\t\n\n<h3>Mravlje za izku\u0161ene mravlji\u0161\u010darje<\/h3>\n<p>\u0160tevilne vrste mravelj iz hladnej\u0161ih regij morajo hibernirati. To se razlikuje glede na izvor vrste. Mravlje, ki prezimujejo v divjini, bi morale to storiti tudi v va\u0161em domu. \u010ce \u017eivalim ne omogo\u010dite naravnega odmora, se lahko rast kolonije upo\u010dasni ali pa kraljica zelo zgodaj umre.\u00a0<\/p>\n<p>Nekatere mravlje hibernirajo le tri mesece, druge pa potrebujejo \u0161tiri do pet mesecev (obi\u010dajno med novembrom in marcem). Tudi temperatura, ki jo nekatere vrste potrebujejo za hibernacijo, je razli\u010dna. Severnoevropske vrste na primer potrebujejo temperaturo med 5 \u00b0C in 8 \u00b0C, medtem ko ju\u017enoevropske vrste potrebujejo temperaturo okoli 15 \u00b0C. Severnoevropske vrste med hibernacijo popolnoma prenehajo z aktivnostjo, ju\u017enoevropske vrste pa so \u0161e vedno nekoliko aktivne.<\/p>\n\t\t\n<style>\n#text-3116920325 {\n  text-align: center;\n}\n<\/style>\n\t<\/div>\n\t\n\n\t\t<\/div>\n\t\t\t\t\t<\/div>\n\n\t\n\n<\/div>\n\t<div id=\"text-778157888\" class=\"text\">\n\t\t\n\n<p><strong>Vpra\u0161anje: I\u0161\u010dete vrsto mravlje s hibernacijo ali brez nje?<\/strong><\/p>\n\t\t\n<style>\n#text-778157888 {\n  font-size: 1.8rem;\n  text-align: center;\n}\n<\/style>\n\t<\/div>\n\t\n<div class=\"row\" style=\"max-width:650px\" id=\"row-891965814\">\n\n\n\t<div id=\"col-160147236\" class=\"col medium-6 small-12 large-6\"  >\n\t\t\t\t<div class=\"col-inner\"  >\n\t\t\t\n\t\t\t\n\n<a href=\"https:\/\/antcube.shop\/ant-finder\/intermediate\/step-3\/\" class=\"button secondary expand\" >\n\t\t<span>Mravlje, ki potrebujejo hibernacijo<\/span>\n\t<\/a>\n\n\n\n\t\t<\/div>\n\t\t\t\t\t<\/div>\n\n\t\n\n\t<div id=\"col-448027035\" class=\"col medium-6 small-12 large-6\"  >\n\t\t\t\t<div class=\"col-inner\"  >\n\t\t\t\n\t\t\t\n\n<a href=\"https:\/\/antcube.shop\/ant-finder\/intermediate\/step-4\/\" class=\"button secondary expand\" >\n\t\t<span>brez hibernacije<\/span>\n\t<\/a>\n\n\n\n\t\t<\/div>\n\t\t\t\t\t<\/div>\n\n\t\n\n<\/div>","protected":false},"excerpt":{"rendered":"","protected":false},"author":1,"featured_media":0,"parent":721,"menu_order":0,"comment_status":"closed","ping_status":"closed","template":"","meta":{"_acf_changed":false,"content-type":"","_monsterinsights_skip_tracking":false,"_monsterinsights_sitenote_active":false,"_monsterinsights_sitenote_note":"","_monsterinsights_sitenote_category":0,"footnotes":""},"class_list":["post-2468","page","type-page","status-publish","hentry"],"acf":[],"aioseo_notices":[],"jetpack_sharing_enabled":true,"_links":{"self":[{"href":"https:\/\/antcube.shop\/sl\/wp-json\/wp\/v2\/pages\/2468","targetHints":{"allow":["GET"]}}],"collection":[{"href":"https:\/\/antcube.shop\/sl\/wp-json\/wp\/v2\/pages"}],"about":[{"href":"https:\/\/antcube.shop\/sl\/wp-json\/wp\/v2\/types\/page"}],"author":[{"embeddable":true,"href":"https:\/\/antcube.shop\/sl\/wp-json\/wp\/v2\/users\/1"}],"replies":[{"embeddable":true,"href":"https:\/\/antcube.shop\/sl\/wp-json\/wp\/v2\/comments?post=2468"}],"version-history":[{"count":10,"href":"https:\/\/antcube.shop\/sl\/wp-json\/wp\/v2\/pages\/2468\/revisions"}],"predecessor-version":[{"id":6870,"href":"https:\/\/antcube.shop\/sl\/wp-json\/wp\/v2\/pages\/2468\/revisions\/6870"}],"up":[{"embeddable":true,"href":"https:\/\/antcube.shop\/sl\/wp-json\/wp\/v2\/pages\/721"}],"wp:attachment":[{"href":"https:\/\/antcube.shop\/sl\/wp-json\/wp\/v2\/media?parent=2468"}],"curies":[{"name":"wp","href":"https:\/\/api.w.org\/{rel}","templated":true}]}}