{"id":1358,"date":"2021-09-10T13:40:50","date_gmt":"2021-09-10T11:40:50","guid":{"rendered":"https:\/\/antcube.shop\/?page_id=1358"},"modified":"2023-12-15T12:43:46","modified_gmt":"2023-12-15T11:43:46","slug":"habitatni-travnik","status":"publish","type":"page","link":"https:\/\/antcube.shop\/sl\/iskalnik-formicarium-finder\/tip-gnezda\/gnezdo-v-zemlji\/habitatni-travnik\/","title":{"rendered":"Habitat Travnik"},"content":{"rendered":"<div id=\"gap-2060452132\" class=\"gap-element clearfix\" style=\"display:block; height:auto;\">\n\t\t\n<style>\n#gap-2060452132 {\n  padding-top: 185px;\n}\n@media (min-width:550px) {\n  #gap-2060452132 {\n    padding-top: 194px;\n  }\n}\n@media (min-width:850px) {\n  #gap-2060452132 {\n    padding-top: 164px;\n  }\n}\n<\/style>\n\t<\/div>\n\t\n\n\n  <div class=\"banner has-hover\" id=\"banner-2127124987\">\n          <div class=\"banner-inner fill\">\n        <div class=\"banner-bg fill\" >\n            <img data-recalc-dims=\"1\" loading=\"lazy\" decoding=\"async\" width=\"1020\" height=\"765\" src=\"https:\/\/i0.wp.com\/antcube.shop\/wp-content\/uploads\/2021\/09\/Starter-Set-Wiese.jpg?resize=1020%2C765&#038;ssl=1\" class=\"bg attachment-original size-original\" alt=\"ANTCUBE Starter Set Travnik Habitat za mravlje\" \/>                        <div class=\"overlay\"><\/div>            \n                    <\/div>\n\t\t\n        <div class=\"banner-layers container\">\n            <a class=\"fill\" href=\"https:\/\/antcube.shop\/produkt\/antcube-starter-set-m-20x20-wiese\/\"><div class=\"fill banner-link\"><\/div><\/a>            \n\n   <div id=\"text-box-1041674558\" class=\"text-box banner-layer x50 md-x50 lg-x50 y5 md-y5 lg-y5 res-text\">\n                                <div class=\"text-box-content text dark text-shadow-3\">\n              \n              <div class=\"text-inner text-center\">\n                  \n\n\t<div id=\"text-369697291\" class=\"text\">\n\t\t\n\n<h3 class=\"uppercase\"><strong>Za\u010detni komplet Meadow<\/strong><\/h3>\n\t\t\n<style>\n#text-369697291 {\n  color: rgb(0,0,0);\n}\n#text-369697291 > * {\n  color: rgb(0,0,0);\n}\n<\/style>\n\t<\/div>\n\t\n\n              <\/div>\n           <\/div>\n                            \n<style>\n#text-box-1041674558 {\n  width: 60%;\n}\n#text-box-1041674558 .text-box-content {\n  font-size: 100%;\n}\n<\/style>\n    <\/div>\n \n\n        <\/div>\n      <\/div>\n\n            \n<style>\n#banner-2127124987 {\n  padding-top: 50%;\n}\n#banner-2127124987 .overlay {\n  background-color: rgba(0, 0, 0, 0);\n}\n#banner-2127124987 .banner-bg img {\n  object-position: 55% 46%;\n}\n@media (min-width:550px) {\n  #banner-2127124987 {\n    padding-top: 50%;\n  }\n}\n@media (min-width:850px) {\n  #banner-2127124987 {\n    padding-top: 800px;\n  }\n}\n<\/style>\n  <\/div>\n\n\n\t<div id=\"gap-1886613620\" class=\"gap-element clearfix\" style=\"display:block; height:auto;\">\n\t\t\n<style>\n#gap-1886613620 {\n  padding-top: 50px;\n}\n<\/style>\n\t<\/div>\n\t\n\n<div class=\"row\"  id=\"row-1404563268\">\n\n\n\t<div id=\"col-1209172444\" class=\"col medium-6 small-12 large-6\"  >\n\t\t\t\t<div class=\"col-inner\"  >\n\t\t\t\n\t\t\t\n\n\t<div id=\"text-2427646811\" class=\"text\">\n\t\t\n\n<h3>Za\u010detni set za mravlje, ki \u017eivijo na travnikih<\/h3>\n<p>Ta za\u010detni set je posebej razvit za mravlje, ki \u017eivijo na travnikih ali poljih. Tla, ki so vklju\u010dena v komplet za polnjenje mravlji\u0161\u010da in arene, zelo dobro sprejemajo vrste iz teh habitatov. Vklju\u010deni \u010depi in mre\u017easte kapice za zapiranje lukenj so prilagojeni za ohranjanje ustreznih podnebnih razmer.<\/p>\n<p>\u00a0<\/p>\n<p style=\"text-align: center;\">Takoj ko bo za\u010detni set premajhen za va\u0161o kolonijo mravelj, ga lahko raz\u0161irite. Vse na\u0161e mravlji\u0161\u010da in arene lahko pove\u017eete s tem kompletom. \u010ce potrebujete druga\u010den material za gnezda, lahko uporabite tudi enega od na\u0161ih vlo\u017ekov za gnezda, na primer pluto ali mavec.<\/p>\n\t\t\n<style>\n#text-2427646811 {\n  text-align: center;\n}\n<\/style>\n\t<\/div>\n\t\n\n\t\t<\/div>\n\t\t\t\t\t<\/div>\n\n\t\n\n\t<div id=\"col-1094941677\" class=\"col medium-6 small-12 large-6\"  >\n\t\t\t\t<div class=\"col-inner\"  >\n\t\t\t\n\t\t\t\n\n\t<div class=\"img has-hover x md-x lg-x y md-y lg-y\" id=\"image_2137025207\">\n\t\t\t\t\t\t\t\t<div class=\"img-inner image-cover dark\" style=\"padding-top:59%;\">\n\t\t\t<img data-recalc-dims=\"1\" loading=\"lazy\" decoding=\"async\" width=\"1020\" height=\"680\" src=\"https:\/\/i0.wp.com\/antcube.shop\/wp-content\/uploads\/2021\/08\/ilona-frey-AMoR8q0vvb8-unsplash-scaled.jpg?resize=1020%2C680&#038;ssl=1\" class=\"attachment-original size-original\" alt=\"\" srcset=\"https:\/\/i0.wp.com\/antcube.shop\/wp-content\/uploads\/2021\/08\/ilona-frey-AMoR8q0vvb8-unsplash-scaled.jpg?w=2560&amp;ssl=1 2560w, https:\/\/i0.wp.com\/antcube.shop\/wp-content\/uploads\/2021\/08\/ilona-frey-AMoR8q0vvb8-unsplash-scaled.jpg?resize=510%2C340&amp;ssl=1 510w, https:\/\/i0.wp.com\/antcube.shop\/wp-content\/uploads\/2021\/08\/ilona-frey-AMoR8q0vvb8-unsplash-scaled.jpg?resize=600%2C400&amp;ssl=1 600w, https:\/\/i0.wp.com\/antcube.shop\/wp-content\/uploads\/2021\/08\/ilona-frey-AMoR8q0vvb8-unsplash-scaled.jpg?resize=1200%2C800&amp;ssl=1 1200w, https:\/\/i0.wp.com\/antcube.shop\/wp-content\/uploads\/2021\/08\/ilona-frey-AMoR8q0vvb8-unsplash-scaled.jpg?resize=768%2C512&amp;ssl=1 768w, https:\/\/i0.wp.com\/antcube.shop\/wp-content\/uploads\/2021\/08\/ilona-frey-AMoR8q0vvb8-unsplash-scaled.jpg?resize=1536%2C1024&amp;ssl=1 1536w, https:\/\/i0.wp.com\/antcube.shop\/wp-content\/uploads\/2021\/08\/ilona-frey-AMoR8q0vvb8-unsplash-scaled.jpg?resize=2048%2C1365&amp;ssl=1 2048w\" sizes=\"auto, (max-width: 1020px) 100vw, 1020px\" \/>\t\t\t\t\t\t\n\t\t\t\t\t<\/div>\n\t\t\t\t\t\t\t\t\n<style>\n#image_2137025207 {\n  width: 100%;\n}\n<\/style>\n\t<\/div>\n\t\n\n\n\t\t<\/div>\n\t\t\t\t\t<\/div>\n\n\t\n\n<\/div>\n<div class=\"row\"  id=\"row-1390385361\">\n\n\n\t<div id=\"col-818348132\" class=\"col small-12 large-12\"  >\n\t\t\t\t<div class=\"col-inner\"  >\n\t\t\t\n\t\t\t\n\n            <div class=\"row\"><div class=\"large-12 col\">\n          <div style=\"background-color:#FFF;\" class=\"slider flipContainer slider-nav-circle slide box-shadow-2\"\n            data-flickity-options='{              \"cellAlign\": \"center\",              \"wrapAround\": true,              \"percentPosition\": true,              \"imagesLoaded\": true,              \"pageDots\": true,              \"contain\": true          }'>\n                        <div class=\"slide\" style=\"background-color:#FFF;\">  <div class=\"row row-collapse align-middle flip-slide\" style=\"width:100%\">\n        <div class=\"large-6 col flip-page-one\">\n        <div class=\"featured-product col-inner\">\n          <a href=\"https:\/\/antcube.shop\/sl\/izdelek\/komplet-za-zagon-cevi-l-20x20-wiese\/\">\n                <div class=\"product-image relative\">\n                   <div class=\"front-image\">\n                    <img loading=\"lazy\" decoding=\"async\" width=\"510\" height=\"510\" src=\"https:\/\/i0.wp.com\/antcube.shop\/wp-content\/uploads\/2023\/02\/Starter-Set-Wiese.jpg?fit=510%2C510&amp;ssl=1\" class=\"attachment-woocommerce_single size-woocommerce_single wp-post-image\" alt=\"Za\u010detni set travnik\" srcset=\"https:\/\/i0.wp.com\/antcube.shop\/wp-content\/uploads\/2023\/02\/Starter-Set-Wiese.jpg?w=750&amp;ssl=1 750w, https:\/\/i0.wp.com\/antcube.shop\/wp-content\/uploads\/2023\/02\/Starter-Set-Wiese.jpg?resize=400%2C400&amp;ssl=1 400w, https:\/\/i0.wp.com\/antcube.shop\/wp-content\/uploads\/2023\/02\/Starter-Set-Wiese.jpg?resize=280%2C280&amp;ssl=1 280w, https:\/\/i0.wp.com\/antcube.shop\/wp-content\/uploads\/2023\/02\/Starter-Set-Wiese.jpg?resize=12%2C12&amp;ssl=1 12w, https:\/\/i0.wp.com\/antcube.shop\/wp-content\/uploads\/2023\/02\/Starter-Set-Wiese.jpg?resize=247%2C247&amp;ssl=1 247w, https:\/\/i0.wp.com\/antcube.shop\/wp-content\/uploads\/2023\/02\/Starter-Set-Wiese.jpg?resize=510%2C510&amp;ssl=1 510w, https:\/\/i0.wp.com\/antcube.shop\/wp-content\/uploads\/2023\/02\/Starter-Set-Wiese.jpg?resize=100%2C100&amp;ssl=1 100w\" sizes=\"auto, (max-width: 510px) 100vw, 510px\" \/>                  <\/div>\n                  \n<div class=\"badge-container absolute left top z-1\">\n\n<\/div>\n                <\/div>\n          <\/a>\n        <\/div>\n        <\/div>\n       <div class=\"large-6 col flip-page-two\">\n        <div class=\"product-info col-inner inner-padding\">\n              <h1 class=\"entry-title\"><a href=\"https:\/\/antcube.shop\/sl\/izdelek\/komplet-za-zagon-cevi-l-20x20-wiese\/\">ANTCUBE Starter Set L - 20\u00d720 - travnik<\/a><\/h1>\n              <div class=\"is-divider medium\"><\/div>\n              <div class=\"price-wrapper\">\n\t<p class=\"price product-page-price\">\n  <span class=\"woocommerce-Price-amount amount\"><bdi>169,90&nbsp;<span class=\"woocommerce-Price-currencySymbol\">\u20ac<\/span><\/bdi><\/span><\/p>\n<\/div>\n<div class=\"product-short-description\">\n\t<p>The set consists of 26 parts and\u00a0is for all ant species that live in fields or meadows.<br \/>\nVelikost: <span style=\"color: #0000ff;\"><strong>L<\/strong><\/span><\/p>\n<\/div>\n<div class=\"product_meta\">\n\n\t\n\n\t\n\t\t<span class=\"sku_wrapper\">\u0160ifra: <span class=\"sku\">1005521<\/span><\/span>\n\n\t\n\t<span class=\"posted_in\">Kategoriji: <a href=\"https:\/\/antcube.shop\/sl\/kategorija-izdelka\/zagonski-kompleti\/\" rel=\"tag\">Za\u010detni kompleti<\/a>, <a href=\"https:\/\/antcube.shop\/sl\/kategorija-izdelka\/zagonski-kompleti\/zacetni-kompleti-habitat\/\" rel=\"tag\">Za\u010detni kompleti Habitat<\/a><\/span>\n\t\n\t\n<\/div>\n              <a href=\"https:\/\/antcube.shop\/sl\/izdelek\/komplet-za-zagon-cevi-l-20x20-wiese\/\" class=\"button\">Preberi ve\u010d<\/a>\n         <\/div>\n        <\/div>\n<\/div>\n<\/div>\n                        <div class=\"slide\" style=\"background-color:#FFF;\">  <div class=\"row row-collapse align-middle flip-slide\" style=\"width:100%\">\n        <div class=\"large-6 col flip-page-one\">\n        <div class=\"featured-product col-inner\">\n          <a href=\"https:\/\/antcube.shop\/sl\/izdelek\/komplet-za-zagon-cevi-m-20x20-wiese\/\">\n                <div class=\"product-image relative\">\n                   <div class=\"front-image\">\n                    <img loading=\"lazy\" decoding=\"async\" width=\"510\" height=\"510\" src=\"https:\/\/i0.wp.com\/antcube.shop\/wp-content\/uploads\/2023\/02\/Starter-Set-Wiese.jpg?fit=510%2C510&amp;ssl=1\" class=\"attachment-woocommerce_single size-woocommerce_single wp-post-image\" alt=\"Za\u010detni set travnik\" srcset=\"https:\/\/i0.wp.com\/antcube.shop\/wp-content\/uploads\/2023\/02\/Starter-Set-Wiese.jpg?w=750&amp;ssl=1 750w, https:\/\/i0.wp.com\/antcube.shop\/wp-content\/uploads\/2023\/02\/Starter-Set-Wiese.jpg?resize=400%2C400&amp;ssl=1 400w, https:\/\/i0.wp.com\/antcube.shop\/wp-content\/uploads\/2023\/02\/Starter-Set-Wiese.jpg?resize=280%2C280&amp;ssl=1 280w, https:\/\/i0.wp.com\/antcube.shop\/wp-content\/uploads\/2023\/02\/Starter-Set-Wiese.jpg?resize=12%2C12&amp;ssl=1 12w, https:\/\/i0.wp.com\/antcube.shop\/wp-content\/uploads\/2023\/02\/Starter-Set-Wiese.jpg?resize=247%2C247&amp;ssl=1 247w, https:\/\/i0.wp.com\/antcube.shop\/wp-content\/uploads\/2023\/02\/Starter-Set-Wiese.jpg?resize=510%2C510&amp;ssl=1 510w, https:\/\/i0.wp.com\/antcube.shop\/wp-content\/uploads\/2023\/02\/Starter-Set-Wiese.jpg?resize=100%2C100&amp;ssl=1 100w\" sizes=\"auto, (max-width: 510px) 100vw, 510px\" \/>                  <\/div>\n                  \n<div class=\"badge-container absolute left top z-1\">\n\n<\/div>\n                <\/div>\n          <\/a>\n        <\/div>\n        <\/div>\n       <div class=\"large-6 col flip-page-two\">\n        <div class=\"product-info col-inner inner-padding\">\n              <h1 class=\"entry-title\"><a href=\"https:\/\/antcube.shop\/sl\/izdelek\/komplet-za-zagon-cevi-m-20x20-wiese\/\">Za\u010detni komplet ANTCUBE M - 20\u00d720 - travnik<\/a><\/h1>\n              <div class=\"is-divider medium\"><\/div>\n              <div class=\"price-wrapper\">\n\t<p class=\"price product-page-price\">\n  <span class=\"woocommerce-Price-amount amount\"><bdi>169,90&nbsp;<span class=\"woocommerce-Price-currencySymbol\">\u20ac<\/span><\/bdi><\/span><\/p>\n<\/div>\n<div class=\"product-short-description\">\n\t<p>The set consists of 26 parts and is for all ant species that live in fields or meadows.<br \/>\nVelikost: <span style=\"background-color: #ffffff; color: #00a859;\"><strong>M<\/strong><\/span><\/p>\n<\/div>\n<div class=\"product_meta\">\n\n\t\n\n\t\n\t\t<span class=\"sku_wrapper\">\u0160ifra: <span class=\"sku\">1005520<\/span><\/span>\n\n\t\n\t<span class=\"posted_in\">Kategoriji: <a href=\"https:\/\/antcube.shop\/sl\/kategorija-izdelka\/zagonski-kompleti\/\" rel=\"tag\">Za\u010detni kompleti<\/a>, <a href=\"https:\/\/antcube.shop\/sl\/kategorija-izdelka\/zagonski-kompleti\/zacetni-kompleti-habitat\/\" rel=\"tag\">Za\u010detni kompleti Habitat<\/a><\/span>\n\t\n\t\n<\/div>\n              <a href=\"https:\/\/antcube.shop\/sl\/izdelek\/komplet-za-zagon-cevi-m-20x20-wiese\/\" class=\"button\">Preberi ve\u010d<\/a>\n         <\/div>\n        <\/div>\n<\/div>\n<\/div>\n                    <\/div>\n          <\/div><\/div>\n          \n\n\n\t\t<\/div>\n\t\t\t\t\t<\/div>\n\n\t\n\n<\/div>","protected":false},"excerpt":{"rendered":"","protected":false},"author":1,"featured_media":0,"parent":1331,"menu_order":0,"comment_status":"closed","ping_status":"closed","template":"","meta":{"_acf_changed":false,"content-type":"","_monsterinsights_skip_tracking":false,"_monsterinsights_sitenote_active":false,"_monsterinsights_sitenote_note":"","_monsterinsights_sitenote_category":0,"footnotes":""},"class_list":["post-1358","page","type-page","status-publish","hentry"],"acf":[],"aioseo_notices":[],"jetpack_sharing_enabled":true,"_links":{"self":[{"href":"https:\/\/antcube.shop\/sl\/wp-json\/wp\/v2\/pages\/1358","targetHints":{"allow":["GET"]}}],"collection":[{"href":"https:\/\/antcube.shop\/sl\/wp-json\/wp\/v2\/pages"}],"about":[{"href":"https:\/\/antcube.shop\/sl\/wp-json\/wp\/v2\/types\/page"}],"author":[{"embeddable":true,"href":"https:\/\/antcube.shop\/sl\/wp-json\/wp\/v2\/users\/1"}],"replies":[{"embeddable":true,"href":"https:\/\/antcube.shop\/sl\/wp-json\/wp\/v2\/comments?post=1358"}],"version-history":[{"count":10,"href":"https:\/\/antcube.shop\/sl\/wp-json\/wp\/v2\/pages\/1358\/revisions"}],"predecessor-version":[{"id":6863,"href":"https:\/\/antcube.shop\/sl\/wp-json\/wp\/v2\/pages\/1358\/revisions\/6863"}],"up":[{"embeddable":true,"href":"https:\/\/antcube.shop\/sl\/wp-json\/wp\/v2\/pages\/1331"}],"wp:attachment":[{"href":"https:\/\/antcube.shop\/sl\/wp-json\/wp\/v2\/media?parent=1358"}],"curies":[{"name":"wp","href":"https:\/\/api.w.org\/{rel}","templated":true}]}}